{"id":31981,"date":"2023-12-19T23:12:09","date_gmt":"2023-12-19T23:12:09","guid":{"rendered":"https:\/\/e.kosmolat.eu\/product\/elskin-snail-secret-sejas-maska-15-g\/"},"modified":"2026-04-22T07:30:55","modified_gmt":"2026-04-22T07:30:55","slug":"elskin-snail-secret-sejas-maska-15-g","status":"publish","type":"product","link":"https:\/\/e.kosmolat.eu\/lv\/product\/elskin-snail-secret-sejas-maska-15-g\/","title":{"rendered":"EL&#8217;SKIN Snail Secret Sejas maska, 15 g"},"content":{"rendered":"<p>Maska ar augstu muc\u012bna saturu atjauno \u0101du, nov\u0113r&scaron; sausumu un lob\u012b&scaron;anos, saglab\u0101jot jaun\u012bbu un pie&scaron;\u0137irot sejai vesel\u012bgu un koptu izskatu.Glieme\u017eu muc\u012bns ir unik\u0101la sast\u0101vda\u013ca, kas rakstur\u012bga ar sp\u0113c\u012bg\u0101m atjaunojo&scaron;\u0101m \u012bpa&scaron;\u012bb\u0101m. Efekt\u012bvi c\u012bn\u0101s ar pigment\u0101ciju, p\u0113caknes plankumiem un papla&scaron;in\u0101t\u0101m por\u0101m, aizsarg\u0101jot \u0101du pret nelabv\u0113l\u012bgajiem \u0101r\u0113jiem faktoriem. Produkts dzi\u013ci uzs\u016bcas derm\u0101, aizpildot grumbas, mitrina \u0101du un baro to. Rezult\u0101t\u0101 \u0101da izskat\u0101s izl\u012bdzin\u0101ta un mirdzo&scaron;a. Regul\u0101ri lietojot l\u012bdzek\u013cus ar muc\u012bnu, \u0101da k\u013c\u016bst elast\u012bg\u0101ka, grumbas k\u013c\u016bst maz\u0101k paman\u0101mas, sejas \u0101das tonis k\u013c\u016bst vienm\u0113r\u012bg\u0101ks.<\/p>\n<p><strong>Lieto&scaron;ana:<\/strong> pirms lieto&scaron;anas masku var atv\u0113sin\u0101t, paturot to ledusskap\u012b ne maz\u0101k par div\u0101m stund\u0101m, vai uzsild\u012bt, ievietojot iepakojumu siltaj\u0101 \u016bden\u012b. Abos gad\u012bjumos maskas efekts pastiprin\u0101sies. 1. Atveriet iepakojumu un iz\u0146emiet masku. 2. Akur\u0101ti pielieciet to pie sejas un izl\u012bdziniet to ar pirkstu gali\u0146iem, atst\u0101jiet uz 15-20 min\u016bt\u0113m. 3. Tad no\u0146emiet masku, un maskas p\u0101rpalikumus iemas\u0113jiet \u0101d\u0101. Nenomazg\u0101jiet. *Lietojiet masku 2-3 reizes ned\u0113\u013c\u0101 vai pirms izie&scaron;anas no m\u0101j\u0101m.&nbsp;<\/p>\n<p><strong>Piesardz\u012bbas pas\u0101kumi: <\/strong>1. Izvair\u012bties no lieto&scaron;anas uz boj\u0101tas, kairin\u0101tas un apdegu&scaron;\u0101s uz saules \u0101das. 2. Nelietot, ja ir paaugstin\u0101ta jut\u012bba pret k\u0101du no maskas sast\u0101vda\u013c\u0101m. Ja lieto&scaron;anas proces\u0101 uz \u0101das rodas aps\u0101rtums un kairin\u0101jums, p\u0101rtrauciet lieto&scaron;anu un v\u0113r&scaron;aties pie \u0101rsta. 3. Izvair\u012bties no iek\u013c\u016b&scaron;anas ac\u012bs, ja iek\u013c\u016bst ac\u012bs noskalojiet ar \u016bdeni. 4. Izvairieties no lieto&scaron;anas uz \u0101das, kas ir jut\u012bga pret p\u0101rs\u0113jiem, pl\u0101ksteriem vai p\u012blinga mask\u0101m. 5. Uzglab\u0101t b\u0113rniem nepieejam\u0101 viet\u0101, temperat\u016br\u0101 no no 0&deg;C l\u012bdz +25&deg;C, sarg\u0101jot no tie&scaron;iem saules stariem. 6. Tikai \u0101r\u012bgai lieto&scaron;anai! Nenor\u012bt!<br \/>\n&nbsp;<\/p>\n","protected":false},"excerpt":{"rendered":"<p>Maska ar augstu muc\u012bna saturu atjauno \u0101du, nov\u0113r&scaron; sausumu un lob\u012b&scaron;anos, saglab\u0101jot jaun\u012bbu un pie&scaron;\u0137irot sejai vesel\u012bgu un koptu izskatu.Glieme\u017eu muc\u012bns ir unik\u0101la sast\u0101vda\u013ca, kas rakstur\u012bga ar sp\u0113c\u012bg\u0101m atjaunojo&scaron;\u0101m \u012bpa&scaron;\u012bb\u0101m. Efekt\u012bvi c\u012bn\u0101s ar pigment\u0101ciju, p\u0113caknes plankumiem un papla&scaron;in\u0101t\u0101m por\u0101m, aizsarg\u0101jot \u0101du pret nelabv\u0113l\u012bgajiem \u0101r\u0113jiem faktoriem. Produkts dzi\u013ci uzs\u016bcas derm\u0101, aizpildot grumbas, mitrina \u0101du un baro [&#8230;]\n","protected":false},"featured_media":90050,"template":"","meta":[],"product_cat":[2182],"product_tag":[],"class_list":{"0":"post-31981","1":"product","2":"type-product","3":"status-publish","4":"has-post-thumbnail","6":"product_brand-skinlite","7":"product_cat-bez-kategorijas-ru","9":"first","10":"instock","11":"taxable","12":"shipping-taxable","13":"product-type-simple"},"_links":{"self":[{"href":"https:\/\/e.kosmolat.eu\/lv\/wp-json\/wp\/v2\/product\/31981","targetHints":{"allow":["GET"]}}],"collection":[{"href":"https:\/\/e.kosmolat.eu\/lv\/wp-json\/wp\/v2\/product"}],"about":[{"href":"https:\/\/e.kosmolat.eu\/lv\/wp-json\/wp\/v2\/types\/product"}],"wp:featuredmedia":[{"embeddable":true,"href":"https:\/\/e.kosmolat.eu\/lv\/wp-json\/wp\/v2\/media\/90050"}],"wp:attachment":[{"href":"https:\/\/e.kosmolat.eu\/lv\/wp-json\/wp\/v2\/media?parent=31981"}],"wp:term":[{"taxonomy":"product_cat","embeddable":true,"href":"https:\/\/e.kosmolat.eu\/lv\/wp-json\/wp\/v2\/product_cat?post=31981"},{"taxonomy":"product_tag","embeddable":true,"href":"https:\/\/e.kosmolat.eu\/lv\/wp-json\/wp\/v2\/product_tag?post=31981"}],"curies":[{"name":"wp","href":"https:\/\/api.w.org\/{rel}","templated":true}]}}