{"id":31969,"date":"2023-12-19T23:11:04","date_gmt":"2023-12-19T23:11:04","guid":{"rendered":"https:\/\/e.kosmolat.eu\/product\/bio-naturell-kremziepes-mango-un-ananass-946-ml\/"},"modified":"2026-04-21T12:12:31","modified_gmt":"2026-04-21T12:12:31","slug":"bio-naturell-kremziepes-mango-un-ananass-946-ml","status":"publish","type":"product","link":"https:\/\/e.kosmolat.eu\/lv\/product\/bio-naturell-kremziepes-mango-un-ananass-946-ml\/","title":{"rendered":"Bio Naturell Kr\u0113mziepes Mango un anan\u0101ss, 946 ml"},"content":{"rendered":"<p>TM Bio Naturell kr\u0113mziepes satur komponentus, kas maigi un efekt\u012bvi att\u012bra \u0101du. Mango e\u013c\u013ca un anan\u0101sa ekstrakts m\u012bkstina \u0101du, padara to elast\u012bg\u0101ku un koptu, nov\u0113r&scaron;ot mitruma zudumu. Veg\u0101nisks produkts.<\/p>\n<p><strong>Lieto&scaron;ana:<\/strong> uzkl\u0101t nepiecie&scaron;amu daudzumu uz rok\u0101m, saputot, nomazg\u0101t ar \u016bdeni.<\/p>\n<p><strong>Piesardz\u012bbas pas\u0101kumi:<\/strong> iesp\u0113jama individu\u0101l\u0101 paaugstin\u0101ta jut\u012bba pret atsevi&scaron;\u0137\u0101m sast\u0101vda\u013c\u0101m.&nbsp;<\/p>\n<p>Uzglab\u0101t temperat\u016br\u0101 no +5&deg;C l\u012bdz +25&deg;C.<br \/>\n&nbsp;<\/p>\n","protected":false},"excerpt":{"rendered":"<p>TM Bio Naturell kr\u0113mziepes satur komponentus, kas maigi un efekt\u012bvi att\u012bra \u0101du. Mango e\u013c\u013ca un anan\u0101sa ekstrakts m\u012bkstina \u0101du, padara to elast\u012bg\u0101ku un koptu, nov\u0113r&scaron;ot mitruma zudumu. Veg\u0101nisks produkts. Lieto&scaron;ana: uzkl\u0101t nepiecie&scaron;amu daudzumu uz rok\u0101m, saputot, nomazg\u0101t ar \u016bdeni. Piesardz\u012bbas pas\u0101kumi: iesp\u0113jama individu\u0101l\u0101 paaugstin\u0101ta jut\u012bba pret atsevi&scaron;\u0137\u0101m sast\u0101vda\u013c\u0101m.&nbsp; Uzglab\u0101t temperat\u016br\u0101 no +5&deg;C l\u012bdz +25&deg;C. &nbsp;<\/p>\n","protected":false},"featured_media":90470,"template":"","meta":[],"product_cat":[1999],"product_tag":[],"class_list":{"0":"post-31969","1":"product","2":"type-product","3":"status-publish","4":"has-post-thumbnail","6":"product_brand-elfa_ua","7":"product_cat-bez-kategorijas","9":"first","10":"instock","11":"taxable","12":"shipping-taxable","13":"product-type-simple"},"_links":{"self":[{"href":"https:\/\/e.kosmolat.eu\/lv\/wp-json\/wp\/v2\/product\/31969","targetHints":{"allow":["GET"]}}],"collection":[{"href":"https:\/\/e.kosmolat.eu\/lv\/wp-json\/wp\/v2\/product"}],"about":[{"href":"https:\/\/e.kosmolat.eu\/lv\/wp-json\/wp\/v2\/types\/product"}],"wp:featuredmedia":[{"embeddable":true,"href":"https:\/\/e.kosmolat.eu\/lv\/wp-json\/wp\/v2\/media\/90470"}],"wp:attachment":[{"href":"https:\/\/e.kosmolat.eu\/lv\/wp-json\/wp\/v2\/media?parent=31969"}],"wp:term":[{"taxonomy":"product_cat","embeddable":true,"href":"https:\/\/e.kosmolat.eu\/lv\/wp-json\/wp\/v2\/product_cat?post=31969"},{"taxonomy":"product_tag","embeddable":true,"href":"https:\/\/e.kosmolat.eu\/lv\/wp-json\/wp\/v2\/product_tag?post=31969"}],"curies":[{"name":"wp","href":"https:\/\/api.w.org\/{rel}","templated":true}]}}