{"id":31961,"date":"2023-12-19T23:10:12","date_gmt":"2023-12-19T23:10:12","guid":{"rendered":"https:\/\/e.kosmolat.eu\/product\/glabejs-forte-balzams-ar-piena-lipid-aizsardz-un-atjaunos-30-g\/"},"modified":"2026-04-23T07:11:07","modified_gmt":"2026-04-23T07:11:07","slug":"glabejs-forte-balzams-ar-piena-lipid-aizsardz-un-atjaunos-30-g","status":"publish","type":"product","link":"https:\/\/e.kosmolat.eu\/lv\/product\/glabejs-forte-balzams-ar-piena-lipid-aizsardz-un-atjaunos-30-g\/","title":{"rendered":"Gl\u0101b\u0113js Forte Balzams ar piena lip\u012bd. Aizsardz. un atjauno\u0161., 30 g"},"content":{"rendered":"<p>Efekt\u012bvs bez\u016bdens kosm\u0113tiskais l\u012bdzeklis uz piena lip\u012bdu pamata. Pielietojams visa \u0137erme\u0146a \u0101dai. Balzamam piem\u012bt lieliska barojo&scaron;a, atjaunojo&scaron;a un intens\u012bvi nomierino&scaron;a iedarb\u012bba.Ide\u0101li piem\u0113rots sausas un jut\u012bgas \u0101das kop&scaron;anai un \u0101dai, kas ir jut\u012bga pret apk\u0101rt\u0113j\u0101s vides kait\u012bgiem faktoriem. Intens\u012bvi mitrina \u0101du ar noslieci uz plais\u0101&scaron;anu, padarot to maig\u0101ku un elast\u012bg\u0101ku. Pal\u012bdz pret saules apdegumiem un aizsarg\u0101 pret aukstas vai zemas temperat\u016bras iedarb\u012bbas. Nostiprina \u0101das hidrolip\u012bdu sl\u0101ni, kas aizsarg\u0101 to pret mitruma zudumu. L\u012bdzek\u013ca dab\u012bgais sast\u0101vs nosaka t\u0101 specifisko smar\u017eu.<\/p>\n<p><strong>Lieto&scaron;ana:<\/strong> uzkl\u0101t balzamu uz \u0101das tie&scaron;i no t\u016bbas. Balzama konsistence main\u0101s no biez\u0101s uz &scaron;\u0137idro, jo t\u0101 k\u016b&scaron;anas temperat\u016bra ir 37&deg;C. Akt\u012bv\u0101s iedarb\u012bbas rezult\u0101ts b\u016bs redzams p\u0113c 5-15 min\u016bt\u0113m p\u0113c l\u012bdzek\u013ca uzkl\u0101&scaron;anas. Lab\u0101kam rezult\u0101tam uzkl\u0101t balamu 1-3 reizes ik p\u0113c 2-3 stund\u0101m.&nbsp;<\/p>\n<p><strong>Kontrindik\u0101cijas:<\/strong> individu\u0101la sast\u0101vda\u013cu nepanesam\u012bba.<\/p>\n<p>Uzglab\u0101t temperat\u016br\u0101 no +2&deg;C l\u012bdz +25&deg;C.&nbsp;<\/p>\n","protected":false},"excerpt":{"rendered":"<p>Efekt\u012bvs bez\u016bdens kosm\u0113tiskais l\u012bdzeklis uz piena lip\u012bdu pamata. Pielietojams visa \u0137erme\u0146a \u0101dai. Balzamam piem\u012bt lieliska barojo&scaron;a, atjaunojo&scaron;a un intens\u012bvi nomierino&scaron;a iedarb\u012bba.Ide\u0101li piem\u0113rots sausas un jut\u012bgas \u0101das kop&scaron;anai un \u0101dai, kas ir jut\u012bga pret apk\u0101rt\u0113j\u0101s vides kait\u012bgiem faktoriem. Intens\u012bvi mitrina \u0101du ar noslieci uz plais\u0101&scaron;anu, padarot to maig\u0101ku un elast\u012bg\u0101ku. Pal\u012bdz pret saules apdegumiem un aizsarg\u0101 [&#8230;]\n","protected":false},"featured_media":90462,"template":"","meta":[],"product_cat":[1388],"product_tag":[],"class_list":{"0":"post-31961","1":"product","2":"type-product","3":"status-publish","4":"has-post-thumbnail","6":"product_brand-elpis","7":"product_cat-kermena-kremi-pienini-sviesti","9":"first","10":"instock","11":"taxable","12":"shipping-taxable","13":"product-type-simple"},"_links":{"self":[{"href":"https:\/\/e.kosmolat.eu\/lv\/wp-json\/wp\/v2\/product\/31961","targetHints":{"allow":["GET"]}}],"collection":[{"href":"https:\/\/e.kosmolat.eu\/lv\/wp-json\/wp\/v2\/product"}],"about":[{"href":"https:\/\/e.kosmolat.eu\/lv\/wp-json\/wp\/v2\/types\/product"}],"wp:featuredmedia":[{"embeddable":true,"href":"https:\/\/e.kosmolat.eu\/lv\/wp-json\/wp\/v2\/media\/90462"}],"wp:attachment":[{"href":"https:\/\/e.kosmolat.eu\/lv\/wp-json\/wp\/v2\/media?parent=31961"}],"wp:term":[{"taxonomy":"product_cat","embeddable":true,"href":"https:\/\/e.kosmolat.eu\/lv\/wp-json\/wp\/v2\/product_cat?post=31961"},{"taxonomy":"product_tag","embeddable":true,"href":"https:\/\/e.kosmolat.eu\/lv\/wp-json\/wp\/v2\/product_tag?post=31961"}],"curies":[{"name":"wp","href":"https:\/\/api.w.org\/{rel}","templated":true}]}}