{"id":31949,"date":"2023-12-19T23:09:03","date_gmt":"2023-12-19T23:09:03","guid":{"rendered":"https:\/\/e.kosmolat.eu\/product\/me-too-vannas-putas-juras-sals-un-citronzale-1-l\/"},"modified":"2026-04-21T09:50:45","modified_gmt":"2026-04-21T09:50:45","slug":"me-too-vannas-putas-juras-sals-un-citronzale-1-l","status":"publish","type":"product","link":"https:\/\/e.kosmolat.eu\/lv\/product\/me-too-vannas-putas-juras-sals-un-citronzale-1-l\/","title":{"rendered":"Me Too Vannas putas J\u016bras s\u0101ls un citronz\u0101le, 1 l"},"content":{"rendered":"<p>Maigas putas ar j\u016bras s\u0101ls un citronz\u0101les arom\u0101tu p\u0101rv\u0113rt\u012bs vanno&scaron;anos par baud\u012bjumu. \u012apa&scaron;i izstr\u0101d\u0101ta formula ir ide\u0101li piem\u0113rota ikdienas lieto&scaron;anai. Putas maigi att\u012bra un kopj \u0101du, ap\u0146emot J\u016bsu \u0137ermeni ar pat\u012bkamu arom\u0101tu.<\/p>\n","protected":false},"excerpt":{"rendered":"<p>Maigas putas ar j\u016bras s\u0101ls un citronz\u0101les arom\u0101tu p\u0101rv\u0113rt\u012bs vanno&scaron;anos par baud\u012bjumu. \u012apa&scaron;i izstr\u0101d\u0101ta formula ir ide\u0101li piem\u0113rota ikdienas lieto&scaron;anai. Putas maigi att\u012bra un kopj \u0101du, ap\u0146emot J\u016bsu \u0137ermeni ar pat\u012bkamu arom\u0101tu.<\/p>\n","protected":false},"featured_media":90454,"template":"","meta":[],"product_cat":[1610],"product_tag":[],"class_list":{"0":"post-31949","1":"product","2":"type-product","3":"status-publish","4":"has-post-thumbnail","6":"product_brand-vento_cz","7":"product_cat-vannas-putas-sali-bumbas","9":"first","10":"instock","11":"taxable","12":"shipping-taxable","13":"product-type-simple"},"_links":{"self":[{"href":"https:\/\/e.kosmolat.eu\/lv\/wp-json\/wp\/v2\/product\/31949","targetHints":{"allow":["GET"]}}],"collection":[{"href":"https:\/\/e.kosmolat.eu\/lv\/wp-json\/wp\/v2\/product"}],"about":[{"href":"https:\/\/e.kosmolat.eu\/lv\/wp-json\/wp\/v2\/types\/product"}],"wp:featuredmedia":[{"embeddable":true,"href":"https:\/\/e.kosmolat.eu\/lv\/wp-json\/wp\/v2\/media\/90454"}],"wp:attachment":[{"href":"https:\/\/e.kosmolat.eu\/lv\/wp-json\/wp\/v2\/media?parent=31949"}],"wp:term":[{"taxonomy":"product_cat","embeddable":true,"href":"https:\/\/e.kosmolat.eu\/lv\/wp-json\/wp\/v2\/product_cat?post=31949"},{"taxonomy":"product_tag","embeddable":true,"href":"https:\/\/e.kosmolat.eu\/lv\/wp-json\/wp\/v2\/product_tag?post=31949"}],"curies":[{"name":"wp","href":"https:\/\/api.w.org\/{rel}","templated":true}]}}