{"id":31917,"date":"2023-12-19T23:05:05","date_gmt":"2023-12-19T23:05:05","guid":{"rendered":"https:\/\/e.kosmolat.eu\/product\/favor-matu-krasas-nonemsanas-lidz-2-x-200-ml\/"},"modified":"2026-04-22T11:00:56","modified_gmt":"2026-04-22T11:00:56","slug":"favor-matu-krasas-nonemsanas-lidz-2-x-200-ml","status":"publish","type":"product","link":"https:\/\/e.kosmolat.eu\/lv\/product\/favor-matu-krasas-nonemsanas-lidz-2-x-200-ml\/","title":{"rendered":"FAVOR Matu kr\u0101sas no\u0146em\u0161anas l\u012bdz. (2 x 200 ml)"},"content":{"rendered":"<p><strong>KOMPLEKT\u0100:<\/strong><br \/>\n&bull;&nbsp;&nbsp; &nbsp;Atjauno&scaron;anas l\u012bdzeklis, 200 ml;<br \/>\n&bull;&nbsp;&nbsp; &nbsp;Aktivators, 200 ml;<br \/>\n&bull;&nbsp;&nbsp; &nbsp;Cimdi;<br \/>\n&bull;&nbsp;&nbsp; &nbsp;Lieto&scaron;anas instrukcija.<\/p>\n<p>Divkomponentu l\u012bdzeklis ir paredz\u0113ts da\u013c\u0113jai vai piln\u012bgai oksid\u0113jo&scaron;o kr\u0101su no\u0146em&scaron;anai no matiem. Nesatur amonjaku un balino&scaron;as sast\u0101vda\u013cas. Neizgaismo matus. Neaizvieto standarta matu balin\u0101&scaron;anas proced\u016bru. Neietekm\u0113 dabisko matu pigmentu. Produkts var no\u0146emt kr\u0101su l\u012bdz pat 3 to\u0146iem.<\/p>\n<p><strong>SVAR\u012aGI!<\/strong> Matu kr\u0101sas izskalo&scaron;anas rezult\u0101ts ir atkar\u012bgs no iepriek&scaron;\u0113jo kr\u0101sojumu daudzuma un kr\u0101sas uzkr\u0101&scaron;an\u0101s pak\u0101pes matos.<\/p>\n<p><strong>PIESARDZ\u012aBAS PAS\u0100KUMI:<\/strong><br \/>\n&bull;&nbsp;&nbsp; &nbsp;Uzman\u012bgi iepaz\u012bties ar lieto&scaron;anas instrukciju;<br \/>\n&bull;&nbsp;&nbsp; &nbsp;UZMAN\u012aBU! Produkts var izrais\u012bt smagu aler\u0123isku reakciju. Pirms lieto&scaron;anas veiciet \u0101das jut\u012bguma testu.<br \/>\n&bull;&nbsp;&nbsp; &nbsp;Nelietot, ja par\u0101d\u0101s aler\u0123iska reakcija un gad\u012bjumos, ja galvas \u0101da ir iekaisusi vai ir boj\u0101ta matu strukt\u016bra;<br \/>\n&bull;&nbsp;&nbsp; &nbsp;Uzglab\u0101t b\u0113rniem nepieejam\u0101 viet\u0101;<br \/>\n&bull;&nbsp;&nbsp; &nbsp;Veikt darb\u012bbu cimdos labi v\u0113din\u0101m\u0101 telp\u0101. Izvairieties no saskares ar ap\u0123\u0113rbu;<br \/>\n&bull;&nbsp;&nbsp; &nbsp;Izvairieties no saskares ar ac\u012bm. Ja nok\u013c\u016bst ac\u012bs, nekav\u0113joties izskalot t\u0101s ar lielu daudzumu \u016bdens, nepiecie&scaron;am\u012bbas gad\u012bjum\u0101 v\u0113rsties pie \u0101rsta.<br \/>\n&bull;&nbsp;&nbsp; &nbsp;Izmantot tikai notur\u012bgu (oksid\u0113jo&scaron;u) kr\u0101su no\u0146em&scaron;anai;<br \/>\n&bull;&nbsp;&nbsp; &nbsp;Ja neesat piln\u012bgi p\u0101rliecin\u0101ts, ar k\u0101du kr\u0101su j\u016bsu mati tika iepriek&scaron; apstr\u0101d\u0101ti, ieteicams veikt iepriek&scaron;\u0113ju p\u0101rbaudi uz vienas matu &scaron;\u0137ipsnas;<br \/>\n&bull;&nbsp;&nbsp; &nbsp;Pirms katras atk\u0101rtotas lieto&scaron;anas sagatavot jaunu mais\u012bjuma porciju.<\/p>\n<p><strong>UZGLAB\u0100&Scaron;ANAS NOTEIKUMI: <\/strong>Uzglab\u0101t l\u012bdzekli temperat\u016br\u0101 no +5&deg;C l\u012bdz +25&deg;C, sarg\u0101jot no tie&scaron;iem saules stariem un ne maz\u0101k k\u0101 0,5 m no apkures ier\u012bc\u0113m. Utiliz\u0113t k\u0101 sadz\u012bves atkritumus.<\/p>\n<p><strong>DER\u012aGUMA TERMI\u0145&Scaron;: <\/strong>24 m\u0113ne&scaron;i no izgatavo&scaron;anas datuma.<\/p>\n<p>\n&nbsp;<\/p>\n","protected":false},"excerpt":{"rendered":"<p>KOMPLEKT\u0100: &bull;&nbsp;&nbsp; &nbsp;Atjauno&scaron;anas l\u012bdzeklis, 200 ml; &bull;&nbsp;&nbsp; &nbsp;Aktivators, 200 ml; &bull;&nbsp;&nbsp; &nbsp;Cimdi; &bull;&nbsp;&nbsp; &nbsp;Lieto&scaron;anas instrukcija. Divkomponentu l\u012bdzeklis ir paredz\u0113ts da\u013c\u0113jai vai piln\u012bgai oksid\u0113jo&scaron;o kr\u0101su no\u0146em&scaron;anai no matiem. Nesatur amonjaku un balino&scaron;as sast\u0101vda\u013cas. Neizgaismo matus. Neaizvieto standarta matu balin\u0101&scaron;anas proced\u016bru. Neietekm\u0113 dabisko matu pigmentu. Produkts var no\u0146emt kr\u0101su l\u012bdz pat 3 to\u0146iem. SVAR\u012aGI! Matu kr\u0101sas izskalo&scaron;anas [&#8230;]\n","protected":false},"featured_media":89962,"template":"","meta":[],"product_cat":[1662],"product_tag":[],"class_list":{"0":"post-31917","1":"product","2":"type-product","3":"status-publish","4":"has-post-thumbnail","6":"product_brand-supermash_ua","7":"product_cat-1662","9":"first","10":"instock","11":"taxable","12":"shipping-taxable","13":"product-type-simple"},"_links":{"self":[{"href":"https:\/\/e.kosmolat.eu\/lv\/wp-json\/wp\/v2\/product\/31917","targetHints":{"allow":["GET"]}}],"collection":[{"href":"https:\/\/e.kosmolat.eu\/lv\/wp-json\/wp\/v2\/product"}],"about":[{"href":"https:\/\/e.kosmolat.eu\/lv\/wp-json\/wp\/v2\/types\/product"}],"wp:featuredmedia":[{"embeddable":true,"href":"https:\/\/e.kosmolat.eu\/lv\/wp-json\/wp\/v2\/media\/89962"}],"wp:attachment":[{"href":"https:\/\/e.kosmolat.eu\/lv\/wp-json\/wp\/v2\/media?parent=31917"}],"wp:term":[{"taxonomy":"product_cat","embeddable":true,"href":"https:\/\/e.kosmolat.eu\/lv\/wp-json\/wp\/v2\/product_cat?post=31917"},{"taxonomy":"product_tag","embeddable":true,"href":"https:\/\/e.kosmolat.eu\/lv\/wp-json\/wp\/v2\/product_tag?post=31917"}],"curies":[{"name":"wp","href":"https:\/\/api.w.org\/{rel}","templated":true}]}}