{"id":31913,"date":"2023-12-19T23:04:36","date_gmt":"2023-12-19T23:04:36","guid":{"rendered":"https:\/\/e.kosmolat.eu\/product\/leda-style-matu-laka-superfiksaicija-160-ml\/"},"modified":"2026-04-15T14:02:21","modified_gmt":"2026-04-15T14:02:21","slug":"leda-style-matu-laka-superfiksaicija-160-ml","status":"publish","type":"product","link":"https:\/\/e.kosmolat.eu\/lv\/product\/leda-style-matu-laka-superfiksaicija-160-ml\/","title":{"rendered":"LEDA STYLE Matu laka Superfiks\u0101icija, 160 ml"},"content":{"rendered":"<p>Nodro&scaron;ina \u012bpa&scaron;i stipru fiks\u0101ciju, pie&scaron;\u0137ir apjomu, nenoslogo matus. Viegli \u0137emm\u0113jama un nomazg\u0101jama.<\/p>\n<p><strong>Lieto&scaron;ana: <\/strong>izsmidzin\u0101t laku no 30 cm att\u0101luma. Lai pie&scaron;\u0137irtu apjomu, uzkl\u0101t uz matu sakn\u0113m.<\/p>\n<p><strong>Piesardz\u012bbas pas\u0101kumi: <\/strong>tikai \u0101r\u012bgai lieto&scaron;anai. Sarg\u0101t no tie&scaron;iem saules stariem un nepak\u013caut temperat\u016brai virs 50&deg;C. Nesmidzin\u0101t atkl\u0101tas liesmas un karstu priek&scaron;metu tuvum\u0101. Neieelpot izsmidzin\u0101jumu un nesmidzin\u0101t ac\u012bs.&nbsp;Nelietot uz iekaisu&scaron;as vai boj\u0101tas \u0101das. Uzglab\u0101t b\u0113rniem nepieejam\u0101 viet\u0101.<\/p>\n<p><strong>B\u012bstami!<\/strong> \u012apa&scaron;i viegli uzliesmojo&scaron;s aerosols. Izvairieties no saskares ar ac\u012bm. Ja nok\u013c\u016bst ac\u012bs, izskalojiet t\u0101s ar \u016bdeni.<\/p>\n<p>Uzglab\u0101t temperat\u016br\u0101 no -5&deg;C l\u012bdz +30&deg;C, cie&scaron;i nosl\u0113gt\u0101 trauk\u0101, vertik\u0101l\u0101 st\u0101vokl\u012b, prom no atkl\u0101tas liesmas un karstuma avotiem. Izmest tuk&scaron;o iepakojumu k\u0101 sadz\u012bves atkritumus.<br \/>\n&nbsp;<\/p>\n","protected":false},"excerpt":{"rendered":"<p>Nodro&scaron;ina \u012bpa&scaron;i stipru fiks\u0101ciju, pie&scaron;\u0137ir apjomu, nenoslogo matus. Viegli \u0137emm\u0113jama un nomazg\u0101jama. Lieto&scaron;ana: izsmidzin\u0101t laku no 30 cm att\u0101luma. Lai pie&scaron;\u0137irtu apjomu, uzkl\u0101t uz matu sakn\u0113m. Piesardz\u012bbas pas\u0101kumi: tikai \u0101r\u012bgai lieto&scaron;anai. Sarg\u0101t no tie&scaron;iem saules stariem un nepak\u013caut temperat\u016brai virs 50&deg;C. Nesmidzin\u0101t atkl\u0101tas liesmas un karstu priek&scaron;metu tuvum\u0101. Neieelpot izsmidzin\u0101jumu un nesmidzin\u0101t ac\u012bs.&nbsp;Nelietot uz iekaisu&scaron;as [&#8230;]\n","protected":false},"featured_media":89958,"template":"","meta":[],"product_cat":[1999],"product_tag":[],"class_list":{"0":"post-31913","1":"product","2":"type-product","3":"status-publish","4":"has-post-thumbnail","6":"product_brand-supermash_ua","7":"product_cat-bez-kategorijas","9":"first","10":"instock","11":"taxable","12":"shipping-taxable","13":"product-type-simple"},"_links":{"self":[{"href":"https:\/\/e.kosmolat.eu\/lv\/wp-json\/wp\/v2\/product\/31913","targetHints":{"allow":["GET"]}}],"collection":[{"href":"https:\/\/e.kosmolat.eu\/lv\/wp-json\/wp\/v2\/product"}],"about":[{"href":"https:\/\/e.kosmolat.eu\/lv\/wp-json\/wp\/v2\/types\/product"}],"wp:featuredmedia":[{"embeddable":true,"href":"https:\/\/e.kosmolat.eu\/lv\/wp-json\/wp\/v2\/media\/89958"}],"wp:attachment":[{"href":"https:\/\/e.kosmolat.eu\/lv\/wp-json\/wp\/v2\/media?parent=31913"}],"wp:term":[{"taxonomy":"product_cat","embeddable":true,"href":"https:\/\/e.kosmolat.eu\/lv\/wp-json\/wp\/v2\/product_cat?post=31913"},{"taxonomy":"product_tag","embeddable":true,"href":"https:\/\/e.kosmolat.eu\/lv\/wp-json\/wp\/v2\/product_tag?post=31913"}],"curies":[{"name":"wp","href":"https:\/\/api.w.org\/{rel}","templated":true}]}}