{"id":31909,"date":"2023-12-19T23:04:13","date_gmt":"2023-12-19T23:04:13","guid":{"rendered":"https:\/\/e.kosmolat.eu\/product\/blondex-super-allant-un-hitoz-matu-balinas-lidz-1x20g-2x25ml-1x15ml\/"},"modified":"2026-04-09T10:37:28","modified_gmt":"2026-04-09T10:37:28","slug":"blondex-super-allant-un-hitoz-matu-balinas-lidz-1x20g-2x25ml-1x15ml","status":"publish","type":"product","link":"https:\/\/e.kosmolat.eu\/lv\/product\/blondex-super-allant-un-hitoz-matu-balinas-lidz-1x20g-2x25ml-1x15ml\/","title":{"rendered":"BLONDEX Super Allant. un hitoz. Matu balin\u0101\u0161. l\u012bdz. (1x20g\/ 2x25ml \/ 1x15ml)"},"content":{"rendered":"<p><strong>KOMPLEKT\u0100:<\/strong><br \/>\n&bull;&nbsp;&nbsp; &nbsp;matu balin\u0101&scaron;anas l\u012bdzeklis, 20 g;<br \/>\n&bull;&nbsp;&nbsp; &nbsp;kr\u0113ms-oksid\u0113t\u0101js 9%, 2 x 25 ml;<br \/>\n&bull;&nbsp;&nbsp; &nbsp;matu balzams, 15 ml;<br \/>\n&bull;&nbsp;&nbsp; &nbsp;cimdi;<br \/>\n&bull;&nbsp;&nbsp; &nbsp;lieto&scaron;anas instrukcija.<\/p>\n<p><strong>PIESARDZ\u012aBAS PAS\u0100KUMI:<\/strong><br \/>\n&bull;&nbsp;&nbsp; &nbsp;Uzman\u012bgi iepaz\u012bties ar lieto&scaron;anas instrukciju;<br \/>\n&bull;&nbsp;&nbsp; &nbsp;Pirms l\u012bdzek\u013ca lieto&scaron;anas ieteicams veikt \u0101das aler\u0123ijas testu vismaz 24 stundas iepriek&scaron;, pat ja esat agr\u0101k lietojis l\u012bdz\u012bgu produktu;<br \/>\n&bull;&nbsp;&nbsp; &nbsp;Nelietot, ja par\u0101d\u0101s aler\u0123iska reakcija un gad\u012bjumos, ja galvas \u0101da ir iekaisusi vai ir boj\u0101ta matu strukt\u016bra;<br \/>\n&bull;&nbsp;&nbsp; &nbsp;Darb\u012bbas laik\u0101 neizmantojiet met\u0101la priek&scaron;metus;<br \/>\n&bull;&nbsp;&nbsp; &nbsp;Izvairieties no saskares ar ac\u012bm. Ja nok\u013c\u016bst ac\u012bs, nekav\u0113joties t\u0101s izskalojiet ar \u016bdeni;<br \/>\n&bull;&nbsp;&nbsp; &nbsp;Matu balin\u0101&scaron;ana ir j\u0101veic tikai cimdos;<br \/>\n&bull;&nbsp;&nbsp; &nbsp;Uzglab\u0101t b\u0113rniem nepieejam\u0101 viet\u0101;<br \/>\n&bull;&nbsp;&nbsp; &nbsp;Lietojiet l\u012bdzekli ne agr\u0101k k\u0101 2-3 dienas p\u0113c matu mazg\u0101&scaron;anas un 6-7 dienas p\u0113c matu \u0137\u012bmisk\u0101s apstr\u0101des;<br \/>\n&bull;&nbsp;&nbsp; &nbsp;Nelietojiet l\u012bdzekli, ja mati bija kr\u0101soti ar hennu;<br \/>\n&bull;&nbsp;&nbsp; &nbsp;Nelietot uzacu un skropstu balin\u0101&scaron;anai;<br \/>\n&bull;&nbsp;&nbsp; &nbsp;Neieelpojiet un nenorijiet produktu;<br \/>\n&bull;&nbsp;&nbsp; &nbsp;Nelietojiet produktu, ja:<br \/>\n&#8211; jums k\u0101dreiz ir bijusi aler\u0123iska reakcija p\u0113c l\u012bdz\u012bgu matu kr\u0101so&scaron;anas vai balin\u0101&scaron;anas l\u012bdzek\u013cu lieto&scaron;anas;<br \/>\n&#8211; galvas \u0101da ir p\u0101r\u0101k jut\u012bga, boj\u0101ta vai kairin\u0101ta.<br \/>\nOksid\u0113jo&scaron;ais kr\u0113ms satur \u016bde\u0146ra\u017ea peroks\u012bdu.<\/p>\n<p><strong>\u0100DAS JUT\u012aGUMA TESTS: <\/strong>Samaisiet attiec\u012bb\u0101 1:2,5 matu izgaismot\u0101ju ar kr\u0113mu-oksid\u0113t\u0101ju l\u012bdz ieg\u016bstat viendab\u012bgu masu. Uzkl\u0101jiet nelielu daudzumu pl\u0101n\u0101 k\u0101rt\u0101 uz elko\u0146a iek&scaron;puses un atst\u0101jiet iedarboties 30 min\u016btes. R\u016bp\u012bgi izskalojiet ar siltu \u016bdeni. Ja testa laik\u0101 vai 24 stundu laik\u0101 rodas reakcija, nelietojiet &scaron;o matu balin\u0101t\u0101ju.&nbsp;<\/p>\n<p><strong>BALINO&Scaron;\u0100 MAIS\u012aJUMA PAGATAVO&Scaron;ANA:<\/strong> Mais\u012bjums j\u0101sagatavo tie&scaron;i pirms lieto&scaron;anas. Uzvelciet cimdus. Iepakojuma saturu ar kr\u0113mu-oksid\u0113t\u0101ju un matu balin\u0101&scaron;anas l\u012bdzekli p\u0101rnest nemet\u0101lisk\u0101 trauk\u0101, k\u0101rt\u012bgi samais\u012bt, l\u012bdz ieg\u016bta viendab\u012bga kr\u0113m\u012bg\u0101 masa.<\/p>\n<p><strong>PIRMREIZ\u0112JA MATU BALIN\u0100&Scaron;ANA:&nbsp;<\/strong>P\u0101rkl\u0101jiet plecus ar dvieli. Ieg\u016bto mais\u012bjumu vienm\u0113r\u012bgi uzkl\u0101t uz nemazg\u0101tiem, sausiem matiem, sadalot tos 1 &ndash; 1,5 cm &scaron;\u0137ipsn\u0101s. Izsm\u0113r\u0113jiet vis\u0101 matu garum\u0101. &nbsp;Kop\u0113jais balin\u0101&scaron;anas laiks ir 10-45 min\u016btes un ir atkar\u012bgs no matu strukt\u016bras un v\u0113lam\u0101s izgaismo&scaron;anas pak\u0101pes.<\/p>\n<p><strong>ATK\u0100RTOTA BALIN\u0100&Scaron;ANA:<\/strong> Ataugu&scaron;o matu sak\u0146u balin\u0101&scaron;anai uzkl\u0101t mais\u012bjumu tikai uz sakn\u0113m atbilsto&scaron;i izv\u0113l\u0113tajai izgaismo&scaron;anas pak\u0101pei.<\/p>\n<p><strong>MATU KOP&Scaron;ANA P\u0112C BALIN\u0100&Scaron;ANAS: <\/strong>P\u0113c matu balin\u0101&scaron;anas, r\u016bp\u012bgi izskalojiet tos ar siltu \u016bdeni un izmazg\u0101jiet ar &scaron;amp\u016bnu. Uzkl\u0101jiet Blondex balzamu uz t\u012briem matiem, lai pie&scaron;\u0137irtu tiem sp\u012bdumu.<\/p>\n<p><strong>UZGLAB\u0100&Scaron;ANAS NOTEIKUMI:<\/strong> Uzglab\u0101t temperat\u016br\u0101, kas nep\u0101rsniedz +25 &deg;C, viet\u0101, kur relat\u012bvais gaisa mitrums nep\u0101rsniedz 80%, sarg\u0101jot no tie&scaron;iem saules stariem un ne maz\u0101k k\u0101 0,5 m no apkures ier\u012bc\u0113m. Utiliz\u0113t k\u0101 sadz\u012bves atkritumus.<\/p>\n<table border=\"1\" cellpadding=\"1\" cellspacing=\"1\" style=\"width:500px\">\n<tbody>\n<tr>\n<td colspan=\"1\" rowspan=\"2\">S\u0101kotn\u0113j\u0101 matu kr\u0101sa<\/td>\n<td colspan=\"3\" rowspan=\"1\">Iztur\u0113&scaron;anas laiks<\/td>\n<\/tr>\n<tr>\n<td>&nbsp; 10-15 min<\/td>\n<td>15-30 min<\/td>\n<td>30-45 min<\/td>\n<\/tr>\n<tr>\n<td>Gai&scaron;a<\/td>\n<td>Gai&scaron;i blonds<\/td>\n<td>\u013boti gai&scaron;i blonds<\/td>\n<td>Nav ieteicams<\/td>\n<\/tr>\n<tr>\n<td>Vid\u0113ja<\/td>\n<td>Dab\u012bgi blonds<\/td>\n<td>Gai&scaron;i blonds<\/td>\n<td>\u013boti gai&scaron;i blonds<\/td>\n<\/tr>\n<tr>\n<td>Tum&scaron;a<\/td>\n<td>Par 1-2 to\u0146iem gai&scaron;\u0101ks<\/td>\n<td>Dab\u012bgi blonds<\/td>\n<td>Gai&scaron;i blonds<\/td>\n<\/tr>\n<\/tbody>\n<\/table>\n<p>\n&nbsp;<\/p>\n","protected":false},"excerpt":{"rendered":"<p>KOMPLEKT\u0100: &bull;&nbsp;&nbsp; &nbsp;matu balin\u0101&scaron;anas l\u012bdzeklis, 20 g; &bull;&nbsp;&nbsp; &nbsp;kr\u0113ms-oksid\u0113t\u0101js 9%, 2 x 25 ml; &bull;&nbsp;&nbsp; &nbsp;matu balzams, 15 ml; &bull;&nbsp;&nbsp; &nbsp;cimdi; &bull;&nbsp;&nbsp; &nbsp;lieto&scaron;anas instrukcija. PIESARDZ\u012aBAS PAS\u0100KUMI: &bull;&nbsp;&nbsp; &nbsp;Uzman\u012bgi iepaz\u012bties ar lieto&scaron;anas instrukciju; &bull;&nbsp;&nbsp; &nbsp;Pirms l\u012bdzek\u013ca lieto&scaron;anas ieteicams veikt \u0101das aler\u0123ijas testu vismaz 24 stundas iepriek&scaron;, pat ja esat agr\u0101k lietojis l\u012bdz\u012bgu produktu; &bull;&nbsp;&nbsp; &nbsp;Nelietot, ja [&#8230;]\n","protected":false},"featured_media":89950,"template":"","meta":[],"product_cat":[1999],"product_tag":[],"class_list":{"0":"post-31909","1":"product","2":"type-product","3":"status-publish","4":"has-post-thumbnail","6":"product_brand-supermash_ua","7":"product_cat-bez-kategorijas","9":"first","10":"instock","11":"taxable","12":"shipping-taxable","13":"product-type-simple"},"_links":{"self":[{"href":"https:\/\/e.kosmolat.eu\/lv\/wp-json\/wp\/v2\/product\/31909","targetHints":{"allow":["GET"]}}],"collection":[{"href":"https:\/\/e.kosmolat.eu\/lv\/wp-json\/wp\/v2\/product"}],"about":[{"href":"https:\/\/e.kosmolat.eu\/lv\/wp-json\/wp\/v2\/types\/product"}],"wp:featuredmedia":[{"embeddable":true,"href":"https:\/\/e.kosmolat.eu\/lv\/wp-json\/wp\/v2\/media\/89950"}],"wp:attachment":[{"href":"https:\/\/e.kosmolat.eu\/lv\/wp-json\/wp\/v2\/media?parent=31909"}],"wp:term":[{"taxonomy":"product_cat","embeddable":true,"href":"https:\/\/e.kosmolat.eu\/lv\/wp-json\/wp\/v2\/product_cat?post=31909"},{"taxonomy":"product_tag","embeddable":true,"href":"https:\/\/e.kosmolat.eu\/lv\/wp-json\/wp\/v2\/product_tag?post=31909"}],"curies":[{"name":"wp","href":"https:\/\/api.w.org\/{rel}","templated":true}]}}