{"id":31885,"date":"2023-12-19T23:02:30","date_gmt":"2023-12-19T23:02:30","guid":{"rendered":"https:\/\/e.kosmolat.eu\/product\/bd-nude-harmony-kompaktpuderis-tonis-4-9-g\/"},"modified":"2025-09-20T02:23:32","modified_gmt":"2025-09-20T02:23:32","slug":"bd-nude-harmony-kompaktpuderis-tonis-4-9-g","status":"publish","type":"product","link":"https:\/\/e.kosmolat.eu\/lv\/product\/bd-nude-harmony-kompaktpuderis-tonis-4-9-g\/","title":{"rendered":"BD Nude Harmony Kompaktp\u016bderis, tonis 4, 9 g"},"content":{"rendered":"<p>Uzglab\u0101t temperat\u016br\u0101 no +10 &ordm;C l\u012bdz +25 &ordm;C, prom no apkures ier\u012bc\u0113m, sarg\u0101jot no tie&scaron;iem saules stariem.<\/p>\n","protected":false},"excerpt":{"rendered":"<p>Uzglab\u0101t temperat\u016br\u0101 no +10 &ordm;C l\u012bdz +25 &ordm;C, prom no apkures ier\u012bc\u0113m, sarg\u0101jot no tie&scaron;iem saules stariem.<\/p>\n","protected":false},"featured_media":89922,"template":"","meta":[],"product_cat":[1485],"product_tag":[],"class_list":{"0":"post-31885","1":"product","2":"type-product","3":"status-publish","4":"has-post-thumbnail","6":"product_brand-belordizain_by","7":"product_cat-puderi","9":"first","10":"outofstock","11":"taxable","12":"shipping-taxable","13":"product-type-simple"},"_links":{"self":[{"href":"https:\/\/e.kosmolat.eu\/lv\/wp-json\/wp\/v2\/product\/31885","targetHints":{"allow":["GET"]}}],"collection":[{"href":"https:\/\/e.kosmolat.eu\/lv\/wp-json\/wp\/v2\/product"}],"about":[{"href":"https:\/\/e.kosmolat.eu\/lv\/wp-json\/wp\/v2\/types\/product"}],"wp:featuredmedia":[{"embeddable":true,"href":"https:\/\/e.kosmolat.eu\/lv\/wp-json\/wp\/v2\/media\/89922"}],"wp:attachment":[{"href":"https:\/\/e.kosmolat.eu\/lv\/wp-json\/wp\/v2\/media?parent=31885"}],"wp:term":[{"taxonomy":"product_cat","embeddable":true,"href":"https:\/\/e.kosmolat.eu\/lv\/wp-json\/wp\/v2\/product_cat?post=31885"},{"taxonomy":"product_tag","embeddable":true,"href":"https:\/\/e.kosmolat.eu\/lv\/wp-json\/wp\/v2\/product_tag?post=31885"}],"curies":[{"name":"wp","href":"https:\/\/api.w.org\/{rel}","templated":true}]}}