{"id":31869,"date":"2023-12-19T23:01:22","date_gmt":"2023-12-19T23:01:22","guid":{"rendered":"https:\/\/e.kosmolat.eu\/product\/bd-led-tech-gellaka-tonis-410-6-ml\/"},"modified":"2026-03-31T20:49:55","modified_gmt":"2026-03-31T20:49:55","slug":"bd-led-tech-gellaka-tonis-410-6-ml","status":"publish","type":"product","link":"https:\/\/e.kosmolat.eu\/lv\/product\/bd-led-tech-gellaka-tonis-410-6-ml\/","title":{"rendered":"BD Led Tech G\u0113llaka, tonis 410, 6 ml"},"content":{"rendered":"<p>Vienf\u0101zes g\u0113la nagu laka, kurai nav nepiecie&scaron;ama ne pamata k\u0101rta, ne virsk\u0101rta.<\/p>\n","protected":false},"excerpt":{"rendered":"<p>Vienf\u0101zes g\u0113la nagu laka, kurai nav nepiecie&scaron;ama ne pamata k\u0101rta, ne virsk\u0101rta.<\/p>\n","protected":false},"featured_media":89906,"template":"","meta":[],"product_cat":[1516],"product_tag":[],"class_list":{"0":"post-31869","1":"product","2":"type-product","3":"status-publish","4":"has-post-thumbnail","6":"product_brand-belordizain_by","7":"product_cat-1516","9":"first","10":"outofstock","11":"taxable","12":"shipping-taxable","13":"product-type-simple"},"_links":{"self":[{"href":"https:\/\/e.kosmolat.eu\/lv\/wp-json\/wp\/v2\/product\/31869","targetHints":{"allow":["GET"]}}],"collection":[{"href":"https:\/\/e.kosmolat.eu\/lv\/wp-json\/wp\/v2\/product"}],"about":[{"href":"https:\/\/e.kosmolat.eu\/lv\/wp-json\/wp\/v2\/types\/product"}],"wp:featuredmedia":[{"embeddable":true,"href":"https:\/\/e.kosmolat.eu\/lv\/wp-json\/wp\/v2\/media\/89906"}],"wp:attachment":[{"href":"https:\/\/e.kosmolat.eu\/lv\/wp-json\/wp\/v2\/media?parent=31869"}],"wp:term":[{"taxonomy":"product_cat","embeddable":true,"href":"https:\/\/e.kosmolat.eu\/lv\/wp-json\/wp\/v2\/product_cat?post=31869"},{"taxonomy":"product_tag","embeddable":true,"href":"https:\/\/e.kosmolat.eu\/lv\/wp-json\/wp\/v2\/product_tag?post=31869"}],"curies":[{"name":"wp","href":"https:\/\/api.w.org\/{rel}","templated":true}]}}