{"id":31853,"date":"2023-12-19T23:00:12","date_gmt":"2023-12-19T23:00:12","guid":{"rendered":"https:\/\/e.kosmolat.eu\/product\/bd-led-tech-gellaka-tonis-407-6-ml\/"},"modified":"2026-04-01T07:49:20","modified_gmt":"2026-04-01T07:49:20","slug":"bd-led-tech-gellaka-tonis-407-6-ml","status":"publish","type":"product","link":"https:\/\/e.kosmolat.eu\/lv\/product\/bd-led-tech-gellaka-tonis-407-6-ml\/","title":{"rendered":"BD Led Tech G\u0113llaka, tonis 407, 6 ml"},"content":{"rendered":"<p>Vienf\u0101zes g\u0113la nagu laka, kurai nav nepiecie&scaron;ama ne pamata k\u0101rta, ne virsk\u0101rta.<\/p>\n","protected":false},"excerpt":{"rendered":"<p>Vienf\u0101zes g\u0113la nagu laka, kurai nav nepiecie&scaron;ama ne pamata k\u0101rta, ne virsk\u0101rta.<\/p>\n","protected":false},"featured_media":89890,"template":"","meta":[],"product_cat":[1515],"product_tag":[],"class_list":{"0":"post-31853","1":"product","2":"type-product","3":"status-publish","4":"has-post-thumbnail","6":"product_brand-belordizain_by","7":"product_cat-nagu-lakas","9":"first","10":"outofstock","11":"taxable","12":"shipping-taxable","13":"product-type-simple"},"_links":{"self":[{"href":"https:\/\/e.kosmolat.eu\/lv\/wp-json\/wp\/v2\/product\/31853","targetHints":{"allow":["GET"]}}],"collection":[{"href":"https:\/\/e.kosmolat.eu\/lv\/wp-json\/wp\/v2\/product"}],"about":[{"href":"https:\/\/e.kosmolat.eu\/lv\/wp-json\/wp\/v2\/types\/product"}],"wp:featuredmedia":[{"embeddable":true,"href":"https:\/\/e.kosmolat.eu\/lv\/wp-json\/wp\/v2\/media\/89890"}],"wp:attachment":[{"href":"https:\/\/e.kosmolat.eu\/lv\/wp-json\/wp\/v2\/media?parent=31853"}],"wp:term":[{"taxonomy":"product_cat","embeddable":true,"href":"https:\/\/e.kosmolat.eu\/lv\/wp-json\/wp\/v2\/product_cat?post=31853"},{"taxonomy":"product_tag","embeddable":true,"href":"https:\/\/e.kosmolat.eu\/lv\/wp-json\/wp\/v2\/product_tag?post=31853"}],"curies":[{"name":"wp","href":"https:\/\/api.w.org\/{rel}","templated":true}]}}