{"id":31833,"date":"2023-12-19T22:58:42","date_gmt":"2023-12-19T22:58:42","guid":{"rendered":"https:\/\/e.kosmolat.eu\/product\/bio-naturell-dusas-zel-zemene-un-melisa-473-ml\/"},"modified":"2026-04-24T06:06:34","modified_gmt":"2026-04-24T06:06:34","slug":"bio-naturell-dusas-zel-zemene-un-melisa-473-ml","status":"publish","type":"product","link":"https:\/\/e.kosmolat.eu\/lv\/product\/bio-naturell-dusas-zel-zemene-un-melisa-473-ml\/","title":{"rendered":"Bio Naturell  Du\u0161as \u017eel. Zemene un melisa, 473 ml"},"content":{"rendered":"<p>Du&scaron;as \u017eeleja TM Bio Naturell efekt\u012bvi un maigi att\u012bra \u0101du. Viegls arom\u0101ts ap\u0146em \u0137ermeni un sniedz patiesu baud\u012bjumu. Zeme\u0146u un melisas ekstrakti kopj \u0101du, padarot to maig\u0101ku un samtain\u0101ku. Veg\u0101nisks produkts.<\/p>\n<p><strong>Lieto&scaron;ana:<\/strong> uzkl\u0101t uz mitras \u0101das, saputot, noskalot ar \u016bdeni.<\/p>\n<p><strong>Piesardz\u012bbas pas\u0101kumi:<\/strong> iesp\u0113jama paaugstin\u0101ta individu\u0101l\u0101 jut\u012bba pret atsevi&scaron;\u0137\u0101m sast\u0101vda\u013c\u0101m.<\/p>\n<p>Uzglab\u0101t temperat\u016br\u0101 no &nbsp;+5 &deg;C l\u012bdz +25 &deg;C.<br \/>\n&nbsp;<\/p>\n","protected":false},"excerpt":{"rendered":"<p>Du&scaron;as \u017eeleja TM Bio Naturell efekt\u012bvi un maigi att\u012bra \u0101du. Viegls arom\u0101ts ap\u0146em \u0137ermeni un sniedz patiesu baud\u012bjumu. Zeme\u0146u un melisas ekstrakti kopj \u0101du, padarot to maig\u0101ku un samtain\u0101ku. Veg\u0101nisks produkts. Lieto&scaron;ana: uzkl\u0101t uz mitras \u0101das, saputot, noskalot ar \u016bdeni. Piesardz\u012bbas pas\u0101kumi: iesp\u0113jama paaugstin\u0101ta individu\u0101l\u0101 jut\u012bba pret atsevi&scaron;\u0137\u0101m sast\u0101vda\u013c\u0101m. Uzglab\u0101t temperat\u016br\u0101 no &nbsp;+5 &deg;C l\u012bdz [&#8230;]\n","protected":false},"featured_media":89814,"template":"","meta":[],"product_cat":[1280],"product_tag":[],"class_list":{"0":"post-31833","1":"product","2":"type-product","3":"status-publish","4":"has-post-thumbnail","6":"product_brand-elfa_ua","7":"product_cat-dusas-zelejas-un-dusas-ellas","9":"first","10":"instock","11":"taxable","12":"shipping-taxable","13":"product-type-simple"},"_links":{"self":[{"href":"https:\/\/e.kosmolat.eu\/lv\/wp-json\/wp\/v2\/product\/31833","targetHints":{"allow":["GET"]}}],"collection":[{"href":"https:\/\/e.kosmolat.eu\/lv\/wp-json\/wp\/v2\/product"}],"about":[{"href":"https:\/\/e.kosmolat.eu\/lv\/wp-json\/wp\/v2\/types\/product"}],"wp:featuredmedia":[{"embeddable":true,"href":"https:\/\/e.kosmolat.eu\/lv\/wp-json\/wp\/v2\/media\/89814"}],"wp:attachment":[{"href":"https:\/\/e.kosmolat.eu\/lv\/wp-json\/wp\/v2\/media?parent=31833"}],"wp:term":[{"taxonomy":"product_cat","embeddable":true,"href":"https:\/\/e.kosmolat.eu\/lv\/wp-json\/wp\/v2\/product_cat?post=31833"},{"taxonomy":"product_tag","embeddable":true,"href":"https:\/\/e.kosmolat.eu\/lv\/wp-json\/wp\/v2\/product_tag?post=31833"}],"curies":[{"name":"wp","href":"https:\/\/api.w.org\/{rel}","templated":true}]}}