{"id":31813,"date":"2023-12-19T22:56:51","date_gmt":"2023-12-19T22:56:51","guid":{"rendered":"https:\/\/e.kosmolat.eu\/product\/vollare-fruity-hands-roku-kr-davanu-komplekts-3-x-50-ml\/"},"modified":"2026-04-11T18:12:07","modified_gmt":"2026-04-11T18:12:07","slug":"vollare-fruity-hands-roku-kr-davanu-komplekts-3-x-50-ml","status":"publish","type":"product","link":"https:\/\/e.kosmolat.eu\/lv\/product\/vollare-fruity-hands-roku-kr-davanu-komplekts-3-x-50-ml\/","title":{"rendered":"VOLLARE Fruity Hands Roku kr. d\u0101vanu komplekts ( 3 x 50 ml)"},"content":{"rendered":"<p><strong>Komplekta sast\u0101v\u0101:<\/strong><br \/>\n1) VOLLARE Fruity Hands Mitrino&scaron;s un m\u012bkstino&scaron;s kr\u0113ms ar saulespu\u0137u e\u013c\u013cu un alvejas ekstraktu. Kr\u0113ms baro un rada neredzamu aizsargsl\u0101ni.<br \/>\n2) VOLLARE Fruity Hands Atjaunojo&scaron;s kr\u0113ms ar \u0101bolu un kivi arom\u0101tu. Lieliski mitrina sausu \u0101du, izl\u012bdzina grumbas un atjauno \u0101du.<br \/>\n3) VOLLARE Fruity Hands Barojo&scaron;s kr\u0113ms ar mango arom\u0101tu. Mango sviests un alveja baro un mitrina sausu, saspr\u0113g\u0101ju&scaron;u \u0101du.<br \/>\n&nbsp;<\/p>\n","protected":false},"excerpt":{"rendered":"<p>Komplekta sast\u0101v\u0101: 1) VOLLARE Fruity Hands Mitrino&scaron;s un m\u012bkstino&scaron;s kr\u0113ms ar saulespu\u0137u e\u013c\u013cu un alvejas ekstraktu. Kr\u0113ms baro un rada neredzamu aizsargsl\u0101ni. 2) VOLLARE Fruity Hands Atjaunojo&scaron;s kr\u0113ms ar \u0101bolu un kivi arom\u0101tu. Lieliski mitrina sausu \u0101du, izl\u012bdzina grumbas un atjauno \u0101du. 3) VOLLARE Fruity Hands Barojo&scaron;s kr\u0113ms ar mango arom\u0101tu. Mango sviests un alveja [&#8230;]\n","protected":false},"featured_media":89794,"template":"","meta":[],"product_cat":[1302],"product_tag":[],"class_list":{"0":"post-31813","1":"product","2":"type-product","3":"status-publish","4":"has-post-thumbnail","6":"product_brand-sale","7":"product_cat-roku-kopsanas-kosmetika","9":"first","10":"outofstock","11":"taxable","12":"shipping-taxable","13":"product-type-simple"},"_links":{"self":[{"href":"https:\/\/e.kosmolat.eu\/lv\/wp-json\/wp\/v2\/product\/31813","targetHints":{"allow":["GET"]}}],"collection":[{"href":"https:\/\/e.kosmolat.eu\/lv\/wp-json\/wp\/v2\/product"}],"about":[{"href":"https:\/\/e.kosmolat.eu\/lv\/wp-json\/wp\/v2\/types\/product"}],"wp:featuredmedia":[{"embeddable":true,"href":"https:\/\/e.kosmolat.eu\/lv\/wp-json\/wp\/v2\/media\/89794"}],"wp:attachment":[{"href":"https:\/\/e.kosmolat.eu\/lv\/wp-json\/wp\/v2\/media?parent=31813"}],"wp:term":[{"taxonomy":"product_cat","embeddable":true,"href":"https:\/\/e.kosmolat.eu\/lv\/wp-json\/wp\/v2\/product_cat?post=31813"},{"taxonomy":"product_tag","embeddable":true,"href":"https:\/\/e.kosmolat.eu\/lv\/wp-json\/wp\/v2\/product_tag?post=31813"}],"curies":[{"name":"wp","href":"https:\/\/api.w.org\/{rel}","templated":true}]}}