{"id":31809,"date":"2023-12-19T22:56:24","date_gmt":"2023-12-19T22:56:24","guid":{"rendered":"https:\/\/e.kosmolat.eu\/product\/vollare-vegebar-dav-kompl-sejas-un-kerm-zel-250ml-sejas-kr-50ml-roku-kr-30ml\/"},"modified":"2025-09-20T02:15:45","modified_gmt":"2025-09-20T02:15:45","slug":"vollare-vegebar-dav-kompl-sejas-un-kerm-zel-250ml-sejas-kr-50ml-roku-kr-30ml","status":"publish","type":"product","link":"https:\/\/e.kosmolat.eu\/lv\/product\/vollare-vegebar-dav-kompl-sejas-un-kerm-zel-250ml-sejas-kr-50ml-roku-kr-30ml\/","title":{"rendered":"VOLLARE Vegebar D\u0101v. kompl. (Sejas un \u0137erm. \u017eel., 250ml + Sejas kr., 50ml + Roku kr., 30ml)"},"content":{"rendered":"<p>Atsvaidzino&scaron;s kosm\u0113tikas komplekts uz aug\u013cu ekstraktu b\u0101zes aizved\u012bs j\u016bs uz tropiem, pat ja \u0101r\u0101 ir ziema. Tas satur alvejas \u017eeleju, kas maigi kopj sejas un \u0137erme\u0146a \u0101du. Mitrino&scaron;s sejas kr\u0113ms sniegs J\u016bsu \u0101dai komfortu, un roku kr\u0113ms padar\u012bs to samtainu.<\/p>\n<p><strong>Komplekta sast\u0101v\u0101:<\/strong><\/p>\n<p>1)&nbsp;VEGEBAR Aqua Boost Sejas un \u0137erme\u0146a \u017eeleja, 250 ml.<br \/>\nMultifunkcion\u0101l\u0101s \u017eelejas pamat\u0101 ir aloe vera ekstrakts. &Scaron;is akt\u012bvais elements efekt\u012bvi mitrina un atjauno \u0101du.<\/p>\n<p><strong>Lieto&scaron;ana: <\/strong>uzkl\u0101t nelielu daudzumu uz sejas un \u0137erme\u0146a un iemas\u0113t, l\u012bdz piln\u012bb\u0101 uzs\u016bcas.<\/p>\n<p>2) VEGEBAR Hydro Alo dzi\u013ci mitrino&scaron;s sejas kr\u0113ms, 50 ml.<br \/>\nMitrino&scaron;s sejas kr\u0113ms ar alvejas ekstraktu ir tas, par ko sap\u0146o j\u016bsu \u0101da. Formula, kas izstr\u0101d\u0101ta, balstoties uz aloe vera labv\u0113l\u012bgaj\u0101m \u012bpa&scaron;\u012bb\u0101m, intens\u012bvi mitrina un nomierina \u0101du.<\/p>\n<p><strong>Lieto&scaron;ana:<\/strong> nelielu kr\u0113ma daudzumu uzkl\u0101t uz sejas un mas\u0113t viegl\u0101m ap\u013cveida kust\u012bb\u0101m.<\/p>\n<p>3) VEGEBAR Kiwi Splash Mitrino&scaron;s roku kr\u0113ms, 30 ml.<br \/>\nMitrino&scaron;s kr\u0113ms ar kivi un avokado ekstraktiem ir piem\u0113rots sausai \u0101dai. Veg\u0101nu formula, kuras pamat\u0101 ir dab\u012bgas sast\u0101vda\u013cas, efekt\u012bvi mitrina, pie&scaron;\u0137ir \u0101dai pat\u012bkamu arom\u0101tu un piepilda to ar ener\u0123iju.<\/p>\n<p><strong>Lieto&scaron;ana:<\/strong> uzkl\u0101t nelielu daudzumu uz t\u012br\u0101m rok\u0101m un iemas\u0113t.<br \/>\n&nbsp;<\/p>\n","protected":false},"excerpt":{"rendered":"<p>Atsvaidzino&scaron;s kosm\u0113tikas komplekts uz aug\u013cu ekstraktu b\u0101zes aizved\u012bs j\u016bs uz tropiem, pat ja \u0101r\u0101 ir ziema. Tas satur alvejas \u017eeleju, kas maigi kopj sejas un \u0137erme\u0146a \u0101du. Mitrino&scaron;s sejas kr\u0113ms sniegs J\u016bsu \u0101dai komfortu, un roku kr\u0113ms padar\u012bs to samtainu. Komplekta sast\u0101v\u0101: 1)&nbsp;VEGEBAR Aqua Boost Sejas un \u0137erme\u0146a \u017eeleja, 250 ml. Multifunkcion\u0101l\u0101s \u017eelejas pamat\u0101 ir [&#8230;]\n","protected":false},"featured_media":89790,"template":"","meta":[],"product_cat":[1304],"product_tag":[],"class_list":{"0":"post-31809","1":"product","2":"type-product","3":"status-publish","4":"has-post-thumbnail","6":"product_brand-verona_pl","7":"product_cat-ranku-prieziuros-kosmetika","9":"first","10":"instock","11":"taxable","12":"shipping-taxable","13":"product-type-simple"},"_links":{"self":[{"href":"https:\/\/e.kosmolat.eu\/lv\/wp-json\/wp\/v2\/product\/31809","targetHints":{"allow":["GET"]}}],"collection":[{"href":"https:\/\/e.kosmolat.eu\/lv\/wp-json\/wp\/v2\/product"}],"about":[{"href":"https:\/\/e.kosmolat.eu\/lv\/wp-json\/wp\/v2\/types\/product"}],"wp:featuredmedia":[{"embeddable":true,"href":"https:\/\/e.kosmolat.eu\/lv\/wp-json\/wp\/v2\/media\/89790"}],"wp:attachment":[{"href":"https:\/\/e.kosmolat.eu\/lv\/wp-json\/wp\/v2\/media?parent=31809"}],"wp:term":[{"taxonomy":"product_cat","embeddable":true,"href":"https:\/\/e.kosmolat.eu\/lv\/wp-json\/wp\/v2\/product_cat?post=31809"},{"taxonomy":"product_tag","embeddable":true,"href":"https:\/\/e.kosmolat.eu\/lv\/wp-json\/wp\/v2\/product_tag?post=31809"}],"curies":[{"name":"wp","href":"https:\/\/api.w.org\/{rel}","templated":true}]}}