{"id":31769,"date":"2023-12-19T22:52:37","date_gmt":"2023-12-19T22:52:37","guid":{"rendered":"https:\/\/e.kosmolat.eu\/product\/elen-cosmetics-facial-sheet-mask-vitamin-c-25-ml-elen-cosmetics-%d1%82%d0%baa%d0%bdc%d0%bd%d0%bda-%d0%bca%d1%81%d0%baa-ae%d1%8f-%d0%beiec%d1%87%d1%87%d1%8f-vitamin\/"},"modified":"2026-04-20T08:05:59","modified_gmt":"2026-04-20T08:05:59","slug":"ec-auduma-sejas-maska-ar-c-vitaminu-25-ml","status":"publish","type":"product","link":"https:\/\/e.kosmolat.eu\/lv\/product\/ec-auduma-sejas-maska-ar-c-vitaminu-25-ml\/","title":{"rendered":"EC Auduma sejas maska ar C vitam\u012bnu, 25 ml"},"content":{"rendered":"<p>Sejas maska vizu\u0101li izgaismo un uzlabo \u0101das toni, padarot to mirdzo&scaron;u. Samazina vecuma plankumus un citu \u0101das nepiln\u012bbu par\u0101d\u012b&scaron;anos, saglab\u0101jot optim\u0101lu mitruma l\u012bmeni \u0101d\u0101.<\/p>\n<p><strong>Lieto&scaron;ana:<\/strong> 1. Iz\u0146emiet masku no iepakojuma un uzkl\u0101jiet to uz iepriek&scaron; att\u012br\u012btas sejas, maigi izl\u012bdzinot ar pirkstu galiem. 2. No\u0146emiet masku p\u0113c15-20 min\u016bt\u0113m.3. P\u0101r\u0113jo emulsijas da\u013cu iemas\u0113jiet \u0101d\u0101. Neskalojiet. Ja nepiecie&scaron;ams, no\u0146emiet atliku&scaron;o emulsiju ar vates disku. Ieteicams lietot 1-2 reizes ned\u0113\u013c\u0101.<\/p>\n<p><strong>PIESARDZ\u012aBAS PAS\u0100KUMI:<\/strong> NEIZMANTOJIET AUDUMA MASKU DIVREIZ! Pirms lieto&scaron;anas maska ir j\u0101p\u0101rbauda uz neliela \u0101das laukuma. Ja tiek konstat\u0113ta aler\u0123iska reakcija, p\u0101rtrauciet lieto&scaron;anu. Tikai \u0101r\u012bgai lieto&scaron;anai. Masku ieteicams lietot uzreiz p\u0113c iepakojuma atv\u0113r&scaron;anas. Ja nok\u013c\u016bst ac\u012bs, r\u016bp\u012bgi izskalojiet ar lielu daudzumu teko&scaron;a \u016bdens.<\/p>\n<p><strong>Kontrindik\u0101cijas:<\/strong> individu\u0101la nepanes\u012bba pret maskas sast\u0101vda\u013c\u0101m. Uzglab\u0101t temperat\u016br\u0101 no +5&deg;C l\u012bdz +25&deg;C un relat\u012bvaj\u0101 mitrum\u0101 55-70% viet\u0101 aizsarg\u0101t\u0101 no tie&scaron;iem saules stariem vismaz viena metra att\u0101lum\u0101 no augstas temperat\u016bras avotiem.<\/p>\n<p><strong>Der\u012bguma termi\u0146&scaron;: <\/strong>36 m\u0113ne&scaron;i.<\/p>\n","protected":false},"excerpt":{"rendered":"<p>Sejas maska vizu\u0101li izgaismo un uzlabo \u0101das toni, padarot to mirdzo&scaron;u. Samazina vecuma plankumus un citu \u0101das nepiln\u012bbu par\u0101d\u012b&scaron;anos, saglab\u0101jot optim\u0101lu mitruma l\u012bmeni \u0101d\u0101. Lieto&scaron;ana: 1. Iz\u0146emiet masku no iepakojuma un uzkl\u0101jiet to uz iepriek&scaron; att\u012br\u012btas sejas, maigi izl\u012bdzinot ar pirkstu galiem. 2. No\u0146emiet masku p\u0113c15-20 min\u016bt\u0113m.3. P\u0101r\u0113jo emulsijas da\u013cu iemas\u0113jiet \u0101d\u0101. Neskalojiet. Ja nepiecie&scaron;ams, [&#8230;]\n","protected":false},"featured_media":89750,"template":"","meta":[],"product_cat":[1369],"product_tag":[],"class_list":{"0":"post-31769","1":"product","2":"type-product","3":"status-publish","4":"has-post-thumbnail","6":"product_brand-naturpro_ua","7":"product_cat-veido-kaukes","9":"first","10":"instock","11":"taxable","12":"shipping-taxable","13":"product-type-simple"},"_links":{"self":[{"href":"https:\/\/e.kosmolat.eu\/lv\/wp-json\/wp\/v2\/product\/31769","targetHints":{"allow":["GET"]}}],"collection":[{"href":"https:\/\/e.kosmolat.eu\/lv\/wp-json\/wp\/v2\/product"}],"about":[{"href":"https:\/\/e.kosmolat.eu\/lv\/wp-json\/wp\/v2\/types\/product"}],"wp:featuredmedia":[{"embeddable":true,"href":"https:\/\/e.kosmolat.eu\/lv\/wp-json\/wp\/v2\/media\/89750"}],"wp:attachment":[{"href":"https:\/\/e.kosmolat.eu\/lv\/wp-json\/wp\/v2\/media?parent=31769"}],"wp:term":[{"taxonomy":"product_cat","embeddable":true,"href":"https:\/\/e.kosmolat.eu\/lv\/wp-json\/wp\/v2\/product_cat?post=31769"},{"taxonomy":"product_tag","embeddable":true,"href":"https:\/\/e.kosmolat.eu\/lv\/wp-json\/wp\/v2\/product_tag?post=31769"}],"curies":[{"name":"wp","href":"https:\/\/api.w.org\/{rel}","templated":true}]}}