{"id":31741,"date":"2023-12-19T22:50:26","date_gmt":"2023-12-19T22:50:26","guid":{"rendered":"https:\/\/e.kosmolat.eu\/product\/bd-intellect-mateta-lupu-kr-tonis-1-5-1-g\/"},"modified":"2025-09-20T02:19:33","modified_gmt":"2025-09-20T02:19:33","slug":"bd-mateta-lupu-kr-intellect-tonis-1-5-1-g","status":"publish","type":"product","link":"https:\/\/e.kosmolat.eu\/lv\/product\/bd-mateta-lupu-kr-intellect-tonis-1-5-1-g\/","title":{"rendered":"BD Mat\u0113ta l\u016bpu kr. Intellect, tonis 1, 5.1 g"},"content":{"rendered":"<p>Uzglab\u0101t temperat\u016br\u0101 no 0 &ordm;C l\u012bdz +25 &ordm;C, prom no apkures ier\u012bc\u0113m, sarg\u0101jot no tie&scaron;iem saules stariem.<\/p>\n","protected":false},"excerpt":{"rendered":"<p>Uzglab\u0101t temperat\u016br\u0101 no 0 &ordm;C l\u012bdz +25 &ordm;C, prom no apkures ier\u012bc\u0113m, sarg\u0101jot no tie&scaron;iem saules stariem.<\/p>\n","protected":false},"featured_media":89854,"template":"","meta":[],"product_cat":[1267],"product_tag":[],"class_list":{"0":"post-31741","1":"product","2":"type-product","3":"status-publish","4":"has-post-thumbnail","6":"product_brand-belordizain_by","7":"product_cat-lupu-krasas","9":"first","10":"outofstock","11":"taxable","12":"shipping-taxable","13":"product-type-simple"},"_links":{"self":[{"href":"https:\/\/e.kosmolat.eu\/lv\/wp-json\/wp\/v2\/product\/31741","targetHints":{"allow":["GET"]}}],"collection":[{"href":"https:\/\/e.kosmolat.eu\/lv\/wp-json\/wp\/v2\/product"}],"about":[{"href":"https:\/\/e.kosmolat.eu\/lv\/wp-json\/wp\/v2\/types\/product"}],"wp:featuredmedia":[{"embeddable":true,"href":"https:\/\/e.kosmolat.eu\/lv\/wp-json\/wp\/v2\/media\/89854"}],"wp:attachment":[{"href":"https:\/\/e.kosmolat.eu\/lv\/wp-json\/wp\/v2\/media?parent=31741"}],"wp:term":[{"taxonomy":"product_cat","embeddable":true,"href":"https:\/\/e.kosmolat.eu\/lv\/wp-json\/wp\/v2\/product_cat?post=31741"},{"taxonomy":"product_tag","embeddable":true,"href":"https:\/\/e.kosmolat.eu\/lv\/wp-json\/wp\/v2\/product_tag?post=31741"}],"curies":[{"name":"wp","href":"https:\/\/api.w.org\/{rel}","templated":true}]}}