{"id":31705,"date":"2023-12-19T22:47:20","date_gmt":"2023-12-19T22:47:20","guid":{"rendered":"https:\/\/e.kosmolat.eu\/product\/ns-oblepikha-intens-nutrition-hydration-vannas-putas-550-ml\/"},"modified":"2025-09-20T02:05:18","modified_gmt":"2025-09-20T02:05:18","slug":"ns-oblepikha-intens-nutrition-hydration-vannas-putas-550-ml","status":"publish","type":"product","link":"https:\/\/e.kosmolat.eu\/lv\/product\/ns-oblepikha-intens-nutrition-hydration-vannas-putas-550-ml\/","title":{"rendered":"NS Oblepikha Intens. Nutrition &#038; Hydration Vannas putas, 550 ml"},"content":{"rendered":"<p>Altaja smilts\u0113rk&scaron;\u0137is ir gadsimtiem izmantots skaistumkop&scaron;an\u0101. &Scaron;\u012b Sib\u012brijas oga ir dabiskais beta-karot\u012bna, reto omega 3-6-7-9, labv\u0113l\u012bgo tauksk\u0101bju un v\u0113rt\u012bgo flavono\u012bdu avots.<br \/>\nVannas putas uz hidrol\u0101ta b\u0101zes ir pies\u0101tinas ar vitam\u012bniem A un E, organisko Altaja smilts\u0113rk&scaron;\u0137u e\u013c\u013cu, Sib\u012brijas p\u012bl\u0101d\u017eu ekstraktu, makad\u0101mijas un Marokas argana e\u013c\u013c\u0101m intens\u012bvi baro un mitrina \u0101du.Hidrol\u0101ts ir koncentr\u0113ts vitam\u012bnu un mikroelementu komplekss, kas ieg\u016bts no augiem destil\u0113&scaron;anas proces\u0101. \u0100das kop&scaron;anas l\u012bdzek\u013ci, kuru pamat\u0101 ir hidrol\u0101ts, nodro&scaron;ina intens\u012bvu \u0101das kop&scaron;anu, padarot to maigu un samtainu.&nbsp;<\/p>\n<p><strong>Lieto&scaron;ana:<\/strong> saputot nedaudz l\u012bdzek\u013ca zem silta teko&scaron;a \u016bdens.<br \/>\n&nbsp;<\/p>\n","protected":false},"excerpt":{"rendered":"<p>Altaja smilts\u0113rk&scaron;\u0137is ir gadsimtiem izmantots skaistumkop&scaron;an\u0101. &Scaron;\u012b Sib\u012brijas oga ir dabiskais beta-karot\u012bna, reto omega 3-6-7-9, labv\u0113l\u012bgo tauksk\u0101bju un v\u0113rt\u012bgo flavono\u012bdu avots. Vannas putas uz hidrol\u0101ta b\u0101zes ir pies\u0101tinas ar vitam\u012bniem A un E, organisko Altaja smilts\u0113rk&scaron;\u0137u e\u013c\u013cu, Sib\u012brijas p\u012bl\u0101d\u017eu ekstraktu, makad\u0101mijas un Marokas argana e\u013c\u013c\u0101m intens\u012bvi baro un mitrina \u0101du.Hidrol\u0101ts ir koncentr\u0113ts vitam\u012bnu un mikroelementu [&#8230;]\n","protected":false},"featured_media":89622,"template":"","meta":[],"product_cat":[1610],"product_tag":[],"class_list":{"0":"post-31705","1":"product","2":"type-product","3":"status-publish","4":"has-post-thumbnail","6":"product_brand-siberica_ee","7":"product_cat-vannas-putas-sali-bumbas","9":"first","10":"outofstock","11":"taxable","12":"shipping-taxable","13":"product-type-simple"},"_links":{"self":[{"href":"https:\/\/e.kosmolat.eu\/lv\/wp-json\/wp\/v2\/product\/31705","targetHints":{"allow":["GET"]}}],"collection":[{"href":"https:\/\/e.kosmolat.eu\/lv\/wp-json\/wp\/v2\/product"}],"about":[{"href":"https:\/\/e.kosmolat.eu\/lv\/wp-json\/wp\/v2\/types\/product"}],"wp:featuredmedia":[{"embeddable":true,"href":"https:\/\/e.kosmolat.eu\/lv\/wp-json\/wp\/v2\/media\/89622"}],"wp:attachment":[{"href":"https:\/\/e.kosmolat.eu\/lv\/wp-json\/wp\/v2\/media?parent=31705"}],"wp:term":[{"taxonomy":"product_cat","embeddable":true,"href":"https:\/\/e.kosmolat.eu\/lv\/wp-json\/wp\/v2\/product_cat?post=31705"},{"taxonomy":"product_tag","embeddable":true,"href":"https:\/\/e.kosmolat.eu\/lv\/wp-json\/wp\/v2\/product_tag?post=31705"}],"curies":[{"name":"wp","href":"https:\/\/api.w.org\/{rel}","templated":true}]}}