{"id":31697,"date":"2023-12-19T22:46:40","date_gmt":"2023-12-19T22:46:40","guid":{"rendered":"https:\/\/e.kosmolat.eu\/product\/dr-s-anti-hair-loss-sampuns-pret-matu-izkrisanu-1000-ml\/"},"modified":"2026-04-22T07:17:34","modified_gmt":"2026-04-22T07:17:34","slug":"dr-s-anti-hair-loss-sampuns-pret-matu-izkrisanu-1000-ml","status":"publish","type":"product","link":"https:\/\/e.kosmolat.eu\/lv\/product\/dr-s-anti-hair-loss-sampuns-pret-matu-izkrisanu-1000-ml\/","title":{"rendered":"Dr. S Anti Hair Loss \u0161amp\u016bns pret matu izkri\u0161anu, 1000 ml"},"content":{"rendered":"<p>&Scaron;amp\u016bns nov\u0101jin\u0101tiem matiem pret matu izkri&scaron;anu.&nbsp;Saudz\u012bgi att\u012bra matus un galvas \u0101du. Dermatolo\u0123iski test\u0113ts.<\/p>\n<p><strong>Lieto&scaron;ana:<\/strong> uzkl\u0101t nepiecie&scaron;amu &scaron;amp\u016bna daudzumu uz mitriem matiem, saputot, nomazg\u0101t ar \u016bdeni. Nepiecie&scaron;am\u012bbas gad\u012bjum\u0101 proced\u016bru atk\u0101rtot.<\/p>\n<p><strong>Piesardz\u012bbas pas\u0101kumi:<\/strong> iek\u013c\u016bstot ac\u012bs nomazg\u0101t ar \u016bdeni.&nbsp;<\/p>\n<p>Uzglab\u0101t temperat\u016br\u0101 no +5 &deg;C l\u012bdz +25 &deg;C.<br \/>\n&nbsp;<\/p>\n","protected":false},"excerpt":{"rendered":"<p>&Scaron;amp\u016bns nov\u0101jin\u0101tiem matiem pret matu izkri&scaron;anu.&nbsp;Saudz\u012bgi att\u012bra matus un galvas \u0101du. Dermatolo\u0123iski test\u0113ts. Lieto&scaron;ana: uzkl\u0101t nepiecie&scaron;amu &scaron;amp\u016bna daudzumu uz mitriem matiem, saputot, nomazg\u0101t ar \u016bdeni. Nepiecie&scaron;am\u012bbas gad\u012bjum\u0101 proced\u016bru atk\u0101rtot. Piesardz\u012bbas pas\u0101kumi: iek\u013c\u016bstot ac\u012bs nomazg\u0101t ar \u016bdeni.&nbsp; Uzglab\u0101t temperat\u016br\u0101 no +5 &deg;C l\u012bdz +25 &deg;C. &nbsp;<\/p>\n","protected":false},"featured_media":89610,"template":"","meta":[],"product_cat":[2181],"product_tag":[],"class_list":{"0":"post-31697","1":"product","2":"type-product","3":"status-publish","4":"has-post-thumbnail","6":"product_brand-elfa_ua","7":"product_cat-bez-kategorijas-lt","9":"first","10":"instock","11":"taxable","12":"shipping-taxable","13":"product-type-simple"},"_links":{"self":[{"href":"https:\/\/e.kosmolat.eu\/lv\/wp-json\/wp\/v2\/product\/31697","targetHints":{"allow":["GET"]}}],"collection":[{"href":"https:\/\/e.kosmolat.eu\/lv\/wp-json\/wp\/v2\/product"}],"about":[{"href":"https:\/\/e.kosmolat.eu\/lv\/wp-json\/wp\/v2\/types\/product"}],"wp:featuredmedia":[{"embeddable":true,"href":"https:\/\/e.kosmolat.eu\/lv\/wp-json\/wp\/v2\/media\/89610"}],"wp:attachment":[{"href":"https:\/\/e.kosmolat.eu\/lv\/wp-json\/wp\/v2\/media?parent=31697"}],"wp:term":[{"taxonomy":"product_cat","embeddable":true,"href":"https:\/\/e.kosmolat.eu\/lv\/wp-json\/wp\/v2\/product_cat?post=31697"},{"taxonomy":"product_tag","embeddable":true,"href":"https:\/\/e.kosmolat.eu\/lv\/wp-json\/wp\/v2\/product_tag?post=31697"}],"curies":[{"name":"wp","href":"https:\/\/api.w.org\/{rel}","templated":true}]}}