{"id":31689,"date":"2023-12-19T22:46:05","date_gmt":"2023-12-19T22:46:05","guid":{"rendered":"https:\/\/e.kosmolat.eu\/product\/spkrug-special-kr-balzams-badjaga-mumijo-50-g\/"},"modified":"2026-05-08T19:08:16","modified_gmt":"2026-05-08T19:08:16","slug":"spkrug-special-kr-balzams-badjaga-mumijo-50-g","status":"publish","type":"product","link":"https:\/\/e.kosmolat.eu\/lv\/product\/spkrug-special-kr-balzams-badjaga-mumijo-50-g\/","title":{"rendered":"SpKrug Speci\u0101l. kr.-balzams Badjaga + Mumijo, 50 g"},"content":{"rendered":"<p>Speci\u0101lais kr\u0113ms-balzams. Piem\u0113rots lieto&scaron;anai sasitumu un sastiepumu zon\u0101s. Kosm\u0113tikas l\u012bdzeklis.<\/p>\n<p><strong>Lieto&scaron;ana:<\/strong> uzkl\u0101t uz t\u012bras un sausas \u0101das.<\/p>\n<p>Uzglab\u0101t temperat\u016br\u0101 no +2 &deg;C l\u012bdz +25 &deg;C.<br \/>\n&nbsp;<\/p>\n","protected":false},"excerpt":{"rendered":"<p>Speci\u0101lais kr\u0113ms-balzams. Piem\u0113rots lieto&scaron;anai sasitumu un sastiepumu zon\u0101s. Kosm\u0113tikas l\u012bdzeklis. Lieto&scaron;ana: uzkl\u0101t uz t\u012bras un sausas \u0101das. Uzglab\u0101t temperat\u016br\u0101 no +2 &deg;C l\u012bdz +25 &deg;C. &nbsp;<\/p>\n","protected":false},"featured_media":89466,"template":"","meta":[],"product_cat":[1388],"product_tag":[],"class_list":{"0":"post-31689","1":"product","2":"type-product","3":"status-publish","4":"has-post-thumbnail","6":"product_brand-elpis","7":"product_cat-kermena-kremi-pienini-sviesti","9":"first","10":"instock","11":"taxable","12":"shipping-taxable","13":"product-type-simple"},"_links":{"self":[{"href":"https:\/\/e.kosmolat.eu\/lv\/wp-json\/wp\/v2\/product\/31689","targetHints":{"allow":["GET"]}}],"collection":[{"href":"https:\/\/e.kosmolat.eu\/lv\/wp-json\/wp\/v2\/product"}],"about":[{"href":"https:\/\/e.kosmolat.eu\/lv\/wp-json\/wp\/v2\/types\/product"}],"wp:featuredmedia":[{"embeddable":true,"href":"https:\/\/e.kosmolat.eu\/lv\/wp-json\/wp\/v2\/media\/89466"}],"wp:attachment":[{"href":"https:\/\/e.kosmolat.eu\/lv\/wp-json\/wp\/v2\/media?parent=31689"}],"wp:term":[{"taxonomy":"product_cat","embeddable":true,"href":"https:\/\/e.kosmolat.eu\/lv\/wp-json\/wp\/v2\/product_cat?post=31689"},{"taxonomy":"product_tag","embeddable":true,"href":"https:\/\/e.kosmolat.eu\/lv\/wp-json\/wp\/v2\/product_tag?post=31689"}],"curies":[{"name":"wp","href":"https:\/\/api.w.org\/{rel}","templated":true}]}}