{"id":31685,"date":"2023-12-19T22:45:49","date_gmt":"2023-12-19T22:45:49","guid":{"rendered":"https:\/\/e.kosmolat.eu\/product\/sp-gels-sudrabs-hialuronskabe-50-g\/"},"modified":"2026-05-14T14:14:15","modified_gmt":"2026-05-14T14:14:15","slug":"sp-gels-sudrabs-hialuronskabe-50-g","status":"publish","type":"product","link":"https:\/\/e.kosmolat.eu\/lv\/product\/sp-gels-sudrabs-hialuronskabe-50-g\/","title":{"rendered":"Sp. Gels Sudrabs + Hialuronsk\u0101be, 50 g"},"content":{"rendered":"<p>Atjaunojo&scaron;s kosm\u0113tisks gels ar kolo\u012bda sudrabu un hialuronsk\u0101bi. Nomierina \u0101du p\u0113c sasitumiem un sastiepumiem.<\/p>\n<p><strong>Lieto&scaron;ana:<\/strong> uzkl\u0101t uz t\u012bras un sausas \u0101das.<\/p>\n<p>Uzglab\u0101t temperat\u016br\u0101 no +2 &deg;C l\u012bdz +25 &deg;C.<br \/>\n&nbsp;<\/p>\n","protected":false},"excerpt":{"rendered":"<p>Atjaunojo&scaron;s kosm\u0113tisks gels ar kolo\u012bda sudrabu un hialuronsk\u0101bi. Nomierina \u0101du p\u0113c sasitumiem un sastiepumiem. Lieto&scaron;ana: uzkl\u0101t uz t\u012bras un sausas \u0101das. Uzglab\u0101t temperat\u016br\u0101 no +2 &deg;C l\u012bdz +25 &deg;C. &nbsp;<\/p>\n","protected":false},"featured_media":89462,"template":"","meta":[],"product_cat":[1388],"product_tag":[],"class_list":{"0":"post-31685","1":"product","2":"type-product","3":"status-publish","4":"has-post-thumbnail","6":"product_brand-elpis","7":"product_cat-kermena-kremi-pienini-sviesti","9":"first","10":"instock","11":"taxable","12":"shipping-taxable","13":"product-type-simple"},"_links":{"self":[{"href":"https:\/\/e.kosmolat.eu\/lv\/wp-json\/wp\/v2\/product\/31685","targetHints":{"allow":["GET"]}}],"collection":[{"href":"https:\/\/e.kosmolat.eu\/lv\/wp-json\/wp\/v2\/product"}],"about":[{"href":"https:\/\/e.kosmolat.eu\/lv\/wp-json\/wp\/v2\/types\/product"}],"wp:featuredmedia":[{"embeddable":true,"href":"https:\/\/e.kosmolat.eu\/lv\/wp-json\/wp\/v2\/media\/89462"}],"wp:attachment":[{"href":"https:\/\/e.kosmolat.eu\/lv\/wp-json\/wp\/v2\/media?parent=31685"}],"wp:term":[{"taxonomy":"product_cat","embeddable":true,"href":"https:\/\/e.kosmolat.eu\/lv\/wp-json\/wp\/v2\/product_cat?post=31685"},{"taxonomy":"product_tag","embeddable":true,"href":"https:\/\/e.kosmolat.eu\/lv\/wp-json\/wp\/v2\/product_tag?post=31685"}],"curies":[{"name":"wp","href":"https:\/\/api.w.org\/{rel}","templated":true}]}}