{"id":31681,"date":"2023-12-19T22:45:29","date_gmt":"2023-12-19T22:45:29","guid":{"rendered":"https:\/\/e.kosmolat.eu\/product\/spkrug-intimas-higienas-gels-50-g\/"},"modified":"2026-04-23T11:26:33","modified_gmt":"2026-04-23T11:26:33","slug":"spkrug-intimas-higienas-gels-50-g","status":"publish","type":"product","link":"https:\/\/e.kosmolat.eu\/lv\/product\/spkrug-intimas-higienas-gels-50-g\/","title":{"rendered":"SpKrug Int\u012bm\u0101s higi\u0113nas gels, 50 g"},"content":{"rendered":"<p>Gels int\u012bmas zonas kop&scaron;anai. Uz prebiotisk\u0101 kompleksa b\u0101zes, ar pantenolu, salvijas un lakricas ekstraktiem. Kosm\u0113tikas l\u012bdzeklis.<\/p>\n<p><strong>Lieto&scaron;ana:<\/strong>&nbsp;uzkl\u0101t nelielu daudzumu uz int\u012bm\u0101m \u0137erme\u0146a zon\u0101m, kuras ir pak\u013cautas kairin\u0101jumam.<\/p>\n<p><strong>Kontrindik\u0101cijas:<\/strong> individu\u0101la sast\u0101vda\u013cu nepanesam\u012bba.<\/p>\n<p>Uzglab\u0101t temperat\u016br\u0101 no +2 &deg;C l\u012bdz +25 &deg;C.<br \/>\n&nbsp;<\/p>\n<p>&nbsp;<\/p>\n","protected":false},"excerpt":{"rendered":"<p>Gels int\u012bmas zonas kop&scaron;anai. Uz prebiotisk\u0101 kompleksa b\u0101zes, ar pantenolu, salvijas un lakricas ekstraktiem. Kosm\u0113tikas l\u012bdzeklis. Lieto&scaron;ana:&nbsp;uzkl\u0101t nelielu daudzumu uz int\u012bm\u0101m \u0137erme\u0146a zon\u0101m, kuras ir pak\u013cautas kairin\u0101jumam. Kontrindik\u0101cijas: individu\u0101la sast\u0101vda\u013cu nepanesam\u012bba. Uzglab\u0101t temperat\u016br\u0101 no +2 &deg;C l\u012bdz +25 &deg;C. &nbsp; &nbsp;<\/p>\n","protected":false},"featured_media":89454,"template":"","meta":[],"product_cat":[1375],"product_tag":[],"class_list":{"0":"post-31681","1":"product","2":"type-product","3":"status-publish","4":"has-post-thumbnail","6":"product_brand-elpis","7":"product_cat-1375","9":"first","10":"instock","11":"taxable","12":"shipping-taxable","13":"product-type-simple"},"_links":{"self":[{"href":"https:\/\/e.kosmolat.eu\/lv\/wp-json\/wp\/v2\/product\/31681","targetHints":{"allow":["GET"]}}],"collection":[{"href":"https:\/\/e.kosmolat.eu\/lv\/wp-json\/wp\/v2\/product"}],"about":[{"href":"https:\/\/e.kosmolat.eu\/lv\/wp-json\/wp\/v2\/types\/product"}],"wp:featuredmedia":[{"embeddable":true,"href":"https:\/\/e.kosmolat.eu\/lv\/wp-json\/wp\/v2\/media\/89454"}],"wp:attachment":[{"href":"https:\/\/e.kosmolat.eu\/lv\/wp-json\/wp\/v2\/media?parent=31681"}],"wp:term":[{"taxonomy":"product_cat","embeddable":true,"href":"https:\/\/e.kosmolat.eu\/lv\/wp-json\/wp\/v2\/product_cat?post=31681"},{"taxonomy":"product_tag","embeddable":true,"href":"https:\/\/e.kosmolat.eu\/lv\/wp-json\/wp\/v2\/product_tag?post=31681"}],"curies":[{"name":"wp","href":"https:\/\/api.w.org\/{rel}","templated":true}]}}