{"id":31677,"date":"2023-12-19T22:45:08","date_gmt":"2023-12-19T22:45:08","guid":{"rendered":"https:\/\/e.kosmolat.eu\/product\/spkrug-gels-pret-pinnem-un-akni-42-g\/"},"modified":"2026-05-14T06:26:31","modified_gmt":"2026-05-14T06:26:31","slug":"spkrug-gels-pret-pinnem-un-akni-42-g","status":"publish","type":"product","link":"https:\/\/e.kosmolat.eu\/lv\/product\/spkrug-gels-pret-pinnem-un-akni-42-g\/","title":{"rendered":"SpKrug Gels pret pinn\u0113m un akni, 42 g"},"content":{"rendered":"<p>Gels uz dab\u012bgo ekstraktu b\u0101zes. Ar lakricas saknes, kli\u0146\u0123er\u012btes, strutenes un tr\u012bskr\u0101su vijol\u012btes dab\u012bgiem ekstraktiem. Kosm\u0113tikas l\u012bdzeklis.<\/p>\n<p><strong>Lieto&scaron;ana:<\/strong>&nbsp;lok\u0101li uzkl\u0101t uz t\u012bras un sausas \u0101das tikai problem\u0101tiskaj\u0101s zon\u0101s apm\u0113ram 1 mm biezum\u0101, izvairoties no saskares ar ac\u012bm. Neuzkl\u0101t uz boj\u0101tas \u0101das. Lietot 1-2 reizes dien\u0101. Produkts s\u0101k iedarboties 12-24 stundas p\u0113c lieto&scaron;anas.<\/p>\n<p><strong>Kontrindik\u0101cijas:<\/strong> individu\u0101la sast\u0101vda\u013cu nepanesam\u012bba.<\/p>\n<p>Uzglab\u0101t temperat\u016br\u0101 no +2 &deg;C l\u012bdz +25 &deg;C.<br \/>\n&nbsp;<\/p>\n","protected":false},"excerpt":{"rendered":"<p>Gels uz dab\u012bgo ekstraktu b\u0101zes. Ar lakricas saknes, kli\u0146\u0123er\u012btes, strutenes un tr\u012bskr\u0101su vijol\u012btes dab\u012bgiem ekstraktiem. Kosm\u0113tikas l\u012bdzeklis. Lieto&scaron;ana:&nbsp;lok\u0101li uzkl\u0101t uz t\u012bras un sausas \u0101das tikai problem\u0101tiskaj\u0101s zon\u0101s apm\u0113ram 1 mm biezum\u0101, izvairoties no saskares ar ac\u012bm. Neuzkl\u0101t uz boj\u0101tas \u0101das. Lietot 1-2 reizes dien\u0101. Produkts s\u0101k iedarboties 12-24 stundas p\u0113c lieto&scaron;anas. Kontrindik\u0101cijas: individu\u0101la sast\u0101vda\u013cu nepanesam\u012bba. [&#8230;]\n","protected":false},"featured_media":89450,"template":"","meta":[],"product_cat":[1391],"product_tag":[],"class_list":{"0":"post-31677","1":"product","2":"type-product","3":"status-publish","4":"has-post-thumbnail","6":"product_brand-elpis","7":"product_cat-1391","9":"first","10":"instock","11":"taxable","12":"shipping-taxable","13":"product-type-simple"},"_links":{"self":[{"href":"https:\/\/e.kosmolat.eu\/lv\/wp-json\/wp\/v2\/product\/31677","targetHints":{"allow":["GET"]}}],"collection":[{"href":"https:\/\/e.kosmolat.eu\/lv\/wp-json\/wp\/v2\/product"}],"about":[{"href":"https:\/\/e.kosmolat.eu\/lv\/wp-json\/wp\/v2\/types\/product"}],"wp:featuredmedia":[{"embeddable":true,"href":"https:\/\/e.kosmolat.eu\/lv\/wp-json\/wp\/v2\/media\/89450"}],"wp:attachment":[{"href":"https:\/\/e.kosmolat.eu\/lv\/wp-json\/wp\/v2\/media?parent=31677"}],"wp:term":[{"taxonomy":"product_cat","embeddable":true,"href":"https:\/\/e.kosmolat.eu\/lv\/wp-json\/wp\/v2\/product_cat?post=31677"},{"taxonomy":"product_tag","embeddable":true,"href":"https:\/\/e.kosmolat.eu\/lv\/wp-json\/wp\/v2\/product_tag?post=31677"}],"curies":[{"name":"wp","href":"https:\/\/api.w.org\/{rel}","templated":true}]}}