{"id":31673,"date":"2023-12-19T22:44:51","date_gmt":"2023-12-19T22:44:51","guid":{"rendered":"https:\/\/e.kosmolat.eu\/product\/spkrug-svek-balz-ar-ehinaciju-un-eikaliptu-50-g\/"},"modified":"2026-04-23T12:38:09","modified_gmt":"2026-04-23T12:38:09","slug":"spkrug-svek-balz-ar-ehinaciju-un-eikaliptu-50-g","status":"publish","type":"product","link":"https:\/\/e.kosmolat.eu\/lv\/product\/spkrug-svek-balz-ar-ehinaciju-un-eikaliptu-50-g\/","title":{"rendered":"SpKrug Sve\u0137. balz. ar ehin\u0101ciju un eikaliptu, 50 g"},"content":{"rendered":"<p>Kosm\u0113tikas l\u012bdzeklis ir piem\u0113rots mas\u0101\u017eai kr\u016b&scaron;u un muguras zon\u0101s.<\/p>\n<p><strong>Lieto&scaron;ana:<\/strong> uzkl\u0101t uz t\u012bras un sausas \u0101das.<\/p>\n<p>Uzglab\u0101t temperat\u016br\u0101 no +2 &deg;C l\u012bdz +25 &deg;C.<br \/>\n&nbsp;<\/p>\n","protected":false},"excerpt":{"rendered":"<p>Kosm\u0113tikas l\u012bdzeklis ir piem\u0113rots mas\u0101\u017eai kr\u016b&scaron;u un muguras zon\u0101s. Lieto&scaron;ana: uzkl\u0101t uz t\u012bras un sausas \u0101das. Uzglab\u0101t temperat\u016br\u0101 no +2 &deg;C l\u012bdz +25 &deg;C. &nbsp;<\/p>\n","protected":false},"featured_media":89446,"template":"","meta":[],"product_cat":[1391],"product_tag":[],"class_list":{"0":"post-31673","1":"product","2":"type-product","3":"status-publish","4":"has-post-thumbnail","6":"product_brand-elpis","7":"product_cat-1391","9":"first","10":"instock","11":"taxable","12":"shipping-taxable","13":"product-type-simple"},"_links":{"self":[{"href":"https:\/\/e.kosmolat.eu\/lv\/wp-json\/wp\/v2\/product\/31673","targetHints":{"allow":["GET"]}}],"collection":[{"href":"https:\/\/e.kosmolat.eu\/lv\/wp-json\/wp\/v2\/product"}],"about":[{"href":"https:\/\/e.kosmolat.eu\/lv\/wp-json\/wp\/v2\/types\/product"}],"wp:featuredmedia":[{"embeddable":true,"href":"https:\/\/e.kosmolat.eu\/lv\/wp-json\/wp\/v2\/media\/89446"}],"wp:attachment":[{"href":"https:\/\/e.kosmolat.eu\/lv\/wp-json\/wp\/v2\/media?parent=31673"}],"wp:term":[{"taxonomy":"product_cat","embeddable":true,"href":"https:\/\/e.kosmolat.eu\/lv\/wp-json\/wp\/v2\/product_cat?post=31673"},{"taxonomy":"product_tag","embeddable":true,"href":"https:\/\/e.kosmolat.eu\/lv\/wp-json\/wp\/v2\/product_tag?post=31673"}],"curies":[{"name":"wp","href":"https:\/\/api.w.org\/{rel}","templated":true}]}}