{"id":31665,"date":"2023-12-19T22:44:07","date_gmt":"2023-12-19T22:44:07","guid":{"rendered":"https:\/\/e.kosmolat.eu\/product\/bio-naturell-kremziepes-mandelu-piens-473-ml\/"},"modified":"2025-09-20T02:13:14","modified_gmt":"2025-09-20T02:13:14","slug":"i_bio-naturell-kremziepes-mandelu-piens-473-ml","status":"publish","type":"product","link":"https:\/\/e.kosmolat.eu\/lv\/product\/i_bio-naturell-kremziepes-mandelu-piens-473-ml\/","title":{"rendered":"I_Bio Naturell Kr\u0113mziepes Mande\u013cu piens, 473 ml"},"content":{"rendered":"<p>T\u041c Bio Naturell kr\u0113mziepes satur komponentus, kas efekt\u012bvi un maigi att\u012bra \u0101du. Mande\u013cu e\u013c\u013ca un glicer\u012bns m\u012bkstina \u0101du, padara to elast\u012bg\u0101ku un koptu, nov\u0113r&scaron;ot mitruma zudumu. Veg\u0101nisks produkts.<\/p>\n<p><strong>Lieto&scaron;ana:<\/strong> uzkl\u0101t nepiecie&scaron;amu daudzumu uz rok\u0101m, saputot, nomazg\u0101t ar \u016bdeni.<\/p>\n<p><strong>Piesardz\u012bbas pas\u0101kumi:<\/strong> iesp\u0113jama individu\u0101l\u0101 paaugstin\u0101ta jut\u012bba pret atsevi&scaron;\u0137\u0101m sast\u0101vda\u013c\u0101m.&nbsp;<\/p>\n<p>Uzglab\u0101t temperat\u016br\u0101 no +5&deg;C l\u012bdz +25&deg;C.<br \/>\n&nbsp;<\/p>\n","protected":false},"excerpt":{"rendered":"<p>T\u041c Bio Naturell kr\u0113mziepes satur komponentus, kas efekt\u012bvi un maigi att\u012bra \u0101du. Mande\u013cu e\u013c\u013ca un glicer\u012bns m\u012bkstina \u0101du, padara to elast\u012bg\u0101ku un koptu, nov\u0113r&scaron;ot mitruma zudumu. Veg\u0101nisks produkts. Lieto&scaron;ana: uzkl\u0101t nepiecie&scaron;amu daudzumu uz rok\u0101m, saputot, nomazg\u0101t ar \u016bdeni. Piesardz\u012bbas pas\u0101kumi: iesp\u0113jama individu\u0101l\u0101 paaugstin\u0101ta jut\u012bba pret atsevi&scaron;\u0137\u0101m sast\u0101vda\u013c\u0101m.&nbsp; Uzglab\u0101t temperat\u016br\u0101 no +5&deg;C l\u012bdz +25&deg;C. &nbsp;<\/p>\n","protected":false},"featured_media":89746,"template":"","meta":[],"product_cat":[1746],"product_tag":[],"class_list":{"0":"post-31665","1":"product","2":"type-product","3":"status-publish","4":"has-post-thumbnail","6":"product_brand-elfa_ua","7":"product_cat-skidras-ziepes","9":"first","10":"outofstock","11":"taxable","12":"shipping-taxable","13":"product-type-simple"},"_links":{"self":[{"href":"https:\/\/e.kosmolat.eu\/lv\/wp-json\/wp\/v2\/product\/31665","targetHints":{"allow":["GET"]}}],"collection":[{"href":"https:\/\/e.kosmolat.eu\/lv\/wp-json\/wp\/v2\/product"}],"about":[{"href":"https:\/\/e.kosmolat.eu\/lv\/wp-json\/wp\/v2\/types\/product"}],"wp:featuredmedia":[{"embeddable":true,"href":"https:\/\/e.kosmolat.eu\/lv\/wp-json\/wp\/v2\/media\/89746"}],"wp:attachment":[{"href":"https:\/\/e.kosmolat.eu\/lv\/wp-json\/wp\/v2\/media?parent=31665"}],"wp:term":[{"taxonomy":"product_cat","embeddable":true,"href":"https:\/\/e.kosmolat.eu\/lv\/wp-json\/wp\/v2\/product_cat?post=31665"},{"taxonomy":"product_tag","embeddable":true,"href":"https:\/\/e.kosmolat.eu\/lv\/wp-json\/wp\/v2\/product_tag?post=31665"}],"curies":[{"name":"wp","href":"https:\/\/api.w.org\/{rel}","templated":true}]}}