{"id":31661,"date":"2023-12-19T22:43:48","date_gmt":"2023-12-19T22:43:48","guid":{"rendered":"https:\/\/e.kosmolat.eu\/product\/bio-naturell-kremziepes-mango-un-ananass-473-ml\/"},"modified":"2026-04-22T09:30:43","modified_gmt":"2026-04-22T09:30:43","slug":"bio-naturell-kremziepes-mango-un-ananass-473-ml","status":"publish","type":"product","link":"https:\/\/e.kosmolat.eu\/lv\/product\/bio-naturell-kremziepes-mango-un-ananass-473-ml\/","title":{"rendered":"Bio Naturell Kr\u0113mziepes Mango un anan\u0101ss, 473 ml"},"content":{"rendered":"<p>TM Bio Naturell kr\u0113mziepes satur komponentus, kas&nbsp;maigi un efekt\u012bvi att\u012bra \u0101du. Mango e\u013c\u013ca un anan\u0101sa ekstrakts m\u012bkstina \u0101du, padara to elast\u012bg\u0101ku un koptu, nov\u0113r&scaron;ot mitruma zudumu. Veg\u0101nisks produkts.<\/p>\n<p><strong>Lieto&scaron;ana:<\/strong> uzkl\u0101t nepiecie&scaron;amu daudzumu uz rok\u0101m, saputot, nomazg\u0101t ar \u016bdeni.<\/p>\n<p><strong>Piesardz\u012bbas pas\u0101kumi<\/strong>: iesp\u0113jama individu\u0101l\u0101 paaugstin\u0101ta jut\u012bba pret atsevi&scaron;\u0137\u0101m sast\u0101vda\u013c\u0101m.&nbsp;<\/p>\n<p>Uzglab\u0101t temperat\u016br\u0101 no +5&deg;C l\u012bdz +25&deg;C.<br \/>\n&nbsp;<\/p>\n","protected":false},"excerpt":{"rendered":"<p>TM Bio Naturell kr\u0113mziepes satur komponentus, kas&nbsp;maigi un efekt\u012bvi att\u012bra \u0101du. Mango e\u013c\u013ca un anan\u0101sa ekstrakts m\u012bkstina \u0101du, padara to elast\u012bg\u0101ku un koptu, nov\u0113r&scaron;ot mitruma zudumu. Veg\u0101nisks produkts. Lieto&scaron;ana: uzkl\u0101t nepiecie&scaron;amu daudzumu uz rok\u0101m, saputot, nomazg\u0101t ar \u016bdeni. Piesardz\u012bbas pas\u0101kumi: iesp\u0113jama individu\u0101l\u0101 paaugstin\u0101ta jut\u012bba pret atsevi&scaron;\u0137\u0101m sast\u0101vda\u013c\u0101m.&nbsp; Uzglab\u0101t temperat\u016br\u0101 no +5&deg;C l\u012bdz +25&deg;C. &nbsp;<\/p>\n","protected":false},"featured_media":89742,"template":"","meta":[],"product_cat":[1999],"product_tag":[],"class_list":{"0":"post-31661","1":"product","2":"type-product","3":"status-publish","4":"has-post-thumbnail","6":"product_brand-elfa_ua","7":"product_cat-bez-kategorijas","9":"first","10":"instock","11":"taxable","12":"shipping-taxable","13":"product-type-simple"},"_links":{"self":[{"href":"https:\/\/e.kosmolat.eu\/lv\/wp-json\/wp\/v2\/product\/31661","targetHints":{"allow":["GET"]}}],"collection":[{"href":"https:\/\/e.kosmolat.eu\/lv\/wp-json\/wp\/v2\/product"}],"about":[{"href":"https:\/\/e.kosmolat.eu\/lv\/wp-json\/wp\/v2\/types\/product"}],"wp:featuredmedia":[{"embeddable":true,"href":"https:\/\/e.kosmolat.eu\/lv\/wp-json\/wp\/v2\/media\/89742"}],"wp:attachment":[{"href":"https:\/\/e.kosmolat.eu\/lv\/wp-json\/wp\/v2\/media?parent=31661"}],"wp:term":[{"taxonomy":"product_cat","embeddable":true,"href":"https:\/\/e.kosmolat.eu\/lv\/wp-json\/wp\/v2\/product_cat?post=31661"},{"taxonomy":"product_tag","embeddable":true,"href":"https:\/\/e.kosmolat.eu\/lv\/wp-json\/wp\/v2\/product_tag?post=31661"}],"curies":[{"name":"wp","href":"https:\/\/api.w.org\/{rel}","templated":true}]}}