{"id":31633,"date":"2023-12-19T22:41:22","date_gmt":"2023-12-19T22:41:22","guid":{"rendered":"https:\/\/e.kosmolat.eu\/product\/bio-naturell-kremziepes-ziepes-coconut-milk-946-ml\/"},"modified":"2026-04-21T12:08:29","modified_gmt":"2026-04-21T12:08:29","slug":"bio-naturell-kremziepes-ziepes-coconut-milk-946-ml","status":"publish","type":"product","link":"https:\/\/e.kosmolat.eu\/lv\/product\/bio-naturell-kremziepes-ziepes-coconut-milk-946-ml\/","title":{"rendered":"Bio Naturell Kr\u0113mziepes ziepes Coconut milk, 946 ml"},"content":{"rendered":"<p>T\u041c Bio Naturell kr\u0113mziepes satur komponentus, kas efekt\u012bvi un maigi att\u012bra \u0101du. Kokosriekstu ekstrakts, piens un glicer\u012bns m\u012bkstina \u0101du, padara to elast\u012bg\u0101ku, nov\u0113r&scaron;ot mitruma zudumu. Ziep\u0113m ir kr\u0113m\u012bg\u0101 tekst\u016bra un viegls arom\u0101ts. Veg\u0101nisks produkts.<\/p>\n<p><strong>Lieto&scaron;ana:<\/strong> uzkl\u0101t nepiecie&scaron;amu daudzumu uz rok\u0101m, saputot, nomazg\u0101t ar \u016bdeni.<\/p>\n<p><strong>Piesardz\u012bbas pas\u0101kumi:<\/strong> iesp\u0113jama individu\u0101l\u0101 paaugstin\u0101ta jut\u012bba pret atsevi&scaron;\u0137\u0101m sast\u0101vda\u013c\u0101m.&nbsp;<\/p>\n<p>Uzglab\u0101t temperat\u016br\u0101 no +5&deg;C l\u012bdz +25&deg;C.<br \/>\n&nbsp;<\/p>\n","protected":false},"excerpt":{"rendered":"<p>T\u041c Bio Naturell kr\u0113mziepes satur komponentus, kas efekt\u012bvi un maigi att\u012bra \u0101du. Kokosriekstu ekstrakts, piens un glicer\u012bns m\u012bkstina \u0101du, padara to elast\u012bg\u0101ku, nov\u0113r&scaron;ot mitruma zudumu. Ziep\u0113m ir kr\u0113m\u012bg\u0101 tekst\u016bra un viegls arom\u0101ts. Veg\u0101nisks produkts. Lieto&scaron;ana: uzkl\u0101t nepiecie&scaron;amu daudzumu uz rok\u0101m, saputot, nomazg\u0101t ar \u016bdeni. Piesardz\u012bbas pas\u0101kumi: iesp\u0113jama individu\u0101l\u0101 paaugstin\u0101ta jut\u012bba pret atsevi&scaron;\u0137\u0101m sast\u0101vda\u013c\u0101m.&nbsp; Uzglab\u0101t temperat\u016br\u0101 [&#8230;]\n","protected":false},"featured_media":78083,"template":"","meta":[],"product_cat":[1999],"product_tag":[],"class_list":{"0":"post-31633","1":"product","2":"type-product","3":"status-publish","4":"has-post-thumbnail","6":"product_brand-elfa_ua","7":"product_cat-bez-kategorijas","9":"first","10":"instock","11":"taxable","12":"shipping-taxable","13":"product-type-simple"},"_links":{"self":[{"href":"https:\/\/e.kosmolat.eu\/lv\/wp-json\/wp\/v2\/product\/31633","targetHints":{"allow":["GET"]}}],"collection":[{"href":"https:\/\/e.kosmolat.eu\/lv\/wp-json\/wp\/v2\/product"}],"about":[{"href":"https:\/\/e.kosmolat.eu\/lv\/wp-json\/wp\/v2\/types\/product"}],"wp:featuredmedia":[{"embeddable":true,"href":"https:\/\/e.kosmolat.eu\/lv\/wp-json\/wp\/v2\/media\/78083"}],"wp:attachment":[{"href":"https:\/\/e.kosmolat.eu\/lv\/wp-json\/wp\/v2\/media?parent=31633"}],"wp:term":[{"taxonomy":"product_cat","embeddable":true,"href":"https:\/\/e.kosmolat.eu\/lv\/wp-json\/wp\/v2\/product_cat?post=31633"},{"taxonomy":"product_tag","embeddable":true,"href":"https:\/\/e.kosmolat.eu\/lv\/wp-json\/wp\/v2\/product_tag?post=31633"}],"curies":[{"name":"wp","href":"https:\/\/api.w.org\/{rel}","templated":true}]}}