{"id":31621,"date":"2023-12-19T22:40:17","date_gmt":"2023-12-19T22:40:17","guid":{"rendered":"https:\/\/e.kosmolat.eu\/product\/bio-naturell-matu-maska-sweet-almond-oil-ceramides-295-ml\/"},"modified":"2026-04-21T07:42:48","modified_gmt":"2026-04-21T07:42:48","slug":"i_bio-naturell-matu-maska-sweet-almond-oil-ceramides-295-ml","status":"publish","type":"product","link":"https:\/\/e.kosmolat.eu\/lv\/product\/i_bio-naturell-matu-maska-sweet-almond-oil-ceramides-295-ml\/","title":{"rendered":"I_Bio Naturell Matu maska Sweet Almond Oil &#038; Ceramides, 295 ml"},"content":{"rendered":"<p>Maska matu sp\u012bdumam. 97% dabiskas izcelsmes sast\u0101vda\u013cas. Satur 100% dab\u012bgas e\u013c\u013cas. Veg\u0101nisks produkts.<\/p>\n<p><strong>Lieto&scaron;ana: <\/strong>uzkl\u0101t uz t\u012briem mitriem matiem. Atst\u0101t uz 3-5 min\u016btem, tad r\u016bp\u012bgi nomazg\u0101t.&nbsp;<\/p>\n<p><strong>Piesardz\u012bbas pas\u0101kumi:<\/strong> ja iek\u013c\u016bst ac\u012bs, izskalot ar \u016bdeni. Iesp\u0113jama paaugstin\u0101ta individu\u0101la jut\u012bba pret atsevi&scaron;\u0137\u0101m produkta sast\u0101vda\u013c\u0101m.&nbsp;<\/p>\n<p>Uzglab\u0101t temperat\u016br\u0101 no +5 &deg;\u0421 l\u012bdz +25 &deg;\u0421.<br \/>\n&nbsp;<\/p>\n","protected":false},"excerpt":{"rendered":"<p>Maska matu sp\u012bdumam. 97% dabiskas izcelsmes sast\u0101vda\u013cas. Satur 100% dab\u012bgas e\u013c\u013cas. Veg\u0101nisks produkts. Lieto&scaron;ana: uzkl\u0101t uz t\u012briem mitriem matiem. Atst\u0101t uz 3-5 min\u016btem, tad r\u016bp\u012bgi nomazg\u0101t.&nbsp; Piesardz\u012bbas pas\u0101kumi: ja iek\u013c\u016bst ac\u012bs, izskalot ar \u016bdeni. Iesp\u0113jama paaugstin\u0101ta individu\u0101la jut\u012bba pret atsevi&scaron;\u0137\u0101m produkta sast\u0101vda\u013c\u0101m.&nbsp; Uzglab\u0101t temperat\u016br\u0101 no +5 &deg;\u0421 l\u012bdz +25 &deg;\u0421. &nbsp;<\/p>\n","protected":false},"featured_media":89566,"template":"","meta":[],"product_cat":[1254],"product_tag":[],"class_list":{"0":"post-31621","1":"product","2":"type-product","3":"status-publish","4":"has-post-thumbnail","6":"product_brand-elfa_ua","7":"product_cat-maskas-matiem","9":"first","10":"instock","11":"taxable","12":"shipping-taxable","13":"product-type-simple"},"_links":{"self":[{"href":"https:\/\/e.kosmolat.eu\/lv\/wp-json\/wp\/v2\/product\/31621","targetHints":{"allow":["GET"]}}],"collection":[{"href":"https:\/\/e.kosmolat.eu\/lv\/wp-json\/wp\/v2\/product"}],"about":[{"href":"https:\/\/e.kosmolat.eu\/lv\/wp-json\/wp\/v2\/types\/product"}],"wp:featuredmedia":[{"embeddable":true,"href":"https:\/\/e.kosmolat.eu\/lv\/wp-json\/wp\/v2\/media\/89566"}],"wp:attachment":[{"href":"https:\/\/e.kosmolat.eu\/lv\/wp-json\/wp\/v2\/media?parent=31621"}],"wp:term":[{"taxonomy":"product_cat","embeddable":true,"href":"https:\/\/e.kosmolat.eu\/lv\/wp-json\/wp\/v2\/product_cat?post=31621"},{"taxonomy":"product_tag","embeddable":true,"href":"https:\/\/e.kosmolat.eu\/lv\/wp-json\/wp\/v2\/product_tag?post=31621"}],"curies":[{"name":"wp","href":"https:\/\/api.w.org\/{rel}","templated":true}]}}