{"id":31597,"date":"2023-12-19T22:38:15","date_gmt":"2023-12-19T22:38:15","guid":{"rendered":"https:\/\/e.kosmolat.eu\/product\/bio-naturell-black-castor-oil-keratin-samp-vis-matu-tipiem-355-ml\/"},"modified":"2026-04-14T15:41:20","modified_gmt":"2026-04-14T15:41:20","slug":"i_bio-naturell-black-castor-oil-keratin-samp-vis-matu-tipiem-355-ml","status":"publish","type":"product","link":"https:\/\/e.kosmolat.eu\/lv\/product\/i_bio-naturell-black-castor-oil-keratin-samp-vis-matu-tipiem-355-ml\/","title":{"rendered":"I_Bio Naturell Black Castor Oil &#038; Keratin \u0160amp. vis. matu tipiem 355 ml"},"content":{"rendered":"<p>Atjaunojo&scaron;s matu &scaron;amp\u016bns. 97% dabiskas izcelsmes sast\u0101vda\u013cas. Satur 100% dab\u012bgas e\u013c\u013cas. Veg\u0101nisks produkts.<\/p>\n<p><strong>Lieto&scaron;ana: <\/strong>uzkl\u0101t uz mitriem matiem, saputot, noskalot ar \u016bdeni.<\/p>\n<p><strong>Piesardz\u012bbas pas\u0101kumi:<\/strong> ja iek\u013c\u016bst ac\u012bs, izskalot ar \u016bdeni. Iesp\u0113jama paaugstin\u0101ta individu\u0101la jut\u012bba pret atsevi&scaron;\u0137\u0101m produkta sast\u0101vda\u013c\u0101m.&nbsp;<\/p>\n<p>Uzglab\u0101t temperat\u016br\u0101 no +5 &deg;\u0421 l\u012bdz +25 &deg;\u0421.<br \/>\n&nbsp;<\/p>\n","protected":false},"excerpt":{"rendered":"<p>Atjaunojo&scaron;s matu &scaron;amp\u016bns. 97% dabiskas izcelsmes sast\u0101vda\u013cas. Satur 100% dab\u012bgas e\u013c\u013cas. Veg\u0101nisks produkts. Lieto&scaron;ana: uzkl\u0101t uz mitriem matiem, saputot, noskalot ar \u016bdeni. Piesardz\u012bbas pas\u0101kumi: ja iek\u013c\u016bst ac\u012bs, izskalot ar \u016bdeni. Iesp\u0113jama paaugstin\u0101ta individu\u0101la jut\u012bba pret atsevi&scaron;\u0137\u0101m produkta sast\u0101vda\u013c\u0101m.&nbsp; Uzglab\u0101t temperat\u016br\u0101 no +5 &deg;\u0421 l\u012bdz +25 &deg;\u0421. &nbsp;<\/p>\n","protected":false},"featured_media":89534,"template":"","meta":[],"product_cat":[1248],"product_tag":[],"class_list":{"0":"post-31597","1":"product","2":"type-product","3":"status-publish","4":"has-post-thumbnail","6":"product_brand-elfa_ua","7":"product_cat-sampuni","9":"first","10":"outofstock","11":"taxable","12":"shipping-taxable","13":"product-type-simple"},"_links":{"self":[{"href":"https:\/\/e.kosmolat.eu\/lv\/wp-json\/wp\/v2\/product\/31597","targetHints":{"allow":["GET"]}}],"collection":[{"href":"https:\/\/e.kosmolat.eu\/lv\/wp-json\/wp\/v2\/product"}],"about":[{"href":"https:\/\/e.kosmolat.eu\/lv\/wp-json\/wp\/v2\/types\/product"}],"wp:featuredmedia":[{"embeddable":true,"href":"https:\/\/e.kosmolat.eu\/lv\/wp-json\/wp\/v2\/media\/89534"}],"wp:attachment":[{"href":"https:\/\/e.kosmolat.eu\/lv\/wp-json\/wp\/v2\/media?parent=31597"}],"wp:term":[{"taxonomy":"product_cat","embeddable":true,"href":"https:\/\/e.kosmolat.eu\/lv\/wp-json\/wp\/v2\/product_cat?post=31597"},{"taxonomy":"product_tag","embeddable":true,"href":"https:\/\/e.kosmolat.eu\/lv\/wp-json\/wp\/v2\/product_tag?post=31597"}],"curies":[{"name":"wp","href":"https:\/\/api.w.org\/{rel}","templated":true}]}}