{"id":31593,"date":"2023-12-19T22:37:54","date_gmt":"2023-12-19T22:37:54","guid":{"rendered":"https:\/\/e.kosmolat.eu\/product\/bio-naturell-avocado-oil-biotin-samp-vis-matu-tip-355-ml\/"},"modified":"2026-03-31T20:11:18","modified_gmt":"2026-03-31T20:11:18","slug":"i_bio-naturell-avocado-oil-biotin-samp-vis-matu-tip-355-ml","status":"publish","type":"product","link":"https:\/\/e.kosmolat.eu\/lv\/product\/i_bio-naturell-avocado-oil-biotin-samp-vis-matu-tip-355-ml\/","title":{"rendered":"I_Bio Naturell Avocado Oil &#038; Biotin \u0160amp. vis. matu tip., 355 ml"},"content":{"rendered":"<p>&Scaron;amp\u016bns visiem matu tipiem.&nbsp;<\/p>\n<p><strong>Lieto&scaron;ana:<\/strong> uzkl\u0101t uz mitriem matiem, saputot, nomazg\u0101t ar \u016bdeni.<\/p>\n<p>Piesardz\u012bbas pas\u0101kumi: iek\u013c\u016bstot ac\u012bs nomazg\u0101t ar \u016bdeni.&nbsp;<\/p>\n","protected":false},"excerpt":{"rendered":"<p>&Scaron;amp\u016bns visiem matu tipiem.&nbsp; Lieto&scaron;ana: uzkl\u0101t uz mitriem matiem, saputot, nomazg\u0101t ar \u016bdeni. Piesardz\u012bbas pas\u0101kumi: iek\u013c\u016bstot ac\u012bs nomazg\u0101t ar \u016bdeni.&nbsp;<\/p>\n","protected":false},"featured_media":89530,"template":"","meta":[],"product_cat":[1248],"product_tag":[],"class_list":{"0":"post-31593","1":"product","2":"type-product","3":"status-publish","4":"has-post-thumbnail","6":"product_brand-elfa_ua","7":"product_cat-sampuni","9":"first","10":"outofstock","11":"taxable","12":"shipping-taxable","13":"product-type-simple"},"_links":{"self":[{"href":"https:\/\/e.kosmolat.eu\/lv\/wp-json\/wp\/v2\/product\/31593","targetHints":{"allow":["GET"]}}],"collection":[{"href":"https:\/\/e.kosmolat.eu\/lv\/wp-json\/wp\/v2\/product"}],"about":[{"href":"https:\/\/e.kosmolat.eu\/lv\/wp-json\/wp\/v2\/types\/product"}],"wp:featuredmedia":[{"embeddable":true,"href":"https:\/\/e.kosmolat.eu\/lv\/wp-json\/wp\/v2\/media\/89530"}],"wp:attachment":[{"href":"https:\/\/e.kosmolat.eu\/lv\/wp-json\/wp\/v2\/media?parent=31593"}],"wp:term":[{"taxonomy":"product_cat","embeddable":true,"href":"https:\/\/e.kosmolat.eu\/lv\/wp-json\/wp\/v2\/product_cat?post=31593"},{"taxonomy":"product_tag","embeddable":true,"href":"https:\/\/e.kosmolat.eu\/lv\/wp-json\/wp\/v2\/product_tag?post=31593"}],"curies":[{"name":"wp","href":"https:\/\/api.w.org\/{rel}","templated":true}]}}