{"id":31585,"date":"2023-12-19T22:37:14","date_gmt":"2023-12-19T22:37:14","guid":{"rendered":"https:\/\/e.kosmolat.eu\/product\/dr-sante-aloe-vera-sampuns-rekonstrukcija-1000-ml\/"},"modified":"2026-04-17T07:55:03","modified_gmt":"2026-04-17T07:55:03","slug":"dr-sante-aloe-vera-sampuns-rekonstrukcija-1000-ml","status":"publish","type":"product","link":"https:\/\/e.kosmolat.eu\/lv\/product\/dr-sante-aloe-vera-sampuns-rekonstrukcija-1000-ml\/","title":{"rendered":"Dr.Sante Aloe Vera \u0161amp\u016bns Rekonstrukcija, 1000 ml"},"content":{"rendered":"<p>Stiprino&scaron;s &scaron;amp\u016bns maigi att\u012bra matus no net\u012brumiem un ieveido&scaron;anas l\u012bdzek\u013cu p\u0101rpalikumus. Regul\u0101ri lietojot &scaron;amp\u016bnu, mati k\u013c\u016bs vesel\u012bg\u0101ki, glud\u0101ki un m\u012bkst\u0101ki.<\/p>\n<p><strong>Lieto&scaron;ana:<\/strong> uzkl\u0101t nepiecie&scaron;amu l\u012bdzek\u013ca daudzumu uz mitriem matiem, saputot, r\u016bp\u012bgi nomazg\u0101t ar \u016bdeni. Nepiecie&scaron;am\u012bbas gad\u012bjum\u0101 proced\u016bru atk\u0101rtot. P\u0113c &scaron;amp\u016bna lieto&scaron;anas tiek rekomend\u0113ts uzkl\u0101t uz matiem balzamu vai masku.&nbsp;<\/p>\n<p><strong>Piesardz\u012bbas pas\u0101kumi:<\/strong> ja iek\u013c\u016bst ac\u012bs, nomazg\u0101t ar \u016bdeni. Paaugstin\u0101ta individu\u0101l\u0101 jut\u012bba uz atsevi&scaron;\u0137\u0101m sast\u0101vda\u013c\u0101m.&nbsp;<\/p>\n<p>Uzglab\u0101t temperat\u016br\u0101 no +5 &deg;\u0421 l\u012bdz +25 &deg;\u0421.<br \/>\n&nbsp;<\/p>\n","protected":false},"excerpt":{"rendered":"<p>Stiprino&scaron;s &scaron;amp\u016bns maigi att\u012bra matus no net\u012brumiem un ieveido&scaron;anas l\u012bdzek\u013cu p\u0101rpalikumus. Regul\u0101ri lietojot &scaron;amp\u016bnu, mati k\u013c\u016bs vesel\u012bg\u0101ki, glud\u0101ki un m\u012bkst\u0101ki. Lieto&scaron;ana: uzkl\u0101t nepiecie&scaron;amu l\u012bdzek\u013ca daudzumu uz mitriem matiem, saputot, r\u016bp\u012bgi nomazg\u0101t ar \u016bdeni. Nepiecie&scaron;am\u012bbas gad\u012bjum\u0101 proced\u016bru atk\u0101rtot. P\u0113c &scaron;amp\u016bna lieto&scaron;anas tiek rekomend\u0113ts uzkl\u0101t uz matiem balzamu vai masku.&nbsp; Piesardz\u012bbas pas\u0101kumi: ja iek\u013c\u016bst ac\u012bs, nomazg\u0101t ar [&#8230;]\n","protected":false},"featured_media":89522,"template":"","meta":[],"product_cat":[1999],"product_tag":[],"class_list":{"0":"post-31585","1":"product","2":"type-product","3":"status-publish","4":"has-post-thumbnail","6":"product_brand-elfa_ua","7":"product_cat-bez-kategorijas","9":"first","10":"instock","11":"taxable","12":"shipping-taxable","13":"product-type-simple"},"_links":{"self":[{"href":"https:\/\/e.kosmolat.eu\/lv\/wp-json\/wp\/v2\/product\/31585","targetHints":{"allow":["GET"]}}],"collection":[{"href":"https:\/\/e.kosmolat.eu\/lv\/wp-json\/wp\/v2\/product"}],"about":[{"href":"https:\/\/e.kosmolat.eu\/lv\/wp-json\/wp\/v2\/types\/product"}],"wp:featuredmedia":[{"embeddable":true,"href":"https:\/\/e.kosmolat.eu\/lv\/wp-json\/wp\/v2\/media\/89522"}],"wp:attachment":[{"href":"https:\/\/e.kosmolat.eu\/lv\/wp-json\/wp\/v2\/media?parent=31585"}],"wp:term":[{"taxonomy":"product_cat","embeddable":true,"href":"https:\/\/e.kosmolat.eu\/lv\/wp-json\/wp\/v2\/product_cat?post=31585"},{"taxonomy":"product_tag","embeddable":true,"href":"https:\/\/e.kosmolat.eu\/lv\/wp-json\/wp\/v2\/product_tag?post=31585"}],"curies":[{"name":"wp","href":"https:\/\/api.w.org\/{rel}","templated":true}]}}