{"id":31577,"date":"2023-12-19T22:36:30","date_gmt":"2023-12-19T22:36:30","guid":{"rendered":"https:\/\/e.kosmolat.eu\/product\/lv-d-panthenol-vitamin-e-nagu-un-kutikulas-serums-atjaunosana-10-g\/"},"modified":"2025-09-20T01:58:10","modified_gmt":"2025-09-20T01:58:10","slug":"lv-d-panthenol-vitamin-e-nagu-un-kutikulas-serums-atjaunosana-10-g","status":"publish","type":"product","link":"https:\/\/e.kosmolat.eu\/lv\/product\/lv-d-panthenol-vitamin-e-nagu-un-kutikulas-serums-atjaunosana-10-g\/","title":{"rendered":"LV D-panthenol &#038; Vitamin E Nagu un kutikulas serums Atjauno\u0161ana, 10 g"},"content":{"rendered":"<p>D-pantenols, E vitam\u012bns, mande\u013cu e\u013c\u013ca un apels\u012bnu \u0113terisk\u0101 e\u013c\u013ca mitrina, baro un m\u012bkstina kutikulu. Tiem piem\u012bt atjaunojo&scaron;a, nomierino&scaron;a un antioksidanta iedarb\u012bba.<\/p>\n<p><strong>Lieto&scaron;ana:<\/strong> uzkl\u0101t ar mas\u0113jo&scaron;\u0101m kust\u012bb\u0101m uz nagiem un kutikulas l\u012bdz piln\u012bb\u0101 uzs\u016bcas.<\/p>\n<p>Uzglab\u0101t temperat\u016br\u0101 no +5 &deg;\u0421 l\u012bdz +25 &deg;\u0421.<br \/>\n&nbsp;<\/p>\n","protected":false},"excerpt":{"rendered":"<p>D-pantenols, E vitam\u012bns, mande\u013cu e\u013c\u013ca un apels\u012bnu \u0113terisk\u0101 e\u013c\u013ca mitrina, baro un m\u012bkstina kutikulu. Tiem piem\u012bt atjaunojo&scaron;a, nomierino&scaron;a un antioksidanta iedarb\u012bba. Lieto&scaron;ana: uzkl\u0101t ar mas\u0113jo&scaron;\u0101m kust\u012bb\u0101m uz nagiem un kutikulas l\u012bdz piln\u012bb\u0101 uzs\u016bcas. Uzglab\u0101t temperat\u016br\u0101 no +5 &deg;\u0421 l\u012bdz +25 &deg;\u0421. &nbsp;<\/p>\n","protected":false},"featured_media":89506,"template":"","meta":[],"product_cat":[1743],"product_tag":[],"class_list":{"0":"post-31577","1":"product","2":"type-product","3":"status-publish","4":"has-post-thumbnail","6":"product_brand-lux-visage_by","7":"product_cat-nagu-kopsana-roku-kopsana","9":"first","10":"outofstock","11":"taxable","12":"shipping-taxable","13":"product-type-simple"},"_links":{"self":[{"href":"https:\/\/e.kosmolat.eu\/lv\/wp-json\/wp\/v2\/product\/31577","targetHints":{"allow":["GET"]}}],"collection":[{"href":"https:\/\/e.kosmolat.eu\/lv\/wp-json\/wp\/v2\/product"}],"about":[{"href":"https:\/\/e.kosmolat.eu\/lv\/wp-json\/wp\/v2\/types\/product"}],"wp:featuredmedia":[{"embeddable":true,"href":"https:\/\/e.kosmolat.eu\/lv\/wp-json\/wp\/v2\/media\/89506"}],"wp:attachment":[{"href":"https:\/\/e.kosmolat.eu\/lv\/wp-json\/wp\/v2\/media?parent=31577"}],"wp:term":[{"taxonomy":"product_cat","embeddable":true,"href":"https:\/\/e.kosmolat.eu\/lv\/wp-json\/wp\/v2\/product_cat?post=31577"},{"taxonomy":"product_tag","embeddable":true,"href":"https:\/\/e.kosmolat.eu\/lv\/wp-json\/wp\/v2\/product_tag?post=31577"}],"curies":[{"name":"wp","href":"https:\/\/api.w.org\/{rel}","templated":true}]}}