{"id":31521,"date":"2023-12-19T22:32:04","date_gmt":"2023-12-19T22:32:04","guid":{"rendered":"https:\/\/e.kosmolat.eu\/product\/vera-higieniskie-tamponi-super-8-gab\/"},"modified":"2026-04-16T05:54:56","modified_gmt":"2026-04-16T05:54:56","slug":"vera-higieniskie-tamponi-super-8-gab","status":"publish","type":"product","link":"https:\/\/e.kosmolat.eu\/lv\/product\/vera-higieniskie-tamponi-super-8-gab\/","title":{"rendered":"Vera Higi\u0113niskie tamponi Super, 8 gab."},"content":{"rendered":"<p><strong>Sast\u0101vs:<\/strong> 100% viskozes materi\u0101ls, m\u012bksts neausts materi\u0101ls, hidrofobisks diegs.&nbsp;<\/p>\n<p><strong>Der\u012bguma termi\u0146&scaron;:<\/strong> 5 gadi no izgatavo&scaron;anas datuma.<\/p>\n<p>Uzglab\u0101t saus\u0101 viet\u0101.<br \/>\n&nbsp;<\/p>\n","protected":false},"excerpt":{"rendered":"<p>Sast\u0101vs: 100% viskozes materi\u0101ls, m\u012bksts neausts materi\u0101ls, hidrofobisks diegs.&nbsp; Der\u012bguma termi\u0146&scaron;: 5 gadi no izgatavo&scaron;anas datuma. Uzglab\u0101t saus\u0101 viet\u0101. &nbsp;<\/p>\n","protected":false},"featured_media":89394,"template":"","meta":[],"product_cat":[1999],"product_tag":[],"class_list":{"0":"post-31521","1":"product","2":"type-product","3":"status-publish","4":"has-post-thumbnail","6":"product_brand-vera_pl","7":"product_cat-bez-kategorijas","9":"first","10":"instock","11":"taxable","12":"shipping-taxable","13":"product-type-simple"},"_links":{"self":[{"href":"https:\/\/e.kosmolat.eu\/lv\/wp-json\/wp\/v2\/product\/31521","targetHints":{"allow":["GET"]}}],"collection":[{"href":"https:\/\/e.kosmolat.eu\/lv\/wp-json\/wp\/v2\/product"}],"about":[{"href":"https:\/\/e.kosmolat.eu\/lv\/wp-json\/wp\/v2\/types\/product"}],"wp:featuredmedia":[{"embeddable":true,"href":"https:\/\/e.kosmolat.eu\/lv\/wp-json\/wp\/v2\/media\/89394"}],"wp:attachment":[{"href":"https:\/\/e.kosmolat.eu\/lv\/wp-json\/wp\/v2\/media?parent=31521"}],"wp:term":[{"taxonomy":"product_cat","embeddable":true,"href":"https:\/\/e.kosmolat.eu\/lv\/wp-json\/wp\/v2\/product_cat?post=31521"},{"taxonomy":"product_tag","embeddable":true,"href":"https:\/\/e.kosmolat.eu\/lv\/wp-json\/wp\/v2\/product_tag?post=31521"}],"curies":[{"name":"wp","href":"https:\/\/api.w.org\/{rel}","templated":true}]}}