{"id":31517,"date":"2023-12-19T22:31:49","date_gmt":"2023-12-19T22:31:49","guid":{"rendered":"https:\/\/e.kosmolat.eu\/product\/vera-higieniskie-tamponi-normal-8-gab\/"},"modified":"2026-04-01T07:22:39","modified_gmt":"2026-04-01T07:22:39","slug":"vera-higieniskie-tamponi-normal-8-gab","status":"publish","type":"product","link":"https:\/\/e.kosmolat.eu\/lv\/product\/vera-higieniskie-tamponi-normal-8-gab\/","title":{"rendered":"Vera Higi\u0113niskie tamponi Normal, 8 gab."},"content":{"rendered":"<p><strong>Sast\u0101vs: <\/strong>100% viskozes materi\u0101ls, m\u012bksts neausts materi\u0101ls, hidrofobisks diegs.&nbsp;<\/p>\n<p><strong>Der\u012bguma termi\u0146&scaron;: <\/strong>5 gadi no izgatavo&scaron;anas datuma, kas nor\u0101d\u012bts uz iepakojuma.&nbsp;<\/p>\n<p>Uzglab\u0101t saus\u0101 viet\u0101.<br \/>\n&nbsp;<\/p>\n","protected":false},"excerpt":{"rendered":"<p>Sast\u0101vs: 100% viskozes materi\u0101ls, m\u012bksts neausts materi\u0101ls, hidrofobisks diegs.&nbsp; Der\u012bguma termi\u0146&scaron;: 5 gadi no izgatavo&scaron;anas datuma, kas nor\u0101d\u012bts uz iepakojuma.&nbsp; Uzglab\u0101t saus\u0101 viet\u0101. &nbsp;<\/p>\n","protected":false},"featured_media":89390,"template":"","meta":[],"product_cat":[1813],"product_tag":[],"class_list":{"0":"post-31517","1":"product","2":"type-product","3":"status-publish","4":"has-post-thumbnail","6":"product_brand-vera_pl","7":"product_cat-higienas-paketes-un-tamponi","9":"first","10":"instock","11":"taxable","12":"shipping-taxable","13":"product-type-simple"},"_links":{"self":[{"href":"https:\/\/e.kosmolat.eu\/lv\/wp-json\/wp\/v2\/product\/31517","targetHints":{"allow":["GET"]}}],"collection":[{"href":"https:\/\/e.kosmolat.eu\/lv\/wp-json\/wp\/v2\/product"}],"about":[{"href":"https:\/\/e.kosmolat.eu\/lv\/wp-json\/wp\/v2\/types\/product"}],"wp:featuredmedia":[{"embeddable":true,"href":"https:\/\/e.kosmolat.eu\/lv\/wp-json\/wp\/v2\/media\/89390"}],"wp:attachment":[{"href":"https:\/\/e.kosmolat.eu\/lv\/wp-json\/wp\/v2\/media?parent=31517"}],"wp:term":[{"taxonomy":"product_cat","embeddable":true,"href":"https:\/\/e.kosmolat.eu\/lv\/wp-json\/wp\/v2\/product_cat?post=31517"},{"taxonomy":"product_tag","embeddable":true,"href":"https:\/\/e.kosmolat.eu\/lv\/wp-json\/wp\/v2\/product_tag?post=31517"}],"curies":[{"name":"wp","href":"https:\/\/api.w.org\/{rel}","templated":true}]}}