{"id":31501,"date":"2023-12-19T22:30:49","date_gmt":"2023-12-19T22:30:49","guid":{"rendered":"https:\/\/e.kosmolat.eu\/product\/vera-siev-higien-paketes-duo-ultra-normal-soft-20-gab\/"},"modified":"2026-04-23T09:29:59","modified_gmt":"2026-04-23T09:29:59","slug":"vera-siev-higien-paketes-duo-ultra-normal-soft-20-gab","status":"publish","type":"product","link":"https:\/\/e.kosmolat.eu\/lv\/product\/vera-siev-higien-paketes-duo-ultra-normal-soft-20-gab\/","title":{"rendered":"Vera Siev.higi\u0113n.paketes Duo Ultra Normal Soft, 20 gab."},"content":{"rendered":"<p><strong>Sast\u0101vs: <\/strong>p\u016bkveida celuloze, neausts materi\u0101ls, polietil\u0113na pl\u0113ve, silikoniz\u0113ts pap\u012brs, superabsorbents, termoplastiska l\u012bme.&nbsp;<\/p>\n<p><strong>Der\u012bguma termi\u0146&scaron;:<\/strong> 3 gadi no izgatavo&scaron;anas datuma.&nbsp;<\/p>\n<p>Uzglab\u0101t saus\u0101 viet\u0101.<br \/>\n&nbsp;<\/p>\n","protected":false},"excerpt":{"rendered":"<p>Sast\u0101vs: p\u016bkveida celuloze, neausts materi\u0101ls, polietil\u0113na pl\u0113ve, silikoniz\u0113ts pap\u012brs, superabsorbents, termoplastiska l\u012bme.&nbsp; Der\u012bguma termi\u0146&scaron;: 3 gadi no izgatavo&scaron;anas datuma.&nbsp; Uzglab\u0101t saus\u0101 viet\u0101. &nbsp;<\/p>\n","protected":false},"featured_media":89374,"template":"","meta":[],"product_cat":[1813],"product_tag":[],"class_list":{"0":"post-31501","1":"product","2":"type-product","3":"status-publish","4":"has-post-thumbnail","6":"product_brand-vera_pl","7":"product_cat-higienas-paketes-un-tamponi","9":"first","10":"instock","11":"taxable","12":"shipping-taxable","13":"product-type-simple"},"_links":{"self":[{"href":"https:\/\/e.kosmolat.eu\/lv\/wp-json\/wp\/v2\/product\/31501","targetHints":{"allow":["GET"]}}],"collection":[{"href":"https:\/\/e.kosmolat.eu\/lv\/wp-json\/wp\/v2\/product"}],"about":[{"href":"https:\/\/e.kosmolat.eu\/lv\/wp-json\/wp\/v2\/types\/product"}],"wp:featuredmedia":[{"embeddable":true,"href":"https:\/\/e.kosmolat.eu\/lv\/wp-json\/wp\/v2\/media\/89374"}],"wp:attachment":[{"href":"https:\/\/e.kosmolat.eu\/lv\/wp-json\/wp\/v2\/media?parent=31501"}],"wp:term":[{"taxonomy":"product_cat","embeddable":true,"href":"https:\/\/e.kosmolat.eu\/lv\/wp-json\/wp\/v2\/product_cat?post=31501"},{"taxonomy":"product_tag","embeddable":true,"href":"https:\/\/e.kosmolat.eu\/lv\/wp-json\/wp\/v2\/product_tag?post=31501"}],"curies":[{"name":"wp","href":"https:\/\/api.w.org\/{rel}","templated":true}]}}