{"id":31497,"date":"2023-12-19T22:30:30","date_gmt":"2023-12-19T22:30:30","guid":{"rendered":"https:\/\/e.kosmolat.eu\/product\/vera-siev-higien-paketes-duo-ultra-classic-dry-20-gab\/"},"modified":"2026-04-23T12:37:56","modified_gmt":"2026-04-23T12:37:56","slug":"vera-siev-higien-paketes-duo-ultra-classic-dry-20-gab","status":"publish","type":"product","link":"https:\/\/e.kosmolat.eu\/lv\/product\/vera-siev-higien-paketes-duo-ultra-classic-dry-20-gab\/","title":{"rendered":"Vera Siev.higi\u0113n.paketes Duo Ultra Classic Dry, 20 gab."},"content":{"rendered":"<p><strong>Sast\u0101vs: <\/strong>p\u016bkveida celuloze, perfor\u0113ta polietil\u0113na pl\u0113ve, polietil\u0113na pl\u0113ve, silikoniz\u0113ts pap\u012brs, superabsorbents, termoplastiska l\u012bme.<\/p>\n<p><strong>Der\u012bguma termi\u0146&scaron;: <\/strong>3 gadi no izgatavo&scaron;anas datuma.&nbsp;<\/p>\n<p>Uzglab\u0101t saus\u0101 viet\u0101.<br \/>\n&nbsp;<\/p>\n","protected":false},"excerpt":{"rendered":"<p>Sast\u0101vs: p\u016bkveida celuloze, perfor\u0113ta polietil\u0113na pl\u0113ve, polietil\u0113na pl\u0113ve, silikoniz\u0113ts pap\u012brs, superabsorbents, termoplastiska l\u012bme. Der\u012bguma termi\u0146&scaron;: 3 gadi no izgatavo&scaron;anas datuma.&nbsp; Uzglab\u0101t saus\u0101 viet\u0101. &nbsp;<\/p>\n","protected":false},"featured_media":89370,"template":"","meta":[],"product_cat":[1814],"product_tag":[],"class_list":{"0":"post-31497","1":"product","2":"type-product","3":"status-publish","4":"has-post-thumbnail","6":"product_brand-sale","7":"product_cat-1814","9":"first","10":"outofstock","11":"taxable","12":"shipping-taxable","13":"product-type-simple"},"_links":{"self":[{"href":"https:\/\/e.kosmolat.eu\/lv\/wp-json\/wp\/v2\/product\/31497","targetHints":{"allow":["GET"]}}],"collection":[{"href":"https:\/\/e.kosmolat.eu\/lv\/wp-json\/wp\/v2\/product"}],"about":[{"href":"https:\/\/e.kosmolat.eu\/lv\/wp-json\/wp\/v2\/types\/product"}],"wp:featuredmedia":[{"embeddable":true,"href":"https:\/\/e.kosmolat.eu\/lv\/wp-json\/wp\/v2\/media\/89370"}],"wp:attachment":[{"href":"https:\/\/e.kosmolat.eu\/lv\/wp-json\/wp\/v2\/media?parent=31497"}],"wp:term":[{"taxonomy":"product_cat","embeddable":true,"href":"https:\/\/e.kosmolat.eu\/lv\/wp-json\/wp\/v2\/product_cat?post=31497"},{"taxonomy":"product_tag","embeddable":true,"href":"https:\/\/e.kosmolat.eu\/lv\/wp-json\/wp\/v2\/product_tag?post=31497"}],"curies":[{"name":"wp","href":"https:\/\/api.w.org\/{rel}","templated":true}]}}