{"id":31473,"date":"2023-12-19T22:28:42","date_gmt":"2023-12-19T22:28:42","guid":{"rendered":"https:\/\/e.kosmolat.eu\/product\/shik-renaissance-tual-kremziep-citrons-140-g\/"},"modified":"2025-09-20T02:03:46","modified_gmt":"2025-09-20T02:03:46","slug":"i_shik-renais-tual-kremziep-citrons-140-g","status":"publish","type":"product","link":"https:\/\/e.kosmolat.eu\/lv\/product\/i_shik-renais-tual-kremziep-citrons-140-g\/","title":{"rendered":"I_SHIK RENAIS. Tual. kr\u0113mziep. Citrons, 140 g"},"content":{"rendered":"<p>Dzirksto\u0161s pikants citronu un melle\u0146u arom\u0101ts.<\/p>\n<p>Uzglab\u0101\u0161ana: Uzglab\u0101t saus\u0101s, segt\u0101s un labi v\u0113din\u0101m\u0101s telp\u0101s.<\/p>\n<p>Piesardz\u012bbas pas\u0101kumi: Ja iek\u013c\u016bst ac\u012bs, r\u016bp\u012bgi izskalot ar lielu daudzumu teko\u0161a \u016bdens.<\/p>\n<p>Der\u012bguma termi\u0146\u0161: 5 gadi no izgatavo\u0161anas datuma.<\/p>\n","protected":false},"excerpt":{"rendered":"<p>Dzirksto\u0161s pikants citronu un melle\u0146u arom\u0101ts. Uzglab\u0101\u0161ana: Uzglab\u0101t saus\u0101s, segt\u0101s un labi v\u0113din\u0101m\u0101s telp\u0101s. Piesardz\u012bbas pas\u0101kumi: Ja iek\u013c\u016bst ac\u012bs, r\u016bp\u012bgi izskalot ar lielu daudzumu teko\u0161a \u016bdens. Der\u012bguma termi\u0146\u0161: 5 gadi no izgatavo\u0161anas datuma.<\/p>\n","protected":false},"featured_media":89598,"template":"","meta":[],"product_cat":[1609],"product_tag":[],"class_list":{"0":"post-31473","1":"product","2":"type-product","3":"status-publish","4":"has-post-thumbnail","6":"product_brand-slobozanskij-milovar_ua","7":"product_cat-muilas","9":"first","10":"outofstock","11":"taxable","12":"shipping-taxable","13":"product-type-simple"},"_links":{"self":[{"href":"https:\/\/e.kosmolat.eu\/lv\/wp-json\/wp\/v2\/product\/31473","targetHints":{"allow":["GET"]}}],"collection":[{"href":"https:\/\/e.kosmolat.eu\/lv\/wp-json\/wp\/v2\/product"}],"about":[{"href":"https:\/\/e.kosmolat.eu\/lv\/wp-json\/wp\/v2\/types\/product"}],"wp:featuredmedia":[{"embeddable":true,"href":"https:\/\/e.kosmolat.eu\/lv\/wp-json\/wp\/v2\/media\/89598"}],"wp:attachment":[{"href":"https:\/\/e.kosmolat.eu\/lv\/wp-json\/wp\/v2\/media?parent=31473"}],"wp:term":[{"taxonomy":"product_cat","embeddable":true,"href":"https:\/\/e.kosmolat.eu\/lv\/wp-json\/wp\/v2\/product_cat?post=31473"},{"taxonomy":"product_tag","embeddable":true,"href":"https:\/\/e.kosmolat.eu\/lv\/wp-json\/wp\/v2\/product_tag?post=31473"}],"curies":[{"name":"wp","href":"https:\/\/api.w.org\/{rel}","templated":true}]}}