{"id":31465,"date":"2023-12-19T22:27:59","date_gmt":"2023-12-19T22:27:59","guid":{"rendered":"https:\/\/e.kosmolat.eu\/product\/davanu-kompl-bern-n-1-sampuns-250-ml-krems-75ml\/"},"modified":"2025-09-20T01:48:35","modified_gmt":"2025-09-20T01:48:35","slug":"davanu-kompl-bern-n-1-sampuns-250-ml-krems-75ml","status":"publish","type":"product","link":"https:\/\/e.kosmolat.eu\/lv\/product\/davanu-kompl-bern-n-1-sampuns-250-ml-krems-75ml\/","title":{"rendered":"D\u0101vanu kompl. b\u0113rn. N. 1 (\u0160amp\u016bns, 250 ml + Kr\u0113ms, 75ml)"},"content":{"rendered":"<p><strong>D\u0101vanu komplekts satur:&nbsp;<\/strong><\/p>\n<p>1) Kumel\u012b&scaron;u &scaron;amp\u016bns b\u0113rniem &ldquo;Biotoshka&rdquo;, 250 ml.<\/p>\n<p><strong>Lieto&scaron;ana: <\/strong>uzkl\u0101t uz mitriem matiem, saputot, r\u016bp\u012bgi izskalot ar \u016bdeni.<\/p>\n<p><strong>Der\u012bguma termi\u0146&scaron;:<\/strong> 30 m\u0113ne&scaron;i.<\/p>\n<p>2) Kumel\u012b&scaron;u kr\u0113ms b\u0113rniem &ldquo;Vecm\u0101mi\u0146as receptes&rdquo;, 75 ml.<\/p>\n<p><strong>Lieto&scaron;ana:<\/strong> uzkl\u0101t uz t\u012bras sausas \u0101das, iemas\u0113t l\u012bdz kr\u0113ms piln\u012bb\u0101 uzs\u016bcas.&nbsp;<\/p>\n<p><strong>Piesardz\u012bbas pas\u0101kumi:<\/strong> tikai \u0101r\u012bgai lieto&scaron;anai. Sarg\u0101t no b\u0113rniem.<\/p>\n<p>Uzglab\u0101t temperat\u016br\u0101 no +5 &deg;C l\u012bdz +25 &deg;C.<\/p>\n<p><strong>Der\u012bguma termi\u0146&scaron;:<\/strong> 24 m\u0113ne&scaron;i.<\/p>\n","protected":false},"excerpt":{"rendered":"<p>D\u0101vanu komplekts satur:&nbsp; 1) Kumel\u012b&scaron;u &scaron;amp\u016bns b\u0113rniem &ldquo;Biotoshka&rdquo;, 250 ml. Lieto&scaron;ana: uzkl\u0101t uz mitriem matiem, saputot, r\u016bp\u012bgi izskalot ar \u016bdeni. Der\u012bguma termi\u0146&scaron;: 30 m\u0113ne&scaron;i. 2) Kumel\u012b&scaron;u kr\u0113ms b\u0113rniem &ldquo;Vecm\u0101mi\u0146as receptes&rdquo;, 75 ml. Lieto&scaron;ana: uzkl\u0101t uz t\u012bras sausas \u0101das, iemas\u0113t l\u012bdz kr\u0113ms piln\u012bb\u0101 uzs\u016bcas.&nbsp; Piesardz\u012bbas pas\u0101kumi: tikai \u0101r\u012bgai lieto&scaron;anai. Sarg\u0101t no b\u0113rniem. Uzglab\u0101t temperat\u016br\u0101 no +5 [&#8230;]\n","protected":false},"featured_media":89342,"template":"","meta":[],"product_cat":[1849],"product_tag":[],"class_list":{"0":"post-31465","1":"product","2":"type-product","3":"status-publish","4":"has-post-thumbnail","6":"product_brand-bioton_ua","7":"product_cat-davanu-komplekti-berniem","9":"first","10":"outofstock","11":"taxable","12":"shipping-taxable","13":"product-type-simple"},"_links":{"self":[{"href":"https:\/\/e.kosmolat.eu\/lv\/wp-json\/wp\/v2\/product\/31465","targetHints":{"allow":["GET"]}}],"collection":[{"href":"https:\/\/e.kosmolat.eu\/lv\/wp-json\/wp\/v2\/product"}],"about":[{"href":"https:\/\/e.kosmolat.eu\/lv\/wp-json\/wp\/v2\/types\/product"}],"wp:featuredmedia":[{"embeddable":true,"href":"https:\/\/e.kosmolat.eu\/lv\/wp-json\/wp\/v2\/media\/89342"}],"wp:attachment":[{"href":"https:\/\/e.kosmolat.eu\/lv\/wp-json\/wp\/v2\/media?parent=31465"}],"wp:term":[{"taxonomy":"product_cat","embeddable":true,"href":"https:\/\/e.kosmolat.eu\/lv\/wp-json\/wp\/v2\/product_cat?post=31465"},{"taxonomy":"product_tag","embeddable":true,"href":"https:\/\/e.kosmolat.eu\/lv\/wp-json\/wp\/v2\/product_tag?post=31465"}],"curies":[{"name":"wp","href":"https:\/\/api.w.org\/{rel}","templated":true}]}}