{"id":31449,"date":"2023-12-19T22:26:29","date_gmt":"2023-12-19T22:26:29","guid":{"rendered":"https:\/\/e.kosmolat.eu\/product\/avenelle-micelar-attiros-zeleja-90-g\/"},"modified":"2025-09-20T01:46:04","modified_gmt":"2025-09-20T01:46:04","slug":"avenelle-micelar-attiros-zeleja-90-g","status":"publish","type":"product","link":"https:\/\/e.kosmolat.eu\/lv\/product\/avenelle-micelar-attiros-zeleja-90-g\/","title":{"rendered":"Avenelle Micel\u0101r. att\u012bro\u0161. \u017eeleja, 90 g"},"content":{"rendered":"<p>Maigi att\u012bra \u0101du, samazinot sausas un savilktas \u0101das saj\u016btu. Saudz\u012bgi un r\u016bp\u012bgi sagatavo \u0101du sekojo&scaron;\u0101m kop&scaron;anas proced\u016br\u0101m. Auzu ekstrakts veicina \u0101das atjauno&scaron;anos, izl\u012bdzinot s\u012bk\u0101s grumbi\u0146as. Hialuronsk\u0101be un beta\u012bns regul\u0113 \u016bdens vielmai\u0146u, mitrina un m\u012bkstina \u0101du. Decilglikoz\u012bds &#8211; dro&scaron;a dabiskas izcelsmes virsmakt\u012bv\u0101 viela. \u017deleja ir piem\u0113rota sausai un jut\u012bgai \u0101dai. Notur\u012bga grima no\u0146em&scaron;anai.<\/p>\n<p><strong>Lieto&scaron;ana:<\/strong> uzkl\u0101t \u017eeleju uz mitras \u0101das &#8211; viegli iemas\u0113t un noskalot &#8211; p\u0113c proced\u016bras noskalot seju &#8211; uzkl\u0101t barojo&scaron;u vai mitrino&scaron;u kop&scaron;anas l\u012bdzekli.<\/p>\n<p>Uzglab\u0101t temperat\u016br\u0101 no +5 &deg;C l\u012bdz +25 &deg;C.<br \/>\n&nbsp;<\/p>\n","protected":false},"excerpt":{"rendered":"<p>Maigi att\u012bra \u0101du, samazinot sausas un savilktas \u0101das saj\u016btu. Saudz\u012bgi un r\u016bp\u012bgi sagatavo \u0101du sekojo&scaron;\u0101m kop&scaron;anas proced\u016br\u0101m. Auzu ekstrakts veicina \u0101das atjauno&scaron;anos, izl\u012bdzinot s\u012bk\u0101s grumbi\u0146as. Hialuronsk\u0101be un beta\u012bns regul\u0113 \u016bdens vielmai\u0146u, mitrina un m\u012bkstina \u0101du. Decilglikoz\u012bds &#8211; dro&scaron;a dabiskas izcelsmes virsmakt\u012bv\u0101 viela. \u017deleja ir piem\u0113rota sausai un jut\u012bgai \u0101dai. Notur\u012bga grima no\u0146em&scaron;anai. Lieto&scaron;ana: uzkl\u0101t \u017eeleju [&#8230;]\n","protected":false},"featured_media":89298,"template":"","meta":[],"product_cat":[1575],"product_tag":[],"class_list":{"0":"post-31449","1":"product","2":"type-product","3":"status-publish","4":"has-post-thumbnail","6":"product_brand-belkosmex_by","7":"product_cat-zelejas","9":"first","10":"outofstock","11":"taxable","12":"shipping-taxable","13":"product-type-simple"},"_links":{"self":[{"href":"https:\/\/e.kosmolat.eu\/lv\/wp-json\/wp\/v2\/product\/31449","targetHints":{"allow":["GET"]}}],"collection":[{"href":"https:\/\/e.kosmolat.eu\/lv\/wp-json\/wp\/v2\/product"}],"about":[{"href":"https:\/\/e.kosmolat.eu\/lv\/wp-json\/wp\/v2\/types\/product"}],"wp:featuredmedia":[{"embeddable":true,"href":"https:\/\/e.kosmolat.eu\/lv\/wp-json\/wp\/v2\/media\/89298"}],"wp:attachment":[{"href":"https:\/\/e.kosmolat.eu\/lv\/wp-json\/wp\/v2\/media?parent=31449"}],"wp:term":[{"taxonomy":"product_cat","embeddable":true,"href":"https:\/\/e.kosmolat.eu\/lv\/wp-json\/wp\/v2\/product_cat?post=31449"},{"taxonomy":"product_tag","embeddable":true,"href":"https:\/\/e.kosmolat.eu\/lv\/wp-json\/wp\/v2\/product_tag?post=31449"}],"curies":[{"name":"wp","href":"https:\/\/api.w.org\/{rel}","templated":true}]}}