{"id":31433,"date":"2023-12-19T22:24:56","date_gmt":"2023-12-19T22:24:56","guid":{"rendered":"https:\/\/e.kosmolat.eu\/product\/wellness-touch-sals-kerm-pasta-berzu-pump-350-g\/"},"modified":"2025-09-20T01:43:07","modified_gmt":"2025-09-20T01:43:07","slug":"wellness-touch-sals-kerm-pasta-berzu-pump-350-g","status":"publish","type":"product","link":"https:\/\/e.kosmolat.eu\/lv\/product\/wellness-touch-sals-kerm-pasta-berzu-pump-350-g\/","title":{"rendered":"Wellness Touch S\u0101ls \u0137erm. pasta B\u0113rzu pump., 350 g"},"content":{"rendered":"<p>R\u016bp\u012bgi no\u0146em atmiru&scaron;\u0101s &scaron;\u016bnas, pies\u0101tina ar v\u0113rt\u012bgiem mikroelementiem, nodro&scaron;ina mikromas\u0101\u017eas efektu. Mikroelementiem bag\u0101tais j\u016bras s\u0101ls toniz\u0113 \u0101du, izl\u012bdzina un uzlabo t\u0101s toni, pastiprina citu pastas sast\u0101vda\u013cu iedarb\u012bbu. \u0112terisko e\u013c\u013cu kombin\u0101cija uzlabo emocion\u0101lo l\u012bdzsvaru un garast\u0101vokli.&nbsp;<\/p>\n<p><strong>Lieto&scaron;ana:<\/strong> uzkl\u0101t nelielu pastas daudzumu uz mitras, t\u012bras \u0137erme\u0146a \u0101das, maigi pamas\u0113t, r\u016bp\u012bgi noskalot ar siltu \u016bdeni. P\u0113c proced\u016bras uzkl\u0101t mitrino&scaron;u un\/vai barojo&scaron;u kr\u0113mu. Lietot ne bie\u017e\u0101k k\u0101 reizi ned\u0113\u013c\u0101. Jut\u012bgas \u0101das gad\u012bjum\u0101 lietot piesardz\u012bgi. Nelietot uz boj\u0101tas, iekaisu&scaron;as vai kairin\u0101tas \u0101das. Nelietot sejas un int\u012bmo zonu \u0101das att\u012br\u012b&scaron;anai.&nbsp;<\/p>\n<p>Uzglab\u0101t temperat\u016br\u0101 no +5 &deg;\u0421 l\u012bdz +25 &deg;\u0421, sarg\u0101jot no tie&scaron;iem saules stariem.&nbsp;<br \/>\n&nbsp;<\/p>\n","protected":false},"excerpt":{"rendered":"<p>R\u016bp\u012bgi no\u0146em atmiru&scaron;\u0101s &scaron;\u016bnas, pies\u0101tina ar v\u0113rt\u012bgiem mikroelementiem, nodro&scaron;ina mikromas\u0101\u017eas efektu. Mikroelementiem bag\u0101tais j\u016bras s\u0101ls toniz\u0113 \u0101du, izl\u012bdzina un uzlabo t\u0101s toni, pastiprina citu pastas sast\u0101vda\u013cu iedarb\u012bbu. \u0112terisko e\u013c\u013cu kombin\u0101cija uzlabo emocion\u0101lo l\u012bdzsvaru un garast\u0101vokli.&nbsp; Lieto&scaron;ana: uzkl\u0101t nelielu pastas daudzumu uz mitras, t\u012bras \u0137erme\u0146a \u0101das, maigi pamas\u0113t, r\u016bp\u012bgi noskalot ar siltu \u016bdeni. P\u0113c proced\u016bras uzkl\u0101t [&#8230;]\n","protected":false},"featured_media":89254,"template":"","meta":[],"product_cat":[1357],"product_tag":[],"class_list":{"0":"post-31433","1":"product","2":"type-product","3":"status-publish","4":"has-post-thumbnail","6":"product_brand-belkosmex_by","7":"product_cat-skrubji-un-pilingi-kermenim","9":"first","10":"outofstock","11":"taxable","12":"shipping-taxable","13":"product-type-simple"},"_links":{"self":[{"href":"https:\/\/e.kosmolat.eu\/lv\/wp-json\/wp\/v2\/product\/31433","targetHints":{"allow":["GET"]}}],"collection":[{"href":"https:\/\/e.kosmolat.eu\/lv\/wp-json\/wp\/v2\/product"}],"about":[{"href":"https:\/\/e.kosmolat.eu\/lv\/wp-json\/wp\/v2\/types\/product"}],"wp:featuredmedia":[{"embeddable":true,"href":"https:\/\/e.kosmolat.eu\/lv\/wp-json\/wp\/v2\/media\/89254"}],"wp:attachment":[{"href":"https:\/\/e.kosmolat.eu\/lv\/wp-json\/wp\/v2\/media?parent=31433"}],"wp:term":[{"taxonomy":"product_cat","embeddable":true,"href":"https:\/\/e.kosmolat.eu\/lv\/wp-json\/wp\/v2\/product_cat?post=31433"},{"taxonomy":"product_tag","embeddable":true,"href":"https:\/\/e.kosmolat.eu\/lv\/wp-json\/wp\/v2\/product_tag?post=31433"}],"curies":[{"name":"wp","href":"https:\/\/api.w.org\/{rel}","templated":true}]}}