{"id":31429,"date":"2023-12-19T22:24:33","date_gmt":"2023-12-19T22:24:33","guid":{"rendered":"https:\/\/e.kosmolat.eu\/product\/po%d1%81-hand-cream-kr-serums-rokam-pret-mikroplaisam-aizsardz-un-atjaun-30-g\/"},"modified":"2025-09-20T01:42:44","modified_gmt":"2025-09-20T01:42:44","slug":"po%d1%81-hand-cream-kr-serums-rokam-pret-mikroplaisam-aizsardz-un-atjaun-30-g","status":"publish","type":"product","link":"https:\/\/e.kosmolat.eu\/lv\/product\/po%d1%81-hand-cream-kr-serums-rokam-pret-mikroplaisam-aizsardz-un-atjaun-30-g\/","title":{"rendered":"Po\u0441. Hand Cream Kr.-serums rok\u0101m pret mikroplais\u0101m Aizsardz.un atjaun., 30 g"},"content":{"rendered":"<p>Akt\u012bv\u0101s sast\u0101vda\u013cas atjauno boj\u0101tas, raupjas roku \u0101das vesel\u012bgu izskatu, nov\u0113r&scaron; t\u0101s lob\u012b&scaron;anos un nepat\u012bkamo savilkuma saj\u016btu.&nbsp;<\/p>\n<p><strong>Lieto&scaron;ana:<\/strong> ar mas\u0101\u017eas kust\u012bb\u0101m uzkl\u0101t uz t\u012bras sausas roku \u0101das.&nbsp;<\/p>\n<p>Uzglab\u0101t temperat\u016br\u0101 no +5 &deg;\u0421 l\u012bdz +25 &deg;\u0421.<br \/>\n&nbsp;<\/p>\n","protected":false},"excerpt":{"rendered":"<p>Akt\u012bv\u0101s sast\u0101vda\u013cas atjauno boj\u0101tas, raupjas roku \u0101das vesel\u012bgu izskatu, nov\u0113r&scaron; t\u0101s lob\u012b&scaron;anos un nepat\u012bkamo savilkuma saj\u016btu.&nbsp; Lieto&scaron;ana: ar mas\u0101\u017eas kust\u012bb\u0101m uzkl\u0101t uz t\u012bras sausas roku \u0101das.&nbsp; Uzglab\u0101t temperat\u016br\u0101 no +5 &deg;\u0421 l\u012bdz +25 &deg;\u0421. &nbsp;<\/p>\n","protected":false},"featured_media":89250,"template":"","meta":[],"product_cat":[1302],"product_tag":[],"class_list":{"0":"post-31429","1":"product","2":"type-product","3":"status-publish","4":"has-post-thumbnail","6":"product_brand-belkosmex_by","7":"product_cat-roku-kopsanas-kosmetika","9":"first","10":"outofstock","11":"taxable","12":"shipping-taxable","13":"product-type-simple"},"_links":{"self":[{"href":"https:\/\/e.kosmolat.eu\/lv\/wp-json\/wp\/v2\/product\/31429","targetHints":{"allow":["GET"]}}],"collection":[{"href":"https:\/\/e.kosmolat.eu\/lv\/wp-json\/wp\/v2\/product"}],"about":[{"href":"https:\/\/e.kosmolat.eu\/lv\/wp-json\/wp\/v2\/types\/product"}],"wp:featuredmedia":[{"embeddable":true,"href":"https:\/\/e.kosmolat.eu\/lv\/wp-json\/wp\/v2\/media\/89250"}],"wp:attachment":[{"href":"https:\/\/e.kosmolat.eu\/lv\/wp-json\/wp\/v2\/media?parent=31429"}],"wp:term":[{"taxonomy":"product_cat","embeddable":true,"href":"https:\/\/e.kosmolat.eu\/lv\/wp-json\/wp\/v2\/product_cat?post=31429"},{"taxonomy":"product_tag","embeddable":true,"href":"https:\/\/e.kosmolat.eu\/lv\/wp-json\/wp\/v2\/product_tag?post=31429"}],"curies":[{"name":"wp","href":"https:\/\/api.w.org\/{rel}","templated":true}]}}