{"id":31425,"date":"2023-12-19T22:24:15","date_gmt":"2023-12-19T22:24:15","guid":{"rendered":"https:\/\/e.kosmolat.eu\/product\/poc-hand-cream-roku-kr-serums-pret-pigment-plank-un-grumbam-30-g\/"},"modified":"2025-09-20T01:42:31","modified_gmt":"2025-09-20T01:42:31","slug":"poc-hand-cream-roku-kr-serums-pret-pigment-plank-un-grumbam-30-g","status":"publish","type":"product","link":"https:\/\/e.kosmolat.eu\/lv\/product\/poc-hand-cream-roku-kr-serums-pret-pigment-plank-un-grumbam-30-g\/","title":{"rendered":"Poc. Hand Cream Roku kr.-serums pret pigment. plank. un grumb\u0101m, 30 g"},"content":{"rendered":"<p>Pretnoveco&scaron;an\u0101s kop&scaron;anas formula izl\u012bdzina roku \u0101das reljefu, pal\u012bdz izgaismot vecuma plankumus, uztur \u0101das maigumu, gludumu un elast\u012bbu.&nbsp;<\/p>\n<p><strong>Lieto&scaron;ana: <\/strong>ar mas\u0101\u017eas kust\u012bb\u0101m uzkl\u0101t uz t\u012bras sausas roku \u0101das.&nbsp;<\/p>\n<p>Uzglab\u0101t temperat\u016br\u0101 no +5 &deg;\u0421 l\u012bdz +25 &deg;\u0421.<br \/>\n&nbsp;<\/p>\n","protected":false},"excerpt":{"rendered":"<p>Pretnoveco&scaron;an\u0101s kop&scaron;anas formula izl\u012bdzina roku \u0101das reljefu, pal\u012bdz izgaismot vecuma plankumus, uztur \u0101das maigumu, gludumu un elast\u012bbu.&nbsp; Lieto&scaron;ana: ar mas\u0101\u017eas kust\u012bb\u0101m uzkl\u0101t uz t\u012bras sausas roku \u0101das.&nbsp; Uzglab\u0101t temperat\u016br\u0101 no +5 &deg;\u0421 l\u012bdz +25 &deg;\u0421. &nbsp;<\/p>\n","protected":false},"featured_media":89246,"template":"","meta":[],"product_cat":[1302],"product_tag":[],"class_list":{"0":"post-31425","1":"product","2":"type-product","3":"status-publish","4":"has-post-thumbnail","6":"product_brand-belkosmex_by","7":"product_cat-roku-kopsanas-kosmetika","9":"first","10":"outofstock","11":"taxable","12":"shipping-taxable","13":"product-type-simple"},"_links":{"self":[{"href":"https:\/\/e.kosmolat.eu\/lv\/wp-json\/wp\/v2\/product\/31425","targetHints":{"allow":["GET"]}}],"collection":[{"href":"https:\/\/e.kosmolat.eu\/lv\/wp-json\/wp\/v2\/product"}],"about":[{"href":"https:\/\/e.kosmolat.eu\/lv\/wp-json\/wp\/v2\/types\/product"}],"wp:featuredmedia":[{"embeddable":true,"href":"https:\/\/e.kosmolat.eu\/lv\/wp-json\/wp\/v2\/media\/89246"}],"wp:attachment":[{"href":"https:\/\/e.kosmolat.eu\/lv\/wp-json\/wp\/v2\/media?parent=31425"}],"wp:term":[{"taxonomy":"product_cat","embeddable":true,"href":"https:\/\/e.kosmolat.eu\/lv\/wp-json\/wp\/v2\/product_cat?post=31425"},{"taxonomy":"product_tag","embeddable":true,"href":"https:\/\/e.kosmolat.eu\/lv\/wp-json\/wp\/v2\/product_tag?post=31425"}],"curies":[{"name":"wp","href":"https:\/\/api.w.org\/{rel}","templated":true}]}}