{"id":31413,"date":"2023-12-19T22:23:16","date_gmt":"2023-12-19T22:23:16","guid":{"rendered":"https:\/\/e.kosmolat.eu\/product\/poc-hand-cream-roku-krems-roze-un-azijas-centilija-30-g\/"},"modified":"2025-09-20T01:41:38","modified_gmt":"2025-09-20T01:41:38","slug":"poc-hand-cream-roku-krems-roze-un-azijas-centilija-30-g","status":"publish","type":"product","link":"https:\/\/e.kosmolat.eu\/lv\/product\/poc-hand-cream-roku-krems-roze-un-azijas-centilija-30-g\/","title":{"rendered":"Poc. Hand Cream Roku kr\u0113ms Roze un \u0100zijas cent\u012blija, 30 g"},"content":{"rendered":"<p>Maigs kr\u0113ms ar v\u0113rt\u012bgiem ekstraktiem un e\u013c\u013c\u0101m mitrina, sniedz roku \u0101dai z\u012bdainumu, gludumu un smalku arom\u0101tu.&nbsp;<\/p>\n<p><strong>Lieto&scaron;ana: <\/strong>ar mas\u0101\u017eas kust\u012bb\u0101m uzkl\u0101t uz t\u012bras sausas roku \u0101das.&nbsp;<\/p>\n<p>Uzglab\u0101t temperat\u016br\u0101 no +5 &deg;\u0421 l\u012bdz +25 &deg;\u0421.<br \/>\n&nbsp;<\/p>\n","protected":false},"excerpt":{"rendered":"<p>Maigs kr\u0113ms ar v\u0113rt\u012bgiem ekstraktiem un e\u013c\u013c\u0101m mitrina, sniedz roku \u0101dai z\u012bdainumu, gludumu un smalku arom\u0101tu.&nbsp; Lieto&scaron;ana: ar mas\u0101\u017eas kust\u012bb\u0101m uzkl\u0101t uz t\u012bras sausas roku \u0101das.&nbsp; Uzglab\u0101t temperat\u016br\u0101 no +5 &deg;\u0421 l\u012bdz +25 &deg;\u0421. &nbsp;<\/p>\n","protected":false},"featured_media":89234,"template":"","meta":[],"product_cat":[1743],"product_tag":[],"class_list":{"0":"post-31413","1":"product","2":"type-product","3":"status-publish","4":"has-post-thumbnail","6":"product_brand-belkosmex_by","7":"product_cat-nagu-kopsana-roku-kopsana","9":"first","10":"outofstock","11":"taxable","12":"shipping-taxable","13":"product-type-simple"},"_links":{"self":[{"href":"https:\/\/e.kosmolat.eu\/lv\/wp-json\/wp\/v2\/product\/31413","targetHints":{"allow":["GET"]}}],"collection":[{"href":"https:\/\/e.kosmolat.eu\/lv\/wp-json\/wp\/v2\/product"}],"about":[{"href":"https:\/\/e.kosmolat.eu\/lv\/wp-json\/wp\/v2\/types\/product"}],"wp:featuredmedia":[{"embeddable":true,"href":"https:\/\/e.kosmolat.eu\/lv\/wp-json\/wp\/v2\/media\/89234"}],"wp:attachment":[{"href":"https:\/\/e.kosmolat.eu\/lv\/wp-json\/wp\/v2\/media?parent=31413"}],"wp:term":[{"taxonomy":"product_cat","embeddable":true,"href":"https:\/\/e.kosmolat.eu\/lv\/wp-json\/wp\/v2\/product_cat?post=31413"},{"taxonomy":"product_tag","embeddable":true,"href":"https:\/\/e.kosmolat.eu\/lv\/wp-json\/wp\/v2\/product_tag?post=31413"}],"curies":[{"name":"wp","href":"https:\/\/api.w.org\/{rel}","templated":true}]}}