{"id":31405,"date":"2023-12-19T22:22:28","date_gmt":"2023-12-19T22:22:28","guid":{"rendered":"https:\/\/e.kosmolat.eu\/product\/hyaluron-deep-hydration-sejas-mazg-putas-intens-mitr-un-maiga-attir-165-ml\/"},"modified":"2025-09-20T01:41:11","modified_gmt":"2025-09-20T01:41:11","slug":"hyaluron-dh-sejas-mazg-putas-intens-mitr-un-maiga-attir-165-ml","status":"publish","type":"product","link":"https:\/\/e.kosmolat.eu\/lv\/product\/hyaluron-dh-sejas-mazg-putas-intens-mitr-un-maiga-attir-165-ml\/","title":{"rendered":"Hyaluron DH Sejas mazg  putas Intens. mitr. un maiga att\u012br., 165 ml"},"content":{"rendered":"<p>Maigie att\u012bro&scaron;i komponenti uz dzintarsk\u0101bes s\u0101ls un kokosriekstu e\u013c\u013cu b\u0101zes kombin\u0101cij\u0101 ar hialuronsk\u0101bi efekt\u012bvi att\u012bra \u0101du, uztur dabisko mitruma l\u012bmeni un neizjaucot \u0101das pH l\u012bmeni.&nbsp;Sast\u0101v\u0101 eso&scaron;ais pantenols un alanto\u012bns izl\u012bdzina un nomierina \u0101du, mazina lob\u012b&scaron;anos, padarot to t\u012bru, gludu un z\u012bdainu.&nbsp;Visiem \u0101das tipiem.<\/p>\n<p><strong>Lieto&scaron;ana:<\/strong> Nelielu putu daudzumu uzkl\u0101t uz mitras \u0101das, iemas\u0113t, noskalot ar \u016bdeni.<\/p>\n<p>Uzglab\u0101t temperat\u016br\u0101 no +5 &deg;\u0421 l\u012bdz +25 &deg;\u0421, sarg\u0101jot no tie&scaron;iem saules stariem.&nbsp;<\/p>\n<p><strong>Der\u012bguma termi\u0146&scaron;:<\/strong> 36 m\u0113ne&scaron;i.<br \/>\n&nbsp;<\/p>\n","protected":false},"excerpt":{"rendered":"<p>Maigie att\u012bro&scaron;i komponenti uz dzintarsk\u0101bes s\u0101ls un kokosriekstu e\u013c\u013cu b\u0101zes kombin\u0101cij\u0101 ar hialuronsk\u0101bi efekt\u012bvi att\u012bra \u0101du, uztur dabisko mitruma l\u012bmeni un neizjaucot \u0101das pH l\u012bmeni.&nbsp;Sast\u0101v\u0101 eso&scaron;ais pantenols un alanto\u012bns izl\u012bdzina un nomierina \u0101du, mazina lob\u012b&scaron;anos, padarot to t\u012bru, gludu un z\u012bdainu.&nbsp;Visiem \u0101das tipiem. Lieto&scaron;ana: Nelielu putu daudzumu uzkl\u0101t uz mitras \u0101das, iemas\u0113t, noskalot ar \u016bdeni. [&#8230;]\n","protected":false},"featured_media":89226,"template":"","meta":[],"product_cat":[1833],"product_tag":[],"class_list":{"0":"post-31405","1":"product","2":"type-product","3":"status-publish","4":"has-post-thumbnail","6":"product_brand-belkosmex_by","7":"product_cat-putas-sejas-mazgasanai","9":"first","10":"outofstock","11":"taxable","12":"shipping-taxable","13":"product-type-simple"},"_links":{"self":[{"href":"https:\/\/e.kosmolat.eu\/lv\/wp-json\/wp\/v2\/product\/31405","targetHints":{"allow":["GET"]}}],"collection":[{"href":"https:\/\/e.kosmolat.eu\/lv\/wp-json\/wp\/v2\/product"}],"about":[{"href":"https:\/\/e.kosmolat.eu\/lv\/wp-json\/wp\/v2\/types\/product"}],"wp:featuredmedia":[{"embeddable":true,"href":"https:\/\/e.kosmolat.eu\/lv\/wp-json\/wp\/v2\/media\/89226"}],"wp:attachment":[{"href":"https:\/\/e.kosmolat.eu\/lv\/wp-json\/wp\/v2\/media?parent=31405"}],"wp:term":[{"taxonomy":"product_cat","embeddable":true,"href":"https:\/\/e.kosmolat.eu\/lv\/wp-json\/wp\/v2\/product_cat?post=31405"},{"taxonomy":"product_tag","embeddable":true,"href":"https:\/\/e.kosmolat.eu\/lv\/wp-json\/wp\/v2\/product_tag?post=31405"}],"curies":[{"name":"wp","href":"https:\/\/api.w.org\/{rel}","templated":true}]}}