{"id":31401,"date":"2023-12-19T22:22:05","date_gmt":"2023-12-19T22:22:05","guid":{"rendered":"https:\/\/e.kosmolat.eu\/product\/hyaluron-deep-hydration-mic-ud-intens-mitr-un-viegla-makij-nonems-500-ml\/"},"modified":"2025-09-20T01:40:57","modified_gmt":"2025-09-20T01:40:57","slug":"hyaluron-dh-mic-ud-intens-mitr-un-viegla-makij-nonems-500-ml","status":"publish","type":"product","link":"https:\/\/e.kosmolat.eu\/lv\/product\/hyaluron-dh-mic-ud-intens-mitr-un-viegla-makij-nonems-500-ml\/","title":{"rendered":"Hyaluron DH Mic. \u016bd. intens. mitr. un viegla makij. no\u0146em\u0161., 500 ml"},"content":{"rendered":"<p>Micellas uz dzintarsk\u0101bes un kukur\u016bzas cietes b\u0101zes ide\u0101li no\u0146em pat vismaz\u0101k\u0101s net\u012brumu, tauku un kosm\u0113tikas atliekas, neizjaucot hidrolip\u012bdu aizsargsl\u0101ni, un uzturot \u0101das dabisko pH l\u012bmeni.Beta\u012bns &ndash; no cukurbiet\u0113m ieg\u016bts dabiskais mitrino&scaron;ais komponents &#8211; uztur optim\u0101lu \u016bdens l\u012bmeni \u0101d\u0101, nov\u0113r&scaron;ot savilkumu un lob\u012b&scaron;anos. Rada komforta saj\u016btu pat visjut\u012bg\u0101kai \u0101dai, pie&scaron;\u0137irot tai dabisku mirdzumu.Hialuronsk\u0101be ar augstu molekulmasu veido molekulu t\u012bklu uz \u0101das virsmas, kas notur mitrumu \u0101das aug&scaron;\u0113jos sl\u0101\u0146os, padarot to gludu, mitrin\u0101tu un mirdzo&scaron;u.L\u012bdzeklis acu un l\u016bpu kosm\u0113tikas no\u0146em&scaron;anai. Visiem \u0101das tipiem.<\/p>\n<p><strong>Lieto&scaron;ana: <\/strong>uzkl\u0101t uz vates pl\u0101ksn\u012btes, not\u012br\u012bt sejas un kakla \u0101du gar mas\u0101\u017eas l\u012bnij\u0101m, noskalot.<\/p>\n<p>Uzglab\u0101t temperat\u016br\u0101 no +5 &deg;\u0421 l\u012bdz +25 &deg;\u0421, sarg\u0101jot no tie&scaron;iem saules stariem.&nbsp;<\/p>\n<p><strong>Der\u012bguma termi\u0146&scaron;:<\/strong> 36 m\u0113ne&scaron;i.<br \/>\n&nbsp;<\/p>\n","protected":false},"excerpt":{"rendered":"<p>Micellas uz dzintarsk\u0101bes un kukur\u016bzas cietes b\u0101zes ide\u0101li no\u0146em pat vismaz\u0101k\u0101s net\u012brumu, tauku un kosm\u0113tikas atliekas, neizjaucot hidrolip\u012bdu aizsargsl\u0101ni, un uzturot \u0101das dabisko pH l\u012bmeni.Beta\u012bns &ndash; no cukurbiet\u0113m ieg\u016bts dabiskais mitrino&scaron;ais komponents &#8211; uztur optim\u0101lu \u016bdens l\u012bmeni \u0101d\u0101, nov\u0113r&scaron;ot savilkumu un lob\u012b&scaron;anos. Rada komforta saj\u016btu pat visjut\u012bg\u0101kai \u0101dai, pie&scaron;\u0137irot tai dabisku mirdzumu.Hialuronsk\u0101be ar augstu molekulmasu [&#8230;]\n","protected":false},"featured_media":89222,"template":"","meta":[],"product_cat":[1568],"product_tag":[],"class_list":{"0":"post-31401","1":"product","2":"type-product","3":"status-publish","4":"has-post-thumbnail","6":"product_brand-belkosmex_by","7":"product_cat-micelarais-udens","9":"first","10":"outofstock","11":"taxable","12":"shipping-taxable","13":"product-type-simple"},"_links":{"self":[{"href":"https:\/\/e.kosmolat.eu\/lv\/wp-json\/wp\/v2\/product\/31401","targetHints":{"allow":["GET"]}}],"collection":[{"href":"https:\/\/e.kosmolat.eu\/lv\/wp-json\/wp\/v2\/product"}],"about":[{"href":"https:\/\/e.kosmolat.eu\/lv\/wp-json\/wp\/v2\/types\/product"}],"wp:featuredmedia":[{"embeddable":true,"href":"https:\/\/e.kosmolat.eu\/lv\/wp-json\/wp\/v2\/media\/89222"}],"wp:attachment":[{"href":"https:\/\/e.kosmolat.eu\/lv\/wp-json\/wp\/v2\/media?parent=31401"}],"wp:term":[{"taxonomy":"product_cat","embeddable":true,"href":"https:\/\/e.kosmolat.eu\/lv\/wp-json\/wp\/v2\/product_cat?post=31401"},{"taxonomy":"product_tag","embeddable":true,"href":"https:\/\/e.kosmolat.eu\/lv\/wp-json\/wp\/v2\/product_tag?post=31401"}],"curies":[{"name":"wp","href":"https:\/\/api.w.org\/{rel}","templated":true}]}}