{"id":31397,"date":"2023-12-19T22:21:42","date_gmt":"2023-12-19T22:21:42","guid":{"rendered":"https:\/\/e.kosmolat.eu\/product\/retinol-skin-perfecting-attiros-kr-zel-150-g\/"},"modified":"2025-09-20T01:40:06","modified_gmt":"2025-09-20T01:40:06","slug":"retinol-skin-perfecting-attiros-kr-zel-150-g","status":"publish","type":"product","link":"https:\/\/e.kosmolat.eu\/lv\/product\/retinol-skin-perfecting-attiros-kr-zel-150-g\/","title":{"rendered":"Retinol Skin Perfecting Att\u012bro\u0161. kr. \u017eel, 150 g"},"content":{"rendered":"<p>Maigs kr\u0113mveida \u0101das att\u012br\u012b&scaron;anas l\u012bdzeklis net\u012brumu, dekorat\u012bv\u0101s kosm\u0113tikas un liek\u0101 sebuma no\u0146em&scaron;anai. Spherulite&reg; R10 ir inovat\u012bva retinola formula daudzsl\u0101\u0146u krist\u0101lisk\u0101s mikrokapsul\u0101s, kas nodro&scaron;ina lab\u0101ku iek\u013c\u016b&scaron;anu \u0101d\u0101, l\u0113n\u0101m atbr\u012bvojot retinolu un nov\u0113r&scaron;ot nev\u0113lam\u0101s reakcijas, efekt\u012bvai \u0101das atjauno&scaron;anai, stiprin\u0101&scaron;anai un visaptvero&scaron;ai pretnoveco&scaron;an\u0101s kop&scaron;anai. Za\u013c\u0101s t\u0113jas ekstrakts ir sp\u0113c\u012bgs antioksidants, kas izl\u012bdzina toni un veicina \u0101das atjauno&scaron;an\u0101s procesus, atjauno \u016bdens l\u012bdzsvaru un stiprina asinsvadu un kapil\u0101ru sieni\u0146as.&nbsp;<\/p>\n<p>Satur A vitam\u012bnu. L\u016bgums pirms lieto&scaron;anas p\u0101rdom\u0101t savu dienas devu.<\/p>\n<p><strong>Lieto&scaron;ana:<\/strong> uzkl\u0101t kr\u0113m\u017eeleju uz mitras sejas un kakla \u0101das, maigi iemas\u0113t ar ap\u013cveida kust\u012bb\u0101m, noskalot ar \u016bdeni.&nbsp;<\/p>\n<p>Uzglab\u0101t temperat\u016br\u0101 no +5 &deg;\u0421 l\u012bdz +25 &deg;\u0421, sarg\u0101jot no tie&scaron;iem saules stariem.<br \/>\n&nbsp;<\/p>\n","protected":false},"excerpt":{"rendered":"<p>Maigs kr\u0113mveida \u0101das att\u012br\u012b&scaron;anas l\u012bdzeklis net\u012brumu, dekorat\u012bv\u0101s kosm\u0113tikas un liek\u0101 sebuma no\u0146em&scaron;anai. Spherulite&reg; R10 ir inovat\u012bva retinola formula daudzsl\u0101\u0146u krist\u0101lisk\u0101s mikrokapsul\u0101s, kas nodro&scaron;ina lab\u0101ku iek\u013c\u016b&scaron;anu \u0101d\u0101, l\u0113n\u0101m atbr\u012bvojot retinolu un nov\u0113r&scaron;ot nev\u0113lam\u0101s reakcijas, efekt\u012bvai \u0101das atjauno&scaron;anai, stiprin\u0101&scaron;anai un visaptvero&scaron;ai pretnoveco&scaron;an\u0101s kop&scaron;anai. Za\u013c\u0101s t\u0113jas ekstrakts ir sp\u0113c\u012bgs antioksidants, kas izl\u012bdzina toni un veicina \u0101das atjauno&scaron;an\u0101s procesus, [&#8230;]\n","protected":false},"featured_media":89210,"template":"","meta":[],"product_cat":[1833],"product_tag":[],"class_list":{"0":"post-31397","1":"product","2":"type-product","3":"status-publish","4":"has-post-thumbnail","6":"product_brand-belkosmex_by","7":"product_cat-putas-sejas-mazgasanai","9":"first","10":"outofstock","11":"taxable","12":"shipping-taxable","13":"product-type-simple"},"_links":{"self":[{"href":"https:\/\/e.kosmolat.eu\/lv\/wp-json\/wp\/v2\/product\/31397","targetHints":{"allow":["GET"]}}],"collection":[{"href":"https:\/\/e.kosmolat.eu\/lv\/wp-json\/wp\/v2\/product"}],"about":[{"href":"https:\/\/e.kosmolat.eu\/lv\/wp-json\/wp\/v2\/types\/product"}],"wp:featuredmedia":[{"embeddable":true,"href":"https:\/\/e.kosmolat.eu\/lv\/wp-json\/wp\/v2\/media\/89210"}],"wp:attachment":[{"href":"https:\/\/e.kosmolat.eu\/lv\/wp-json\/wp\/v2\/media?parent=31397"}],"wp:term":[{"taxonomy":"product_cat","embeddable":true,"href":"https:\/\/e.kosmolat.eu\/lv\/wp-json\/wp\/v2\/product_cat?post=31397"},{"taxonomy":"product_tag","embeddable":true,"href":"https:\/\/e.kosmolat.eu\/lv\/wp-json\/wp\/v2\/product_tag?post=31397"}],"curies":[{"name":"wp","href":"https:\/\/api.w.org\/{rel}","templated":true}]}}