{"id":31393,"date":"2023-12-19T22:21:17","date_gmt":"2023-12-19T22:21:17","guid":{"rendered":"https:\/\/e.kosmolat.eu\/product\/retinol-skin-perfec-pretnovec-sejas-emulsija-spf15-30-g\/"},"modified":"2025-09-20T01:39:52","modified_gmt":"2025-09-20T01:39:52","slug":"retinol-skin-perfec-pretnovec-sejas-emulsija-spf15-30-g","status":"publish","type":"product","link":"https:\/\/e.kosmolat.eu\/lv\/product\/retinol-skin-perfec-pretnovec-sejas-emulsija-spf15-30-g\/","title":{"rendered":"Retinol Skin Perfec. Pretnovec. sejas emulsija SPF15, 30 g"},"content":{"rendered":"<p>Sast\u0101v\u0101 eso&scaron;ais E vitam\u012bns un &scaron;\u012b sviests veicina A vitam\u012bna saglab\u0101&scaron;anos \u0101d\u0101, nodro&scaron;ina t\u0101s m\u012bkstin\u0101&scaron;anu un mitrin\u0101&scaron;anu. Za\u013c\u0101s t\u0113jas ekstrakts ir sp\u0113c\u012bgs antioksidants, kas izl\u012bdzina toni un vecina \u0101das atjauno&scaron;an\u0101s procesus, atjauno \u016bdens l\u012bdzsvaru un stiprina asinsvadu un kapil\u0101ru sieni\u0146as. Sast\u0101v\u0101 eso&scaron;ais UV filtrs nodro&scaron;ina aizsardz\u012bbu pret br\u012bvajiem radik\u0101\u013ciem, nov\u0113r&scaron; priek&scaron;laic\u012bgu noveco&scaron;anos un sejas \u0101das boj\u0101jumus. Retinols inovat\u012bv\u0101 Spherulite&reg; R10 formul\u0101 mazina grumbu skaitu un dzi\u013cumu, palielina \u0101das bl\u012bvumu, izgaismo vecuma plankumus, att\u012bra un savelk poras, izl\u012bdzina \u0101das mikroreljefu, uzlabo toni, tvirtumu un elast\u012bbu.&nbsp;<\/p>\n<p>Satur A vitam\u012bnu. L\u016bgums pirms lieto&scaron;anas p\u0101rdom\u0101t savu dienas devu.<\/p>\n<p><strong>Lieto&scaron;ana: <\/strong>uzkl\u0101t nelielu daudzumu emulsijas uz att\u012br\u012btas sejas un kakla \u0101das gar mas\u0101\u017eas l\u012bnij\u0101m.&nbsp;<\/p>\n<p>Uzglab\u0101t temperat\u016br\u0101 no +5 &deg;\u0421 l\u012bdz +25 &deg;\u0421, sarg\u0101jot no tie&scaron;iem saules stariem.<br \/>\n&nbsp;<\/p>\n","protected":false},"excerpt":{"rendered":"<p>Sast\u0101v\u0101 eso&scaron;ais E vitam\u012bns un &scaron;\u012b sviests veicina A vitam\u012bna saglab\u0101&scaron;anos \u0101d\u0101, nodro&scaron;ina t\u0101s m\u012bkstin\u0101&scaron;anu un mitrin\u0101&scaron;anu. Za\u013c\u0101s t\u0113jas ekstrakts ir sp\u0113c\u012bgs antioksidants, kas izl\u012bdzina toni un vecina \u0101das atjauno&scaron;an\u0101s procesus, atjauno \u016bdens l\u012bdzsvaru un stiprina asinsvadu un kapil\u0101ru sieni\u0146as. Sast\u0101v\u0101 eso&scaron;ais UV filtrs nodro&scaron;ina aizsardz\u012bbu pret br\u012bvajiem radik\u0101\u013ciem, nov\u0113r&scaron; priek&scaron;laic\u012bgu noveco&scaron;anos un sejas \u0101das [&#8230;]\n","protected":false},"featured_media":89206,"template":"","meta":[],"product_cat":[1327],"product_tag":[],"class_list":{"0":"post-31393","1":"product","2":"type-product","3":"status-publish","4":"has-post-thumbnail","6":"product_brand-belkosmex_by","7":"product_cat-serumai","9":"first","10":"outofstock","11":"taxable","12":"shipping-taxable","13":"product-type-simple"},"_links":{"self":[{"href":"https:\/\/e.kosmolat.eu\/lv\/wp-json\/wp\/v2\/product\/31393","targetHints":{"allow":["GET"]}}],"collection":[{"href":"https:\/\/e.kosmolat.eu\/lv\/wp-json\/wp\/v2\/product"}],"about":[{"href":"https:\/\/e.kosmolat.eu\/lv\/wp-json\/wp\/v2\/types\/product"}],"wp:featuredmedia":[{"embeddable":true,"href":"https:\/\/e.kosmolat.eu\/lv\/wp-json\/wp\/v2\/media\/89206"}],"wp:attachment":[{"href":"https:\/\/e.kosmolat.eu\/lv\/wp-json\/wp\/v2\/media?parent=31393"}],"wp:term":[{"taxonomy":"product_cat","embeddable":true,"href":"https:\/\/e.kosmolat.eu\/lv\/wp-json\/wp\/v2\/product_cat?post=31393"},{"taxonomy":"product_tag","embeddable":true,"href":"https:\/\/e.kosmolat.eu\/lv\/wp-json\/wp\/v2\/product_tag?post=31393"}],"curies":[{"name":"wp","href":"https:\/\/api.w.org\/{rel}","templated":true}]}}