{"id":31389,"date":"2023-12-19T22:20:59","date_gmt":"2023-12-19T22:20:59","guid":{"rendered":"https:\/\/e.kosmolat.eu\/product\/retinol-skin-perfecting-kremv-sejas-pil-efekt-atjauninas-30-g\/"},"modified":"2025-09-20T01:39:35","modified_gmt":"2025-09-20T01:39:35","slug":"retinol-skin-perfecting-kremv-sejas-pil-efekt-atjauninas-30-g","status":"publish","type":"product","link":"https:\/\/e.kosmolat.eu\/lv\/product\/retinol-skin-perfecting-kremv-sejas-pil-efekt-atjauninas-30-g\/","title":{"rendered":"Retinol Skin Perfecting Kr\u0113mv. sejas p\u012bl. Efekt. atjaunin\u0101\u0161, 30 g"},"content":{"rendered":"<p>Sast\u0101v\u0101 eso&scaron;ais E vitam\u012bns veicina A vitam\u012bna saglab\u0101&scaron;anos \u0101d\u0101, pasarg\u0101 \u0101du no priek&scaron;laic\u012bg\u0101m noveco&scaron;an\u0101s paz\u012bm\u0113m un ir nepiecie&scaron;ams efekt\u012bvai sk\u0101bek\u013ca uzs\u016bk&scaron;anai \u0101das &scaron;\u016bn\u0101s. &Scaron;\u012b sviests un saldo mande\u013cu e\u013c\u013ca m\u012bkstina un nomierina sejas \u0101du, aizsarg\u0101 pret UV starojumu, atjauno \u0101das \u016bdens-lip\u012bdu l\u012bdzsvaru. Retinols inovat\u012bv\u0101 Spherulite&reg; R10 formul\u0101 mazina grumbu skaitu un dzi\u013cumu, palielina \u0101das bl\u012bvumu, izgaismo vecuma plankumus, att\u012bra un savelk poras, izl\u012bdzina mikroreljefu un uzlabo sejas kr\u0101su, uzlabo \u0101das tvirtumu un elast\u012bbu.&nbsp;<\/p>\n<p><strong>Lieto&scaron;ana:<\/strong> uzkl\u0101t uz att\u012br\u012btas sejas \u0101das uz nakti. Nav nepiecie&scaron;ams noskalot. No r\u012bta uzkl\u0101t saules aizsargl\u012bdzekli. Nelietot uz jut\u012bgas un\/vai boj\u0101tas \u0101das.&nbsp;<\/p>\n<p>Uzglab\u0101t temperat\u016br\u0101 no +5 &deg;\u0421 l\u012bdz +25 &deg;\u0421, sarg\u0101jot no tie&scaron;iem saules stariem.<br \/>\n&nbsp;<\/p>\n","protected":false},"excerpt":{"rendered":"<p>Sast\u0101v\u0101 eso&scaron;ais E vitam\u012bns veicina A vitam\u012bna saglab\u0101&scaron;anos \u0101d\u0101, pasarg\u0101 \u0101du no priek&scaron;laic\u012bg\u0101m noveco&scaron;an\u0101s paz\u012bm\u0113m un ir nepiecie&scaron;ams efekt\u012bvai sk\u0101bek\u013ca uzs\u016bk&scaron;anai \u0101das &scaron;\u016bn\u0101s. &Scaron;\u012b sviests un saldo mande\u013cu e\u013c\u013ca m\u012bkstina un nomierina sejas \u0101du, aizsarg\u0101 pret UV starojumu, atjauno \u0101das \u016bdens-lip\u012bdu l\u012bdzsvaru. Retinols inovat\u012bv\u0101 Spherulite&reg; R10 formul\u0101 mazina grumbu skaitu un dzi\u013cumu, palielina \u0101das bl\u012bvumu, [&#8230;]\n","protected":false},"featured_media":89202,"template":"","meta":[],"product_cat":[1359],"product_tag":[],"class_list":{"0":"post-31389","1":"product","2":"type-product","3":"status-publish","4":"has-post-thumbnail","6":"product_brand-belkosmex_by","7":"product_cat-kuno-sveitikliai-ir-pilingai","9":"first","10":"outofstock","11":"taxable","12":"shipping-taxable","13":"product-type-simple"},"_links":{"self":[{"href":"https:\/\/e.kosmolat.eu\/lv\/wp-json\/wp\/v2\/product\/31389","targetHints":{"allow":["GET"]}}],"collection":[{"href":"https:\/\/e.kosmolat.eu\/lv\/wp-json\/wp\/v2\/product"}],"about":[{"href":"https:\/\/e.kosmolat.eu\/lv\/wp-json\/wp\/v2\/types\/product"}],"wp:featuredmedia":[{"embeddable":true,"href":"https:\/\/e.kosmolat.eu\/lv\/wp-json\/wp\/v2\/media\/89202"}],"wp:attachment":[{"href":"https:\/\/e.kosmolat.eu\/lv\/wp-json\/wp\/v2\/media?parent=31389"}],"wp:term":[{"taxonomy":"product_cat","embeddable":true,"href":"https:\/\/e.kosmolat.eu\/lv\/wp-json\/wp\/v2\/product_cat?post=31389"},{"taxonomy":"product_tag","embeddable":true,"href":"https:\/\/e.kosmolat.eu\/lv\/wp-json\/wp\/v2\/product_tag?post=31389"}],"curies":[{"name":"wp","href":"https:\/\/api.w.org\/{rel}","templated":true}]}}