{"id":31373,"date":"2023-12-19T22:19:17","date_gmt":"2023-12-19T22:19:17","guid":{"rendered":"https:\/\/e.kosmolat.eu\/product\/plant-adv-aloe-zelejveida-burbulmaska-sejai-ar-attirosu-efektu-110-g\/"},"modified":"2025-09-20T01:38:21","modified_gmt":"2025-09-20T01:38:21","slug":"plant-adv-aloe-zelejveida-burbulmaska-sejai-ar-attirosu-efektu-110-g","status":"publish","type":"product","link":"https:\/\/e.kosmolat.eu\/lv\/product\/plant-adv-aloe-zelejveida-burbulmaska-sejai-ar-attirosu-efektu-110-g\/","title":{"rendered":"Plant Adv. Aloe  \u017delejveida burbu\u013cmaska sejai ar att\u012bro\u0161u efektu, 110 g"},"content":{"rendered":"<p>Maskas burbu\u013ci, kas rodas saskar\u0113 ar mitru \u0101du att\u012bra, sniedz vieglas mas\u0101\u017eas relaks\u0101cijas efektu un uzlabo \u0101du, pie&scaron;\u0137irot tai atp\u016btu&scaron;os izskatu. Hialuronsk\u0101be regul\u0113 \u0101das \u016bdens l\u012bdzsvaru, nov\u0113r&scaron; sasprindzin\u0101jumu un tvirtuma zudumu, uztur \u0101das maigumu, gludumu un jaun\u012bbu, rada \u0101das dabisk\u0101 mirdzuma efektu. Beta\u012bns no cukurbie&scaron;u sulas nodro&scaron;ina mitrino&scaron;as, m\u012bkstino&scaron;as un nomierino&scaron;as \u012bpa&scaron;\u012bbas.&nbsp;<\/p>\n<p><strong>Lieto&scaron;ana:<\/strong> ar mas\u0113jo&scaron;\u0101m kust\u012bb\u0101m uzkl\u0101t uz mitras \u0101das vienm\u0113r\u012bgi pl\u0101n\u0101 k\u0101rt\u0101. P\u0113c 10-15 min\u016bt\u0113m noskalot ar siltu \u016bdeni. Nav piem\u0113rots acu kosm\u0113tikas no\u0146em&scaron;anai. Ja iek\u013c\u016bst ac\u012bs, izskalot ar \u016bdeni. P\u0113c lieto&scaron;anas cie&scaron;i aizv\u0113rt t\u016bbi\u0146u, lai nov\u0113rstu produkta oksid\u0113&scaron;anos. Ieteicams lietot 1-2 reizes ned\u0113\u013c\u0101. Piem\u0113rots visiem \u0101das tipiem.&nbsp;<\/p>\n<p>Uzglab\u0101t t&deg; no +5 &deg;\u0421 l\u012bdz +25 &deg;\u0421, sarg\u0101jot no tie&scaron;iem saules stariem.&nbsp;<\/p>\n","protected":false},"excerpt":{"rendered":"<p>Maskas burbu\u013ci, kas rodas saskar\u0113 ar mitru \u0101du att\u012bra, sniedz vieglas mas\u0101\u017eas relaks\u0101cijas efektu un uzlabo \u0101du, pie&scaron;\u0137irot tai atp\u016btu&scaron;os izskatu. Hialuronsk\u0101be regul\u0113 \u0101das \u016bdens l\u012bdzsvaru, nov\u0113r&scaron; sasprindzin\u0101jumu un tvirtuma zudumu, uztur \u0101das maigumu, gludumu un jaun\u012bbu, rada \u0101das dabisk\u0101 mirdzuma efektu. Beta\u012bns no cukurbie&scaron;u sulas nodro&scaron;ina mitrino&scaron;as, m\u012bkstino&scaron;as un nomierino&scaron;as \u012bpa&scaron;\u012bbas.&nbsp; Lieto&scaron;ana: ar mas\u0113jo&scaron;\u0101m [&#8230;]\n","protected":false},"featured_media":89182,"template":"","meta":[],"product_cat":[1367],"product_tag":[],"class_list":{"0":"post-31373","1":"product","2":"type-product","3":"status-publish","4":"has-post-thumbnail","6":"product_brand-belkosmex_by","7":"product_cat-sejas-maskas","9":"first","10":"outofstock","11":"taxable","12":"shipping-taxable","13":"product-type-simple"},"_links":{"self":[{"href":"https:\/\/e.kosmolat.eu\/lv\/wp-json\/wp\/v2\/product\/31373","targetHints":{"allow":["GET"]}}],"collection":[{"href":"https:\/\/e.kosmolat.eu\/lv\/wp-json\/wp\/v2\/product"}],"about":[{"href":"https:\/\/e.kosmolat.eu\/lv\/wp-json\/wp\/v2\/types\/product"}],"wp:featuredmedia":[{"embeddable":true,"href":"https:\/\/e.kosmolat.eu\/lv\/wp-json\/wp\/v2\/media\/89182"}],"wp:attachment":[{"href":"https:\/\/e.kosmolat.eu\/lv\/wp-json\/wp\/v2\/media?parent=31373"}],"wp:term":[{"taxonomy":"product_cat","embeddable":true,"href":"https:\/\/e.kosmolat.eu\/lv\/wp-json\/wp\/v2\/product_cat?post=31373"},{"taxonomy":"product_tag","embeddable":true,"href":"https:\/\/e.kosmolat.eu\/lv\/wp-json\/wp\/v2\/product_tag?post=31373"}],"curies":[{"name":"wp","href":"https:\/\/api.w.org\/{rel}","templated":true}]}}