{"id":31365,"date":"2023-12-19T22:17:07","date_gmt":"2023-12-19T22:17:07","guid":{"rendered":"https:\/\/e.kosmolat.eu\/product\/sh-diena-un-nakts-dav-kompl-roku-kr-72-ml-nakts-roku-kr-72-ml\/"},"modified":"2025-09-20T02:09:30","modified_gmt":"2025-09-20T02:09:30","slug":"sh-diena-un-nakts-dav-kompl-roku-kr-72-ml-nakts-roku-kr-72-ml","status":"publish","type":"product","link":"https:\/\/e.kosmolat.eu\/lv\/product\/sh-diena-un-nakts-dav-kompl-roku-kr-72-ml-nakts-roku-kr-72-ml\/","title":{"rendered":"SH. Diena un Nakts D\u0101v. kompl.  (Roku kr., 72 ml + Nakts roku kr., 72 ml)"},"content":{"rendered":"<p><strong>D\u0101vanu komplekta saturs:<\/strong><br \/>\n1)&nbsp;&nbsp; &nbsp;Roku kr\u0113ms &ldquo;Barojo&scaron;s&rdquo; &#8211; 72 ml.<br \/>\nIntens\u012bvi izl\u012bdzina \u0101du, padarot to maigu un m\u012bkstu, pie&scaron;\u0137irot roku \u0101dai koptu izskatu.<\/p>\n<p>2)&nbsp;&nbsp; &nbsp;Nakts roku kr\u0113ms &ldquo;Atjaunojo&scaron;s&rdquo; &#8211; 72 ml.&nbsp;<br \/>\nNodro&scaron;ina pilnv\u0113rt\u012bgu roku \u0101das atjauno&scaron;anos, nov\u0113r&scaron;ot stresa faktoru sekas.<\/p>\n<p><strong>Lieto&scaron;ana:<\/strong> uzkl\u0101jiet kr\u0113mu uz t\u012bras, sausas roku \u0101das, viegli iemas\u0113jot, l\u012bdz tas piln\u012bb\u0101 uzs\u016bcas. Lietojiet p\u0113c nepiecie&scaron;am\u012bbas.<\/p>\n<p>Uzglab\u0101t temperat\u016br\u0101 no +5 &deg;\u0421 l\u012bdz +25 &deg;\u0421 saus\u0101 viet\u0101 prom no apkures ier\u012bc\u0113m, sarg\u0101jot no tie&scaron;iem saules stariem.<\/p>\n<p><strong>Der\u012bguma termi\u0146&scaron;: <\/strong>36 m\u0113ne&scaron;i no izgatavo&scaron;anas datuma. P\u0113c atv\u0113r&scaron;anas izlietot 6 m\u0113ne&scaron;u laik\u0101.<\/p>\n","protected":false},"excerpt":{"rendered":"<p>D\u0101vanu komplekta saturs: 1)&nbsp;&nbsp; &nbsp;Roku kr\u0113ms &ldquo;Barojo&scaron;s&rdquo; &#8211; 72 ml. Intens\u012bvi izl\u012bdzina \u0101du, padarot to maigu un m\u012bkstu, pie&scaron;\u0137irot roku \u0101dai koptu izskatu. 2)&nbsp;&nbsp; &nbsp;Nakts roku kr\u0113ms &ldquo;Atjaunojo&scaron;s&rdquo; &#8211; 72 ml.&nbsp; Nodro&scaron;ina pilnv\u0113rt\u012bgu roku \u0101das atjauno&scaron;anos, nov\u0113r&scaron;ot stresa faktoru sekas. Lieto&scaron;ana: uzkl\u0101jiet kr\u0113mu uz t\u012bras, sausas roku \u0101das, viegli iemas\u0113jot, l\u012bdz tas piln\u012bb\u0101 uzs\u016bcas. Lietojiet [&#8230;]\n","protected":false},"featured_media":89690,"template":"","meta":[],"product_cat":[1302],"product_tag":[],"class_list":{"0":"post-31365","1":"product","2":"type-product","3":"status-publish","4":"has-post-thumbnail","6":"product_brand-unilever-ua","7":"product_cat-roku-kopsanas-kosmetika","9":"first","10":"outofstock","11":"taxable","12":"shipping-taxable","13":"product-type-simple"},"_links":{"self":[{"href":"https:\/\/e.kosmolat.eu\/lv\/wp-json\/wp\/v2\/product\/31365","targetHints":{"allow":["GET"]}}],"collection":[{"href":"https:\/\/e.kosmolat.eu\/lv\/wp-json\/wp\/v2\/product"}],"about":[{"href":"https:\/\/e.kosmolat.eu\/lv\/wp-json\/wp\/v2\/types\/product"}],"wp:featuredmedia":[{"embeddable":true,"href":"https:\/\/e.kosmolat.eu\/lv\/wp-json\/wp\/v2\/media\/89690"}],"wp:attachment":[{"href":"https:\/\/e.kosmolat.eu\/lv\/wp-json\/wp\/v2\/media?parent=31365"}],"wp:term":[{"taxonomy":"product_cat","embeddable":true,"href":"https:\/\/e.kosmolat.eu\/lv\/wp-json\/wp\/v2\/product_cat?post=31365"},{"taxonomy":"product_tag","embeddable":true,"href":"https:\/\/e.kosmolat.eu\/lv\/wp-json\/wp\/v2\/product_tag?post=31365"}],"curies":[{"name":"wp","href":"https:\/\/api.w.org\/{rel}","templated":true}]}}