{"id":31361,"date":"2023-12-19T22:16:41","date_gmt":"2023-12-19T22:16:41","guid":{"rendered":"https:\/\/e.kosmolat.eu\/product\/sh-davanu-kompl-luxury-collection-roku-kr-gels-72-ml-roku-kr-72-ml\/"},"modified":"2025-09-20T02:09:17","modified_gmt":"2025-09-20T02:09:17","slug":"sh-davanu-kompl-luxury-collection-roku-kr-gels-72-ml-roku-kr-72-ml","status":"publish","type":"product","link":"https:\/\/e.kosmolat.eu\/lv\/product\/sh-davanu-kompl-luxury-collection-roku-kr-gels-72-ml-roku-kr-72-ml\/","title":{"rendered":"SH D\u0101vanu kompl. Luxury Collection (Roku kr.-gels, 72 ml + Roku kr., 72 ml)"},"content":{"rendered":"<p><strong>D\u0101vanu komplekts satur:<\/strong><br \/>\n1)&nbsp;&nbsp; &nbsp;Roku kr\u0113ms-gels &nbsp;&ldquo;Svaigums&rdquo; &#8211; 72 ml.<br \/>\nViegla un pat\u012bkama tekst\u016bra. Sabalans\u0113ts akt\u012bvo sast\u0101vda\u013cu komplekss nodro&scaron;ina roku \u0101das pilnv\u0113rt\u012bgu kop&scaron;anu.<\/p>\n<p>2)&nbsp;&nbsp; &nbsp;Roku kr\u0113ms &ldquo;Karalisk\u0101 arg\u0101na&rdquo; &#8211; 72 ml.<br \/>\nBag\u0101tin\u0101ts ar dab\u012bgo arg\u0101ne\u013c\u013cu, neaizvietojam\u0101m omega sk\u0101b\u0113m, kas pies\u0101tina \u0101du ar v\u0113rt\u012bgiem mikroelementiem, padarot \u0101du maigu un z\u012bdainu.<\/p>\n<p><strong>Lieto&scaron;ana: <\/strong>uzkl\u0101jiet kr\u0113mu uz t\u012bras, sausas roku \u0101das, viegli iemas\u0113jot, l\u012bdz tas piln\u012bb\u0101 uzs\u016bcas. Lietojiet p\u0113c nepiecie&scaron;am\u012bbas.<\/p>\n<p>Uzglab\u0101t temperat\u016br\u0101 no +5 &deg;\u0421 l\u012bdz +25 &deg;\u0421 saus\u0101 viet\u0101 prom no apkures ier\u012bc\u0113m, sarg\u0101jot no tie&scaron;iem saules stariem.<\/p>\n<p><strong>Der\u012bguma termi\u0146&scaron;: <\/strong>36 m\u0113ne&scaron;i no izgatavo&scaron;anas datuma. P\u0113c atv\u0113r&scaron;anas izlietot 6 m\u0113ne&scaron;u laik\u0101.<br \/>\n&nbsp;<\/p>\n","protected":false},"excerpt":{"rendered":"<p>D\u0101vanu komplekts satur: 1)&nbsp;&nbsp; &nbsp;Roku kr\u0113ms-gels &nbsp;&ldquo;Svaigums&rdquo; &#8211; 72 ml. Viegla un pat\u012bkama tekst\u016bra. Sabalans\u0113ts akt\u012bvo sast\u0101vda\u013cu komplekss nodro&scaron;ina roku \u0101das pilnv\u0113rt\u012bgu kop&scaron;anu. 2)&nbsp;&nbsp; &nbsp;Roku kr\u0113ms &ldquo;Karalisk\u0101 arg\u0101na&rdquo; &#8211; 72 ml. Bag\u0101tin\u0101ts ar dab\u012bgo arg\u0101ne\u013c\u013cu, neaizvietojam\u0101m omega sk\u0101b\u0113m, kas pies\u0101tina \u0101du ar v\u0113rt\u012bgiem mikroelementiem, padarot \u0101du maigu un z\u012bdainu. Lieto&scaron;ana: uzkl\u0101jiet kr\u0113mu uz t\u012bras, sausas [&#8230;]\n","protected":false},"featured_media":89686,"template":"","meta":[],"product_cat":[1853],"product_tag":[],"class_list":{"0":"post-31361","1":"product","2":"type-product","3":"status-publish","4":"has-post-thumbnail","6":"product_brand-unilever-ua","7":"product_cat-davanu-komplekti-sievietem","9":"first","10":"outofstock","11":"taxable","12":"shipping-taxable","13":"product-type-simple"},"_links":{"self":[{"href":"https:\/\/e.kosmolat.eu\/lv\/wp-json\/wp\/v2\/product\/31361","targetHints":{"allow":["GET"]}}],"collection":[{"href":"https:\/\/e.kosmolat.eu\/lv\/wp-json\/wp\/v2\/product"}],"about":[{"href":"https:\/\/e.kosmolat.eu\/lv\/wp-json\/wp\/v2\/types\/product"}],"wp:featuredmedia":[{"embeddable":true,"href":"https:\/\/e.kosmolat.eu\/lv\/wp-json\/wp\/v2\/media\/89686"}],"wp:attachment":[{"href":"https:\/\/e.kosmolat.eu\/lv\/wp-json\/wp\/v2\/media?parent=31361"}],"wp:term":[{"taxonomy":"product_cat","embeddable":true,"href":"https:\/\/e.kosmolat.eu\/lv\/wp-json\/wp\/v2\/product_cat?post=31361"},{"taxonomy":"product_tag","embeddable":true,"href":"https:\/\/e.kosmolat.eu\/lv\/wp-json\/wp\/v2\/product_tag?post=31361"}],"curies":[{"name":"wp","href":"https:\/\/api.w.org\/{rel}","templated":true}]}}