{"id":31357,"date":"2023-12-19T22:16:16","date_gmt":"2023-12-19T22:16:16","guid":{"rendered":"https:\/\/e.kosmolat.eu\/product\/sh-dav-kompl-maiga-mitrin-kremziep-230-ml-roku-kr-72-ml\/"},"modified":"2025-09-20T02:09:02","modified_gmt":"2025-09-20T02:09:02","slug":"sh-dav-kompl-maiga-mitrin-kremziep-230-ml-roku-kr-72-ml","status":"publish","type":"product","link":"https:\/\/e.kosmolat.eu\/lv\/product\/sh-dav-kompl-maiga-mitrin-kremziep-230-ml-roku-kr-72-ml\/","title":{"rendered":"SH D\u0101v.kompl. Maiga mitrin. (Kr\u0113mziep., 230 ml + Roku kr., 72 ml)"},"content":{"rendered":"<p><strong>D\u0101vanu komplekts satur:<\/strong><\/p>\n<p>1) Kr\u0113mziepes &nbsp;&ldquo;Mitrin\u0101&scaron;ana un m\u012bkstin\u0101&scaron;ana&rdquo;, 230 ml.<br \/>\nEfekt\u012bvi att\u012bra, neizjaucot roku \u0101das dabisko pH l\u012bdzsvaru. Kr\u0113mziepju formula ar ol\u012bve\u013c\u013cu un m\u012bkstino&scaron;\u0101m sast\u0101vda\u013c\u0101m nodro&scaron;ina \u0101das mitrin\u0101&scaron;anu mazg\u0101&scaron;anas laik\u0101.<\/p>\n<p><strong>Lieto&scaron;ana:<\/strong> uzkl\u0101t nelielu daudzumu ziepju uz mitras \u0101das, pamas\u0113t, saputot, noskalot ar \u016bdeni.<\/p>\n<p>2) Roku kr\u0113ms &ldquo;Mitrin\u0101&scaron;ana&rdquo;, 72 ml.<br \/>\nViegla tekst\u016bra un \u0101tra uzs\u016bk&scaron;an\u0101s. Ar mikroe\u013c\u013c\u0101m, z\u012bda prote\u012bniem un hialuronsk\u0101bi bag\u0101tin\u0101t\u0101 formula mitrina un m\u012bkstina \u0101du, nov\u0113r&scaron; mitruma zudumu, stiprina \u0101das aizsargmeh\u0101nismus, padarot \u0101du elast\u012bgu un z\u012bdainu.<\/p>\n<p><strong>Lieto&scaron;ana: <\/strong>uzkl\u0101t kr\u0113mu uz t\u012bras, sausas roku \u0101das, viegli iemas\u0113jot, l\u012bdz tas piln\u012bb\u0101 uzs\u016bcas. Lietot p\u0113c nepiecie&scaron;am\u012bbas.<\/p>\n<p>Uzglab\u0101t temperat\u016br\u0101 no +5 &deg;\u0421 l\u012bdz +25 &deg;\u0421 saus\u0101 viet\u0101 prom no apkures ier\u012bc\u0113m, sarg\u0101jot no tie&scaron;iem saules stariem.<\/p>\n<p>\n&nbsp;<\/p>\n","protected":false},"excerpt":{"rendered":"<p>D\u0101vanu komplekts satur: 1) Kr\u0113mziepes &nbsp;&ldquo;Mitrin\u0101&scaron;ana un m\u012bkstin\u0101&scaron;ana&rdquo;, 230 ml. Efekt\u012bvi att\u012bra, neizjaucot roku \u0101das dabisko pH l\u012bdzsvaru. Kr\u0113mziepju formula ar ol\u012bve\u013c\u013cu un m\u012bkstino&scaron;\u0101m sast\u0101vda\u013c\u0101m nodro&scaron;ina \u0101das mitrin\u0101&scaron;anu mazg\u0101&scaron;anas laik\u0101. Lieto&scaron;ana: uzkl\u0101t nelielu daudzumu ziepju uz mitras \u0101das, pamas\u0113t, saputot, noskalot ar \u016bdeni. 2) Roku kr\u0113ms &ldquo;Mitrin\u0101&scaron;ana&rdquo;, 72 ml. Viegla tekst\u016bra un \u0101tra uzs\u016bk&scaron;an\u0101s. Ar [&#8230;]\n","protected":false},"featured_media":89682,"template":"","meta":[],"product_cat":[1853],"product_tag":[],"class_list":{"0":"post-31357","1":"product","2":"type-product","3":"status-publish","4":"has-post-thumbnail","6":"product_brand-unilever-ua","7":"product_cat-davanu-komplekti-sievietem","9":"first","10":"outofstock","11":"taxable","12":"shipping-taxable","13":"product-type-simple"},"_links":{"self":[{"href":"https:\/\/e.kosmolat.eu\/lv\/wp-json\/wp\/v2\/product\/31357","targetHints":{"allow":["GET"]}}],"collection":[{"href":"https:\/\/e.kosmolat.eu\/lv\/wp-json\/wp\/v2\/product"}],"about":[{"href":"https:\/\/e.kosmolat.eu\/lv\/wp-json\/wp\/v2\/types\/product"}],"wp:featuredmedia":[{"embeddable":true,"href":"https:\/\/e.kosmolat.eu\/lv\/wp-json\/wp\/v2\/media\/89682"}],"wp:attachment":[{"href":"https:\/\/e.kosmolat.eu\/lv\/wp-json\/wp\/v2\/media?parent=31357"}],"wp:term":[{"taxonomy":"product_cat","embeddable":true,"href":"https:\/\/e.kosmolat.eu\/lv\/wp-json\/wp\/v2\/product_cat?post=31357"},{"taxonomy":"product_tag","embeddable":true,"href":"https:\/\/e.kosmolat.eu\/lv\/wp-json\/wp\/v2\/product_tag?post=31357"}],"curies":[{"name":"wp","href":"https:\/\/api.w.org\/{rel}","templated":true}]}}